{"id":7480,"date":"2026-03-11T16:09:33","date_gmt":"2026-03-11T16:09:33","guid":{"rendered":"https:\/\/institutodependencia.edu.es\/?post_type=product&#038;p=7480"},"modified":"2026-03-11T16:09:33","modified_gmt":"2026-03-11T16:09:33","slug":"liderazgo-compartido-y-cohesion-de-equipos","status":"publish","type":"product","link":"https:\/\/institutodependencia.edu.es\/pt_br\/product\/liderazgo-compartido-y-cohesion-de-equipos\/","title":{"rendered":"Liderazgo compartido y cohesi\u00f3n de equipos"},"content":{"rendered":"<p data-start=\"98\" data-end=\"540\"><strong>Calendario: 27de Mayo y 3, 10 y 17de Junio 2026<br \/>\nHorario: de 16:00 h. a 18:30 h<\/strong><\/p>\n<p>El curso de <strong data-start=\"110\" data-end=\"190\">Liderazgo Transformacional y Cohesi\u00f3n de Equipos en el \u00c1mbito Sociosanitario<\/strong> est\u00e1 dise\u00f1ado para impulsar equipos m\u00e1s comprometidos, coordinados y resilientes. A trav\u00e9s de metodolog\u00edas activas y participativas, esta formaci\u00f3n proporciona herramientas pr\u00e1cticas para fortalecer la colaboraci\u00f3n interdisciplinar, mejorar la comunicaci\u00f3n en contextos de alta exigencia y transformar los conflictos en oportunidades de crecimiento.<\/p>\n<p data-start=\"542\" data-end=\"945\">Durante el programa, el alumnado desarrollar\u00e1 competencias clave en<strong> inteligencia emocional,<\/strong> <strong>neurocomunicaci\u00f3n y gesti\u00f3n constructiva de equipos,<\/strong> alineando valores y cultura organizacional con un liderazgo inspirador y sostenible. Adem\u00e1s, se trabajar\u00e1 en la creaci\u00f3n de planes de mejora reales y aplicables que impacten directamente en la calidad asistencial, el clima laboral y la retenci\u00f3n del talento.<\/p>","protected":false},"excerpt":{"rendered":"<p>El curso de <strong data-start=\"110\" data-end=\"190\">Liderazgo Transformacional y Cohesi\u00f3n de Equipos en el \u00c1mbito Sociosanitario<\/strong> est\u00e1 dise\u00f1ado para impulsar equipos m\u00e1s comprometidos, coordinados y resilientes. A trav\u00e9s de metodolog\u00edas activas y participativas, esta formaci\u00f3n proporciona herramientas pr\u00e1cticas para fortalecer la colaboraci\u00f3n interdisciplinar, mejorar la comunicaci\u00f3n en contextos de alta exigencia y transformar los conflictos en oportunidades de crecimiento.<\/p>","protected":false},"featured_media":7482,"comment_status":"open","ping_status":"closed","template":"","meta":{"_jf_limit_responses":"","codigo-producto":"2102-A","costo-gestion":"15.73"},"product_brand":[],"product_cat":[15],"product_tag":[],"class_list":{"0":"post-7480","1":"product","2":"type-product","3":"status-publish","4":"has-post-thumbnail","6":"product_cat-uncategorized","8":"first","9":"instock","10":"shipping-taxable","11":"purchasable","12":"product-type-simple"},"_links":{"self":[{"href":"https:\/\/institutodependencia.edu.es\/pt_br\/wp-json\/wp\/v2\/product\/7480","targetHints":{"allow":["GET"]}}],"collection":[{"href":"https:\/\/institutodependencia.edu.es\/pt_br\/wp-json\/wp\/v2\/product"}],"about":[{"href":"https:\/\/institutodependencia.edu.es\/pt_br\/wp-json\/wp\/v2\/types\/product"}],"replies":[{"embeddable":true,"href":"https:\/\/institutodependencia.edu.es\/pt_br\/wp-json\/wp\/v2\/comments?post=7480"}],"version-history":[{"count":1,"href":"https:\/\/institutodependencia.edu.es\/pt_br\/wp-json\/wp\/v2\/product\/7480\/revisions"}],"predecessor-version":[{"id":7483,"href":"https:\/\/institutodependencia.edu.es\/pt_br\/wp-json\/wp\/v2\/product\/7480\/revisions\/7483"}],"wp:featuredmedia":[{"embeddable":true,"href":"https:\/\/institutodependencia.edu.es\/pt_br\/wp-json\/wp\/v2\/media\/7482"}],"wp:attachment":[{"href":"https:\/\/institutodependencia.edu.es\/pt_br\/wp-json\/wp\/v2\/media?parent=7480"}],"wp:term":[{"taxonomy":"product_brand","embeddable":true,"href":"https:\/\/institutodependencia.edu.es\/pt_br\/wp-json\/wp\/v2\/product_brand?post=7480"},{"taxonomy":"product_cat","embeddable":true,"href":"https:\/\/institutodependencia.edu.es\/pt_br\/wp-json\/wp\/v2\/product_cat?post=7480"},{"taxonomy":"product_tag","embeddable":true,"href":"https:\/\/institutodependencia.edu.es\/pt_br\/wp-json\/wp\/v2\/product_tag?post=7480"}],"curies":[{"name":"wp","href":"https:\/\/api.w.org\/{rel}","templated":true}]}}