{"id":7476,"date":"2026-03-11T16:09:33","date_gmt":"2026-03-11T16:09:33","guid":{"rendered":"https:\/\/institutodependencia.edu.es\/?post_type=product&#038;p=7476"},"modified":"2026-03-11T17:56:06","modified_gmt":"2026-03-11T17:56:06","slug":"jardines-terapeuticos-palmof-aproximacion-metodologica","status":"publish","type":"product","link":"https:\/\/institutodependencia.edu.es\/pt_br\/product\/jardines-terapeuticos-palmof-aproximacion-metodologica\/","title":{"rendered":"Jardines terap\u00e9uticos Palm\u00f6f &#8211; Aproximaci\u00f3n metodol\u00f3gica"},"content":{"rendered":"<p><span class=\"a_GcMg font-feature-liga-off font-feature-clig-off font-feature-calt-off text-decoration-none text-strikethrough-none\">\u00bfTe imaginas<strong> un jard\u00edn <\/strong>que cuida tanto como inspira?<\/span><span class=\"a_GcMg font-feature-liga-off font-feature-clig-off font-feature-calt-off text-decoration-none text-strikethrough-none\"> Foro T\u00e9cnico de Formaci\u00f3n y Jardines Terap\u00e9uticos Palml\u00f6f\u00ae lanzan en 2026 <strong>una formaci\u00f3n para transformar jardines en espacios terap\u00e9uticos<\/strong> que fomentan la autonom\u00eda, la estimulaci\u00f3n sensorial y el bienestar.<\/span><\/p>\n<p><span class=\"a_GcMg font-feature-liga-off font-feature-clig-off font-feature-calt-off text-decoration-none text-strikethrough-none\">Dirigida a centros residenciales y profesionales sociosanitarios, <\/span><span class=\"a_GcMg font-feature-liga-off font-feature-clig-off font-feature-calt-off text-decoration-none text-strikethrough-none\">combina teor\u00eda y pr\u00e1ctica para dise\u00f1ar actividades<\/span><span class=\"a_GcMg font-feature-liga-off font-feature-clig-off font-feature-calt-off text-decoration-none text-strikethrough-none\"> al aire libre alineadas con el envejecimiento activo. La metodolog\u00eda Palml\u00f6f\u00ae convierte el jard\u00edn en un activo estrat\u00e9gico con beneficios medibles.<\/span><\/p>\n<p><span class=\"a_GcMg font-feature-liga-off font-feature-clig-off font-feature-calt-off text-decoration-none text-strikethrough-none\">Da el paso hacia una atenci\u00f3n m\u00e1s humanizada e innovadora, potenciando el <\/span><span class=\"a_GcMg font-feature-liga-off font-feature-clig-off font-feature-calt-off text-decoration-none text-strikethrough-none\">bienestar emocional con terapias no farmacol\u00f3gicas<\/span><span class=\"a_GcMg font-feature-liga-off font-feature-clig-off font-feature-calt-off text-decoration-none text-strikethrough-none\"> basadas en la evidencia.<\/span><\/p>\n<p><span class=\"a_GcMg font-feature-liga-off font-feature-clig-off font-feature-calt-off text-decoration-none text-strikethrough-none\">Una formaci\u00f3n dise\u00f1ada para profesionales sociosanitarios que quieren integrar los jardines terap\u00e9uticos en su pr\u00e1ctica asistencial y potenciar el bienestar de sus pacientes.\u00a0<strong> \u00a1Transformemos juntos el cuidado de las personas!<\/strong><\/span><\/p>\n<p><img decoding=\"async\" class=\"alignnone size-full wp-image-7556\" src=\"https:\/\/institutodependencia.edu.es\/wp-content\/uploads\/2026\/03\/jdjdjd.png\" alt=\"\" width=\"161\" height=\"118\" srcset=\"https:\/\/institutodependencia.edu.es\/wp-content\/uploads\/2026\/03\/jdjdjd.png 161w, https:\/\/institutodependencia.edu.es\/wp-content\/uploads\/2026\/03\/jdjdjd-16x12.png 16w, https:\/\/institutodependencia.edu.es\/wp-content\/uploads\/2026\/03\/jdjdjd-64x47.png 64w\" sizes=\"(max-width: 161px) 100vw, 161px\" \/><\/p>","protected":false},"excerpt":{"rendered":"<p>\u00bfTe imaginas un jard\u00edn que cuida tanto como inspira? Foro T\u00e9cnico de Formaci\u00f3n y Jardines Terap\u00e9uticos Palml\u00f6f\u00ae lanzan en 2026 una formaci\u00f3n para transformar jardines en espacios terap\u00e9uticos que fomentan la autonom\u00eda, la estimulaci\u00f3n sensorial y el bienestar. Dirigida a centros residenciales y profesionales sociosanitarios, combina teor\u00eda y pr\u00e1ctica para dise\u00f1ar actividades al aire libre [&hellip;]<\/p>\n","protected":false},"featured_media":7478,"comment_status":"open","ping_status":"closed","template":"","meta":{"_jf_limit_responses":"","codigo-producto":"2391-A","costo-gestion":"7.26"},"product_brand":[],"product_cat":[15],"product_tag":[],"class_list":{"0":"post-7476","1":"product","2":"type-product","3":"status-publish","4":"has-post-thumbnail","6":"product_cat-uncategorized","8":"first","9":"instock","10":"shipping-taxable","11":"purchasable","12":"product-type-simple"},"_links":{"self":[{"href":"https:\/\/institutodependencia.edu.es\/pt_br\/wp-json\/wp\/v2\/product\/7476","targetHints":{"allow":["GET"]}}],"collection":[{"href":"https:\/\/institutodependencia.edu.es\/pt_br\/wp-json\/wp\/v2\/product"}],"about":[{"href":"https:\/\/institutodependencia.edu.es\/pt_br\/wp-json\/wp\/v2\/types\/product"}],"replies":[{"embeddable":true,"href":"https:\/\/institutodependencia.edu.es\/pt_br\/wp-json\/wp\/v2\/comments?post=7476"}],"version-history":[{"count":5,"href":"https:\/\/institutodependencia.edu.es\/pt_br\/wp-json\/wp\/v2\/product\/7476\/revisions"}],"predecessor-version":[{"id":7563,"href":"https:\/\/institutodependencia.edu.es\/pt_br\/wp-json\/wp\/v2\/product\/7476\/revisions\/7563"}],"wp:featuredmedia":[{"embeddable":true,"href":"https:\/\/institutodependencia.edu.es\/pt_br\/wp-json\/wp\/v2\/media\/7478"}],"wp:attachment":[{"href":"https:\/\/institutodependencia.edu.es\/pt_br\/wp-json\/wp\/v2\/media?parent=7476"}],"wp:term":[{"taxonomy":"product_brand","embeddable":true,"href":"https:\/\/institutodependencia.edu.es\/pt_br\/wp-json\/wp\/v2\/product_brand?post=7476"},{"taxonomy":"product_cat","embeddable":true,"href":"https:\/\/institutodependencia.edu.es\/pt_br\/wp-json\/wp\/v2\/product_cat?post=7476"},{"taxonomy":"product_tag","embeddable":true,"href":"https:\/\/institutodependencia.edu.es\/pt_br\/wp-json\/wp\/v2\/product_tag?post=7476"}],"curies":[{"name":"wp","href":"https:\/\/api.w.org\/{rel}","templated":true}]}}