{"id":7276,"date":"2025-07-15T11:16:00","date_gmt":"2025-07-15T11:16:00","guid":{"rendered":"https:\/\/institutodependencia.edu.es\/?post_type=product&#038;p=7276"},"modified":"2025-07-15T11:16:00","modified_gmt":"2025-07-15T11:16:00","slug":"inteligencia-emocional","status":"publish","type":"product","link":"https:\/\/institutodependencia.edu.es\/pt_br\/product\/inteligencia-emocional\/","title":{"rendered":"Inteligencia emocional"},"content":{"rendered":"<p>Este curso est\u00e1 orientado a dotar a los profesionales de herramientas basadas en la inteligencia emocional para gestionar de forma positiva sus emociones, mejorar sus relaciones personales y profesionales, y fortalecer la din\u00e1mica de equipo. A trav\u00e9s del desarrollo de habilidades como la autoconciencia, la autorregulaci\u00f3n, la comunicaci\u00f3n asertiva y la empat\u00eda, se busca promover un entorno laboral m\u00e1s saludable, colaborativo y orientado a la excelencia.<\/p>\n<p>Las personas participantes aprender\u00e1n a identificar sus propias emociones y las de los dem\u00e1s, comprender c\u00f3mo influyen en su comportamiento y utilizar esa informaci\u00f3n para tomar decisiones m\u00e1s conscientes. Adem\u00e1s, se trabajar\u00e1 en la mejora del conocimiento de uno mismo y de los miembros del equipo, as\u00ed como en la comprensi\u00f3n de las necesidades emocionales de las personas usuarias y sus familias.<\/p>\n<p>Una formaci\u00f3n esencial para quienes desean crecer personal y profesionalmente, reforzar el trabajo en equipo y ofrecer un servicio de mayor calidad desde una perspectiva emocionalmente inteligente.<\/p>","protected":false},"excerpt":{"rendered":"<p>Aprende a gestionar tus emociones de forma positiva, mejorar la comunicaci\u00f3n y fortalecer tus relaciones personales y profesionales. Esta formaci\u00f3n te ayudar\u00e1 a desarrollar habilidades clave como la empat\u00eda, la autorregulaci\u00f3n y la asertividad para crecer como persona y como profesional, promoviendo un entorno de trabajo m\u00e1s saludable y eficaz.<\/p>","protected":false},"featured_media":7279,"comment_status":"open","ping_status":"closed","template":"","meta":{"_jf_limit_responses":"","codigo-producto":"2076-A","costo-gestion":"3.63"},"product_brand":[],"product_cat":[15],"product_tag":[],"class_list":{"0":"post-7276","1":"product","2":"type-product","3":"status-publish","4":"has-post-thumbnail","6":"product_cat-uncategorized","8":"first","9":"instock","10":"shipping-taxable","11":"purchasable","12":"product-type-simple"},"_links":{"self":[{"href":"https:\/\/institutodependencia.edu.es\/pt_br\/wp-json\/wp\/v2\/product\/7276","targetHints":{"allow":["GET"]}}],"collection":[{"href":"https:\/\/institutodependencia.edu.es\/pt_br\/wp-json\/wp\/v2\/product"}],"about":[{"href":"https:\/\/institutodependencia.edu.es\/pt_br\/wp-json\/wp\/v2\/types\/product"}],"replies":[{"embeddable":true,"href":"https:\/\/institutodependencia.edu.es\/pt_br\/wp-json\/wp\/v2\/comments?post=7276"}],"version-history":[{"count":1,"href":"https:\/\/institutodependencia.edu.es\/pt_br\/wp-json\/wp\/v2\/product\/7276\/revisions"}],"predecessor-version":[{"id":7278,"href":"https:\/\/institutodependencia.edu.es\/pt_br\/wp-json\/wp\/v2\/product\/7276\/revisions\/7278"}],"wp:featuredmedia":[{"embeddable":true,"href":"https:\/\/institutodependencia.edu.es\/pt_br\/wp-json\/wp\/v2\/media\/7279"}],"wp:attachment":[{"href":"https:\/\/institutodependencia.edu.es\/pt_br\/wp-json\/wp\/v2\/media?parent=7276"}],"wp:term":[{"taxonomy":"product_brand","embeddable":true,"href":"https:\/\/institutodependencia.edu.es\/pt_br\/wp-json\/wp\/v2\/product_brand?post=7276"},{"taxonomy":"product_cat","embeddable":true,"href":"https:\/\/institutodependencia.edu.es\/pt_br\/wp-json\/wp\/v2\/product_cat?post=7276"},{"taxonomy":"product_tag","embeddable":true,"href":"https:\/\/institutodependencia.edu.es\/pt_br\/wp-json\/wp\/v2\/product_tag?post=7276"}],"curies":[{"name":"wp","href":"https:\/\/api.w.org\/{rel}","templated":true}]}}