{"id":7235,"date":"2025-05-29T14:31:52","date_gmt":"2025-05-29T14:31:52","guid":{"rendered":"https:\/\/institutodependencia.edu.es\/?post_type=product&#038;p=7235"},"modified":"2025-09-19T09:43:39","modified_gmt":"2025-09-19T09:43:39","slug":"creatividad-como-despertador-de-la-motivacion","status":"publish","type":"product","link":"https:\/\/institutodependencia.edu.es\/pt_br\/product\/creatividad-como-despertador-de-la-motivacion\/","title":{"rendered":"Creatividad como despertador de la motivaci\u00f3n"},"content":{"rendered":"<p>\u00bfLa creatividad es solo para artistas? Nada m\u00e1s lejos de la realidad. Este curso te invita a descubrir c\u00f3mo la creatividad puede convertirse en una herramienta poderosa para impulsar la motivaci\u00f3n, resolver problemas cotidianos y adaptarte con flexibilidad a los cambios.<\/p>\n<p>A trav\u00e9s de un enfoque pr\u00e1ctico, aprender\u00e1s qu\u00e9 es realmente la creatividad, c\u00f3mo desarrollarla y entrenarla, y cu\u00e1les son sus beneficios en distintos entornos, desde lo personal hasta lo profesional. Conocer\u00e1s el modelo de Teresa Amabile, recorrer\u00e1s las fases del proceso creativo y te sumergir\u00e1s en t\u00e9cnicas como SCAMPER, Visual Thinking, el Mapa Mental o el Collage Creativo, entre muchas otras.<\/p>\n<p>Adem\u00e1s, adquirir\u00e1s claves para construir un h\u00e1bito creativo sostenible y aprender\u00e1s a aplicar el pensamiento creativo ante los desaf\u00edos del d\u00eda a d\u00eda.<\/p>\n<p>Una formaci\u00f3n ideal para quienes quieren despertar su potencial innovador y motivacional, y transformar su forma de pensar y actuar.<\/p>","protected":false},"excerpt":{"rendered":"<p>Descubre c\u00f3mo potenciar tu creatividad para afrontar retos diarios, desarrollar nuevas ideas y mantener la motivaci\u00f3n. Aprende t\u00e9cnicas pr\u00e1cticas, entrena tu pensamiento creativo y construye un h\u00e1bito que transforme tu forma de ver y resolver problemas.<\/p>","protected":false},"featured_media":7238,"comment_status":"open","ping_status":"closed","template":"","meta":{"_jf_limit_responses":"","codigo-producto":"2082-A","costo-gestion":"2.72"},"product_brand":[],"product_cat":[15],"product_tag":[],"class_list":{"0":"post-7235","1":"product","2":"type-product","3":"status-publish","4":"has-post-thumbnail","6":"product_cat-uncategorized","8":"first","9":"instock","10":"shipping-taxable","11":"purchasable","12":"product-type-simple"},"_links":{"self":[{"href":"https:\/\/institutodependencia.edu.es\/pt_br\/wp-json\/wp\/v2\/product\/7235","targetHints":{"allow":["GET"]}}],"collection":[{"href":"https:\/\/institutodependencia.edu.es\/pt_br\/wp-json\/wp\/v2\/product"}],"about":[{"href":"https:\/\/institutodependencia.edu.es\/pt_br\/wp-json\/wp\/v2\/types\/product"}],"replies":[{"embeddable":true,"href":"https:\/\/institutodependencia.edu.es\/pt_br\/wp-json\/wp\/v2\/comments?post=7235"}],"version-history":[{"count":1,"href":"https:\/\/institutodependencia.edu.es\/pt_br\/wp-json\/wp\/v2\/product\/7235\/revisions"}],"predecessor-version":[{"id":7237,"href":"https:\/\/institutodependencia.edu.es\/pt_br\/wp-json\/wp\/v2\/product\/7235\/revisions\/7237"}],"wp:featuredmedia":[{"embeddable":true,"href":"https:\/\/institutodependencia.edu.es\/pt_br\/wp-json\/wp\/v2\/media\/7238"}],"wp:attachment":[{"href":"https:\/\/institutodependencia.edu.es\/pt_br\/wp-json\/wp\/v2\/media?parent=7235"}],"wp:term":[{"taxonomy":"product_brand","embeddable":true,"href":"https:\/\/institutodependencia.edu.es\/pt_br\/wp-json\/wp\/v2\/product_brand?post=7235"},{"taxonomy":"product_cat","embeddable":true,"href":"https:\/\/institutodependencia.edu.es\/pt_br\/wp-json\/wp\/v2\/product_cat?post=7235"},{"taxonomy":"product_tag","embeddable":true,"href":"https:\/\/institutodependencia.edu.es\/pt_br\/wp-json\/wp\/v2\/product_tag?post=7235"}],"curies":[{"name":"wp","href":"https:\/\/api.w.org\/{rel}","templated":true}]}}