{"id":7129,"date":"2025-02-18T14:59:17","date_gmt":"2025-02-18T14:59:17","guid":{"rendered":"https:\/\/institutodependencia.edu.es\/?post_type=product&#038;p=7129"},"modified":"2025-02-18T14:59:17","modified_gmt":"2025-02-18T14:59:17","slug":"medidas-alternativas-a-las-sujeciones-prevencion-de-agresiones-involuntarias","status":"publish","type":"product","link":"https:\/\/institutodependencia.edu.es\/pt_br\/product\/medidas-alternativas-a-las-sujeciones-prevencion-de-agresiones-involuntarias\/","title":{"rendered":"Medidas alternativas a las sujeciones: prevenci\u00f3n de agresiones involuntarias"},"content":{"rendered":"","protected":false},"excerpt":{"rendered":"<p>En el marco de las medidas alternativas a las sujeciones, este curso ofrece herramientas clave para anticiparse y gestionar situaciones de agitaci\u00f3n o escalada agresiva en entornos residenciales, promoviendo el buen trato y el respeto a su dignidad en el marco de un modelo de Atenci\u00f3n Centrada en la Persona (ACP).<\/p>\n<p>A trav\u00e9s de estrategias de abordaje verbal, desarrollo de actitudes terap\u00e9uticas y t\u00e9cnicas de contenci\u00f3n segura, los profesionales aprender\u00e1n a interpretar se\u00f1ales verbales y no verbales, prevenir episodios de agresividad involuntaria y gestionar su propia respuesta ante estos escenarios.<\/p>\n<p>Con un enfoque pr\u00e1ctico y reflexivo, esta formaci\u00f3n permite mejorar la seguridad y calidad del cuidado, optimizando la comunicaci\u00f3n y reduciendo el impacto traum\u00e1tico tanto en las personas usuarias como en los equipos profesionales.<\/p>","protected":false},"featured_media":7131,"comment_status":"open","ping_status":"closed","template":"","meta":{"_jf_limit_responses":"","codigo-producto":"2068-A","costo-gestion":"12.71"},"product_brand":[],"product_cat":[15],"product_tag":[],"class_list":{"0":"post-7129","1":"product","2":"type-product","3":"status-publish","4":"has-post-thumbnail","6":"product_cat-uncategorized","8":"first","9":"instock","10":"shipping-taxable","11":"purchasable","12":"product-type-simple"},"_links":{"self":[{"href":"https:\/\/institutodependencia.edu.es\/pt_br\/wp-json\/wp\/v2\/product\/7129","targetHints":{"allow":["GET"]}}],"collection":[{"href":"https:\/\/institutodependencia.edu.es\/pt_br\/wp-json\/wp\/v2\/product"}],"about":[{"href":"https:\/\/institutodependencia.edu.es\/pt_br\/wp-json\/wp\/v2\/types\/product"}],"replies":[{"embeddable":true,"href":"https:\/\/institutodependencia.edu.es\/pt_br\/wp-json\/wp\/v2\/comments?post=7129"}],"version-history":[{"count":2,"href":"https:\/\/institutodependencia.edu.es\/pt_br\/wp-json\/wp\/v2\/product\/7129\/revisions"}],"predecessor-version":[{"id":7139,"href":"https:\/\/institutodependencia.edu.es\/pt_br\/wp-json\/wp\/v2\/product\/7129\/revisions\/7139"}],"wp:featuredmedia":[{"embeddable":true,"href":"https:\/\/institutodependencia.edu.es\/pt_br\/wp-json\/wp\/v2\/media\/7131"}],"wp:attachment":[{"href":"https:\/\/institutodependencia.edu.es\/pt_br\/wp-json\/wp\/v2\/media?parent=7129"}],"wp:term":[{"taxonomy":"product_brand","embeddable":true,"href":"https:\/\/institutodependencia.edu.es\/pt_br\/wp-json\/wp\/v2\/product_brand?post=7129"},{"taxonomy":"product_cat","embeddable":true,"href":"https:\/\/institutodependencia.edu.es\/pt_br\/wp-json\/wp\/v2\/product_cat?post=7129"},{"taxonomy":"product_tag","embeddable":true,"href":"https:\/\/institutodependencia.edu.es\/pt_br\/wp-json\/wp\/v2\/product_tag?post=7129"}],"curies":[{"name":"wp","href":"https:\/\/api.w.org\/{rel}","templated":true}]}}