{"id":7108,"date":"2025-01-23T15:31:00","date_gmt":"2025-01-23T15:31:00","guid":{"rendered":"https:\/\/institutodependencia.edu.es\/?post_type=product&#038;p=7108"},"modified":"2025-09-01T08:50:36","modified_gmt":"2025-09-01T08:50:36","slug":"direccion-y-gestion-de-centros-y-servicios-para-la-dependencia","status":"publish","type":"product","link":"https:\/\/institutodependencia.edu.es\/pt_br\/product\/direccion-y-gestion-de-centros-y-servicios-para-la-dependencia\/","title":{"rendered":"Direcci\u00f3n y gesti\u00f3n de centros y servicios para la dependencia"},"content":{"rendered":"<p>Programa de forma\u00e7\u00e3o supervisionado pela Unidade Externa de Supervis\u00e3o de Forma\u00e7\u00e3o da Universidade Francisco de Vit\u00f3ria. Possui um corpo docente de perfil multidisciplinar com forma\u00e7\u00e3o t\u00e9cnica superior nas seguintes \u00e1reas:<\/p>\n<ul>\n<li>\u00c1rea Gesti\u00f3n Empresarial: RRHH, Contabilidad, Finanzas, Legal.<\/li>\n<li>\u00c1rea Asistencial: Medicina, Enfermer\u00eda, Psiquiatr\u00eda.<\/li>\n<li>\u00c1rea Psicosocial: Psicolog\u00eda, Trabajo Social, Terapia Ocupacional, Educaci\u00f3n Social, Pedagog\u00eda.<\/li>\n<\/ul>\n<p>Esta forma\u00e7\u00e3o \u00e9 composta por 7 m\u00f3dulos, cada um deles aprofundando uma \u00e1rea relevante na gest\u00e3o \u00f3ptima do centro: recursos humanos, economia, qualidade, preven\u00e7\u00e3o de riscos... Cada um destes m\u00f3dulos ser\u00e1 orientado por um profissional especializado que ir\u00e1 acompanh\u00e1-lo em todo o processo de aprendizagem. Voc\u00ea pode entrar em contato conosco atrav\u00e9s do servi\u00e7o de mensagens da plataforma para nos enviar suas d\u00favidas.<\/p>\n<p>Em cada m\u00f3dulo s\u00e3o ministradas sess\u00f5es de refor\u00e7o por videoconfer\u00eancia (Sala de Aula Virtual) nas quais voc\u00ea pode aproveitar para conhecer seus colegas e compartilhar d\u00favidas e ideias.<\/p>\n<p>Durante a forma\u00e7\u00e3o dever\u00e1 preparar um projeto final com a ajuda e orienta\u00e7\u00e3o de especialistas e sess\u00f5es de mentoria para alcan\u00e7ar um projeto sustent\u00e1vel e realista.<\/p>\n<p>Pergunte-nos!<\/p>","protected":false},"excerpt":{"rendered":"<p><span class=\"yt-core-attributed-string yt-core-attributed-string--white-space-pre-wrap\"><span class=\"yt-core-attributed-string--link-inherit-color\">El curso de Direcci\u00f3n y gesti\u00f3n de centros y servicios para la dependencia, te habilita para ejercer funciones de direcci\u00f3n en cualquier recurso del \u00e1mbito de la Dependencia (centros residenciales, centros de d\u00eda, centros de atenci\u00f3n a personas con discapacidad).<\/span><\/span><\/p>\n<p><span class=\"yt-core-attributed-string yt-core-attributed-string--white-space-pre-wrap\"><span class=\"yt-core-attributed-string--link-inherit-color\">El curso de Direcci\u00f3n y gesti\u00f3n de centros y servicios para la dependencia, te habilita para ejercer funciones de direcci\u00f3n en cualquier recurso del \u00e1mbito de la Dependencia (centros residenciales, centros de d\u00eda, centros de atenci\u00f3n a personas con discapacidad).<\/span><\/span><\/p>\n<p><span class=\"ui-provider a b c d e f g h i j k l m n o p q r s t u v w x y z ab ac ae af ag ah ai aj ak\" dir=\"ltr\">Est\u00e1 supervisado por la Universidad Francisco de Vitoria (UFV) de Madrid y recomendado por Asociaci\u00f3n Espa\u00f1ola de Psicogerontolog\u00eda<\/span><\/p>\n<p><img decoding=\"async\" class=\"alignnone size-medium wp-image-5353\" src=\"http:\/\/forotf.com\/wp-content\/uploads\/2024\/03\/ufv-1-300x131.gif\" alt=\"\" width=\"300\" height=\"131\" \/><img decoding=\"async\" class=\"alignnone wp-image-7181\" src=\"https:\/\/forotf.com\/wp-content\/uploads\/2024\/07\/LogodefinitivoAEPG-solocirculosinfondoblanco-283x300.png\" alt=\"\" width=\"133\" height=\"141\" \/><\/p>","protected":false},"featured_media":6796,"comment_status":"open","ping_status":"closed","template":"","meta":{"_jf_limit_responses":"","codigo-producto":"130-D","costo-gestion":"163.35"},"product_brand":[],"product_cat":[15],"product_tag":[],"class_list":{"0":"post-7108","1":"product","2":"type-product","3":"status-publish","4":"has-post-thumbnail","6":"product_cat-uncategorized","8":"first","9":"instock","10":"shipping-taxable","11":"purchasable","12":"product-type-simple"},"_links":{"self":[{"href":"https:\/\/institutodependencia.edu.es\/pt_br\/wp-json\/wp\/v2\/product\/7108","targetHints":{"allow":["GET"]}}],"collection":[{"href":"https:\/\/institutodependencia.edu.es\/pt_br\/wp-json\/wp\/v2\/product"}],"about":[{"href":"https:\/\/institutodependencia.edu.es\/pt_br\/wp-json\/wp\/v2\/types\/product"}],"replies":[{"embeddable":true,"href":"https:\/\/institutodependencia.edu.es\/pt_br\/wp-json\/wp\/v2\/comments?post=7108"}],"version-history":[{"count":3,"href":"https:\/\/institutodependencia.edu.es\/pt_br\/wp-json\/wp\/v2\/product\/7108\/revisions"}],"predecessor-version":[{"id":7267,"href":"https:\/\/institutodependencia.edu.es\/pt_br\/wp-json\/wp\/v2\/product\/7108\/revisions\/7267"}],"wp:featuredmedia":[{"embeddable":true,"href":"https:\/\/institutodependencia.edu.es\/pt_br\/wp-json\/wp\/v2\/media\/6796"}],"wp:attachment":[{"href":"https:\/\/institutodependencia.edu.es\/pt_br\/wp-json\/wp\/v2\/media?parent=7108"}],"wp:term":[{"taxonomy":"product_brand","embeddable":true,"href":"https:\/\/institutodependencia.edu.es\/pt_br\/wp-json\/wp\/v2\/product_brand?post=7108"},{"taxonomy":"product_cat","embeddable":true,"href":"https:\/\/institutodependencia.edu.es\/pt_br\/wp-json\/wp\/v2\/product_cat?post=7108"},{"taxonomy":"product_tag","embeddable":true,"href":"https:\/\/institutodependencia.edu.es\/pt_br\/wp-json\/wp\/v2\/product_tag?post=7108"}],"curies":[{"name":"wp","href":"https:\/\/api.w.org\/{rel}","templated":true}]}}