{"id":7094,"date":"2025-01-16T12:35:43","date_gmt":"2025-01-16T12:35:43","guid":{"rendered":"https:\/\/institutodependencia.edu.es\/?post_type=product&#038;p=7094"},"modified":"2025-04-23T11:16:29","modified_gmt":"2025-04-23T11:16:29","slug":"realidad-virtual-para-el-bienestar-en-residencias","status":"publish","type":"product","link":"https:\/\/institutodependencia.edu.es\/pt_br\/product\/realidad-virtual-para-el-bienestar-en-residencias\/","title":{"rendered":"Realidad virtual para el bienestar en residencias"},"content":{"rendered":"<p>Te invitamos a explorar nuestro innovador curso sobre \u00abRealidad Virtual para el Bienestar en Residencias\u00bb, una experiencia formativa \u00fanica dise\u00f1ada para enriquecer el entorno de cuidado a trav\u00e9s de la aplicaci\u00f3n estrat\u00e9gica de la realidad virtual (RV) y aumentada (RA). En el primer m\u00f3dulo de 4 horas, te sumergir\u00e1s en los fundamentos de la realidad virtual, explorando sus caracter\u00edsticas b\u00e1sicas y diferencias con la realidad aumentada. Descubrir\u00e1s las aplicaciones y beneficios de la realidad virtual, as\u00ed como los principales modelos de gafas disponibles en el mercado.<\/p>\n<p>Conocer\u00e1s la aplicaci\u00f3n espec\u00edfica de la realidad virtual para promover el bienestar, especialmente entre las personas mayores. Profundizar\u00e1s en c\u00f3mo estas tecnolog\u00edas pueden ser utilizadas en terapias y estimulaci\u00f3n, brindando herramientas para fomentar un envejecimiento satisfactorio. Abordar\u00e1s ejemplos concretos de tecnolog\u00edas positivas que han demostrado ser efectivas en el \u00e1mbito del bienestar.<\/p>\n<p>El m\u00f3dulo presencial por videoconferencia de 2 horas, podr\u00e1s resolver dudas de la parte te\u00f3rica y sumergirte en ejemplos pr\u00e1cticos. Realizar\u00e1s entrevistas guiadas con personas usuarias para comprender sus historias de vida y preferencias, permiti\u00e9ndonos adaptar la experiencia de realidad virtual de manera personalizada.<\/p>\n<p>Este curso no solo te equipar\u00e1 con conocimientos te\u00f3ricos s\u00f3lidos sobre realidad virtual, sino que tambi\u00e9n te proporcionar\u00e1 las habilidades pr\u00e1cticas necesarias para aplicar estas tecnolog\u00edas de manera efectiva en entornos de cuidado. \u00danete a nosotros para marcar la diferencia en la calidad de vida de quienes m\u00e1s lo necesitan. \u00a1Bienvenido al futuro del bienestar en residencias!<\/p>","protected":false},"excerpt":{"rendered":"<p>Te invitamos a descubrir nuestro curso \u00abRealidad Virtual para el Bienestar en Residencias\u00bb del proveedor <span data-teams=\"true\">OROI WELLBEING SL<\/span>, una formaci\u00f3n \u00fanica para aplicar la realidad virtual (RV) y aumentada (RA) en entornos de cuidado. En el primer m\u00f3dulo de 4 horas, aprender\u00e1s los fundamentos de la RV, sus diferencias con la RA y sus aplicaciones para promover el bienestar en personas mayores. El m\u00f3dulo presencial de 2 horas te permitir\u00e1 resolver dudas y realizar entrevistas para personalizar la experiencia. Adquiere conocimientos te\u00f3ricos y habilidades pr\u00e1cticas para mejorar la calidad de vida en residencias. \u00a1\u00danete al futuro del bienestar!<\/p>","protected":false},"featured_media":7095,"comment_status":"open","ping_status":"closed","template":"","meta":{"_jf_limit_responses":"","codigo-producto":"2225-A","costo-gestion":"6.78"},"product_brand":[],"product_cat":[15],"product_tag":[],"class_list":{"0":"post-7094","1":"product","2":"type-product","3":"status-publish","4":"has-post-thumbnail","6":"product_cat-uncategorized","8":"first","9":"instock","10":"shipping-taxable","11":"purchasable","12":"product-type-simple"},"_links":{"self":[{"href":"https:\/\/institutodependencia.edu.es\/pt_br\/wp-json\/wp\/v2\/product\/7094","targetHints":{"allow":["GET"]}}],"collection":[{"href":"https:\/\/institutodependencia.edu.es\/pt_br\/wp-json\/wp\/v2\/product"}],"about":[{"href":"https:\/\/institutodependencia.edu.es\/pt_br\/wp-json\/wp\/v2\/types\/product"}],"replies":[{"embeddable":true,"href":"https:\/\/institutodependencia.edu.es\/pt_br\/wp-json\/wp\/v2\/comments?post=7094"}],"version-history":[{"count":1,"href":"https:\/\/institutodependencia.edu.es\/pt_br\/wp-json\/wp\/v2\/product\/7094\/revisions"}],"predecessor-version":[{"id":7096,"href":"https:\/\/institutodependencia.edu.es\/pt_br\/wp-json\/wp\/v2\/product\/7094\/revisions\/7096"}],"wp:featuredmedia":[{"embeddable":true,"href":"https:\/\/institutodependencia.edu.es\/pt_br\/wp-json\/wp\/v2\/media\/7095"}],"wp:attachment":[{"href":"https:\/\/institutodependencia.edu.es\/pt_br\/wp-json\/wp\/v2\/media?parent=7094"}],"wp:term":[{"taxonomy":"product_brand","embeddable":true,"href":"https:\/\/institutodependencia.edu.es\/pt_br\/wp-json\/wp\/v2\/product_brand?post=7094"},{"taxonomy":"product_cat","embeddable":true,"href":"https:\/\/institutodependencia.edu.es\/pt_br\/wp-json\/wp\/v2\/product_cat?post=7094"},{"taxonomy":"product_tag","embeddable":true,"href":"https:\/\/institutodependencia.edu.es\/pt_br\/wp-json\/wp\/v2\/product_tag?post=7094"}],"curies":[{"name":"wp","href":"https:\/\/api.w.org\/{rel}","templated":true}]}}