{"id":7086,"date":"2025-01-02T10:19:03","date_gmt":"2025-01-02T10:19:03","guid":{"rendered":"https:\/\/institutodependencia.edu.es\/?post_type=product&#038;p=7086"},"modified":"2026-02-25T10:16:38","modified_gmt":"2026-02-25T10:16:38","slug":"cuidados-paliativos-y-bioetica","status":"publish","type":"product","link":"https:\/\/institutodependencia.edu.es\/pt_br\/product\/cuidados-paliativos-y-bioetica\/","title":{"rendered":"Cuidados Paliativos Y Bio\u00e9tica"},"content":{"rendered":"<p>Adquiere una perspectiva integral sobre la muerte digna y los cuidados paliativos con nuestro curso especializado en \u00abCuidados Paliativos y Bio\u00e9tica\u00bb. Te sumergir\u00e1s en los fundamentos esenciales, desde la introducci\u00f3n y objetivos hasta el concepto de morir con dignidad y la evoluci\u00f3n hist\u00f3rica de lo que se ha entendido como una buena muerte. Explorar\u00e1s el cambio terminol\u00f3gico, abordar\u00e1s los cuidados paliativos y reflexionar\u00e1s sobre conceptos cr\u00edticos como el tratamiento f\u00fatil y otros t\u00e9rminos relacionados.<\/p>\n<p>Este curso se enfoca en aclarar conceptos fundamentales, desglosando elementos cruciales como la adecuaci\u00f3n del esfuerzo terap\u00e9utico, la obstinaci\u00f3n terap\u00e9utica, el rechazo de tratamiento y conceptos bio\u00e9ticos complejos como la eutanasia y el suicidio m\u00e9dicamente asistido. Este conocimiento te proporcionar\u00e1 una base s\u00f3lida para la toma de decisiones \u00e9ticas en el \u00e1mbito de los cuidados paliativos.<\/p>\n<p>Explorar\u00e1s el tema sensible de la alimentaci\u00f3n e hidrataci\u00f3n artificial, examinando si son considerados cuidados o tratamientos. A trav\u00e9s de un an\u00e1lisis profundo, comprender\u00e1s la importancia del lenguaje y las diversas reflexiones e instrumentos de autonom\u00eda que influyen en estas decisiones cruciales.<\/p>\n<p>Este curso te brindar\u00e1 las herramientas necesarias para abordar temas delicados con sensibilidad y \u00e9tica en el \u00e1mbito de los cuidados paliativos. \u00a1Inscr\u00edbete ahora y destaca en la prestaci\u00f3n de cuidados de calidad centrados en el respeto a la dignidad humana!<\/p>","protected":false},"excerpt":{"rendered":"<p>Adquiere una perspectiva integral sobre la muerte digna y los cuidados paliativos con nuestro curso \u00abCuidados Paliativos y Bio\u00e9tica\u00bb. Explorar\u00e1s los fundamentos esenciales, el concepto de morir con dignidad, la evoluci\u00f3n hist\u00f3rica de la buena muerte, y t\u00e9rminos clave como el tratamiento f\u00fatil, la adecuaci\u00f3n del esfuerzo terap\u00e9utico, la obstinaci\u00f3n terap\u00e9utica, el rechazo de tratamiento, la eutanasia y el suicidio m\u00e9dicamente asistido. Tambi\u00e9n abordar\u00e1s el tema de la alimentaci\u00f3n e hidrataci\u00f3n artificial. Este curso te brindar\u00e1 las herramientas para tomar decisiones \u00e9ticas en cuidados paliativos. \u00a1Inscr\u00edbete ahora!<\/p>","protected":false},"featured_media":7087,"comment_status":"open","ping_status":"closed","template":"","meta":{"_jf_limit_responses":"","codigo-producto":"2030-A","costo-gestion":"3.63"},"product_brand":[],"product_cat":[15],"product_tag":[],"class_list":{"0":"post-7086","1":"product","2":"type-product","3":"status-publish","4":"has-post-thumbnail","6":"product_cat-uncategorized","8":"first","9":"instock","10":"shipping-taxable","11":"purchasable","12":"product-type-simple"},"_links":{"self":[{"href":"https:\/\/institutodependencia.edu.es\/pt_br\/wp-json\/wp\/v2\/product\/7086","targetHints":{"allow":["GET"]}}],"collection":[{"href":"https:\/\/institutodependencia.edu.es\/pt_br\/wp-json\/wp\/v2\/product"}],"about":[{"href":"https:\/\/institutodependencia.edu.es\/pt_br\/wp-json\/wp\/v2\/types\/product"}],"replies":[{"embeddable":true,"href":"https:\/\/institutodependencia.edu.es\/pt_br\/wp-json\/wp\/v2\/comments?post=7086"}],"version-history":[{"count":3,"href":"https:\/\/institutodependencia.edu.es\/pt_br\/wp-json\/wp\/v2\/product\/7086\/revisions"}],"predecessor-version":[{"id":7103,"href":"https:\/\/institutodependencia.edu.es\/pt_br\/wp-json\/wp\/v2\/product\/7086\/revisions\/7103"}],"wp:featuredmedia":[{"embeddable":true,"href":"https:\/\/institutodependencia.edu.es\/pt_br\/wp-json\/wp\/v2\/media\/7087"}],"wp:attachment":[{"href":"https:\/\/institutodependencia.edu.es\/pt_br\/wp-json\/wp\/v2\/media?parent=7086"}],"wp:term":[{"taxonomy":"product_brand","embeddable":true,"href":"https:\/\/institutodependencia.edu.es\/pt_br\/wp-json\/wp\/v2\/product_brand?post=7086"},{"taxonomy":"product_cat","embeddable":true,"href":"https:\/\/institutodependencia.edu.es\/pt_br\/wp-json\/wp\/v2\/product_cat?post=7086"},{"taxonomy":"product_tag","embeddable":true,"href":"https:\/\/institutodependencia.edu.es\/pt_br\/wp-json\/wp\/v2\/product_tag?post=7086"}],"curies":[{"name":"wp","href":"https:\/\/api.w.org\/{rel}","templated":true}]}}