{"id":6880,"date":"2024-10-21T08:34:41","date_gmt":"2024-10-21T08:34:41","guid":{"rendered":"https:\/\/institutodependencia.edu.es\/?post_type=product&#038;p=6880"},"modified":"2025-01-31T08:51:00","modified_gmt":"2025-01-31T08:51:00","slug":"prevencion-de-trastornos-musculo-esqueleticos-tme-2","status":"publish","type":"product","link":"https:\/\/institutodependencia.edu.es\/pt_br\/product\/prevencion-de-trastornos-musculo-esqueleticos-tme-2\/","title":{"rendered":"Preven\u00e7\u00e3o de les\u00f5es m\u00fasculo-esquel\u00e9ticas (LME)"},"content":{"rendered":"<p>Descubre nuestro curso especializado en \u00abPrevenci\u00f3n de Trastornos Musculoesquel\u00e9ticos (TME) dise\u00f1ado para dotarte de los conocimientos esenciales que te permitir\u00e1n identificar, evaluar y prevenir los trastornos musculoesquel\u00e9ticos, una problem\u00e1tica com\u00fan en el \u00e1mbito sociosanitario.<br \/>\nExplorar\u00e1s los fundamentos de los TME, comprendiendo los factores de riesgo y la siniestralidad asociada. Analizar\u00e1s en detalle los trastornos musculoesquel\u00e9ticos m\u00e1s relevantes, como aquellos relacionados con la columna vertebral, las extremidades superiores e inferiores. Adem\u00e1s, te proporcionaremos buenas pr\u00e1cticas destinadas a la prevenci\u00f3n de los TME, fomentando as\u00ed un entorno laboral m\u00e1s seguro y saludable.<br \/>\nAdquirir\u00e1s las habilidades necesarias para reducir el impacto de la manipulaci\u00f3n de cargas en la salud del personal, mejorando as\u00ed las condiciones laborales. Profundizar\u00e1s en la ergonom\u00eda f\u00edsica y la biomec\u00e1nica aplicada a la movilizaci\u00f3n de cargas, y aprender\u00e1s a analizar biomec\u00e1nicamente las posturas de trabajo y a identificar c\u00f3mo afectan a la salud<\/p>","protected":false},"excerpt":{"rendered":"<p>Descubre nuestro curso de \u00abPrevenci\u00f3n de Trastornos Musculoesquel\u00e9ticos (TME)\u00bb y aprende a identificar, evaluar y prevenir estos trastornos comunes en el \u00e1mbito sociosanitario. Conocer\u00e1s los factores de riesgo y la siniestralidad asociada a los TME, adem\u00e1s de analizar los trastornos m\u00e1s relevantes, como los relacionados con la columna vertebral y las extremidades. Adquirir\u00e1s habilidades para reducir el impacto de la manipulaci\u00f3n de cargas y mejorar las condiciones laborales, profundizando en la ergonom\u00eda y la biomec\u00e1nica aplicada.<\/p>","protected":false},"featured_media":6679,"comment_status":"open","ping_status":"closed","template":"","meta":{"_jf_limit_responses":"","codigo-producto":" 2081-A","costo-gestion":"5.45"},"product_brand":[],"product_cat":[15],"product_tag":[],"class_list":{"0":"post-6880","1":"product","2":"type-product","3":"status-publish","4":"has-post-thumbnail","6":"product_cat-uncategorized","8":"first","9":"instock","10":"shipping-taxable","11":"purchasable","12":"product-type-simple"},"_links":{"self":[{"href":"https:\/\/institutodependencia.edu.es\/pt_br\/wp-json\/wp\/v2\/product\/6880","targetHints":{"allow":["GET"]}}],"collection":[{"href":"https:\/\/institutodependencia.edu.es\/pt_br\/wp-json\/wp\/v2\/product"}],"about":[{"href":"https:\/\/institutodependencia.edu.es\/pt_br\/wp-json\/wp\/v2\/types\/product"}],"replies":[{"embeddable":true,"href":"https:\/\/institutodependencia.edu.es\/pt_br\/wp-json\/wp\/v2\/comments?post=6880"}],"version-history":[{"count":2,"href":"https:\/\/institutodependencia.edu.es\/pt_br\/wp-json\/wp\/v2\/product\/6880\/revisions"}],"predecessor-version":[{"id":6934,"href":"https:\/\/institutodependencia.edu.es\/pt_br\/wp-json\/wp\/v2\/product\/6880\/revisions\/6934"}],"wp:featuredmedia":[{"embeddable":true,"href":"https:\/\/institutodependencia.edu.es\/pt_br\/wp-json\/wp\/v2\/media\/6679"}],"wp:attachment":[{"href":"https:\/\/institutodependencia.edu.es\/pt_br\/wp-json\/wp\/v2\/media?parent=6880"}],"wp:term":[{"taxonomy":"product_brand","embeddable":true,"href":"https:\/\/institutodependencia.edu.es\/pt_br\/wp-json\/wp\/v2\/product_brand?post=6880"},{"taxonomy":"product_cat","embeddable":true,"href":"https:\/\/institutodependencia.edu.es\/pt_br\/wp-json\/wp\/v2\/product_cat?post=6880"},{"taxonomy":"product_tag","embeddable":true,"href":"https:\/\/institutodependencia.edu.es\/pt_br\/wp-json\/wp\/v2\/product_tag?post=6880"}],"curies":[{"name":"wp","href":"https:\/\/api.w.org\/{rel}","templated":true}]}}