{"id":6811,"date":"2024-09-16T13:34:34","date_gmt":"2024-09-16T13:34:34","guid":{"rendered":"https:\/\/institutodependencia.edu.es\/?post_type=product&#038;p=6811"},"modified":"2024-10-30T12:19:30","modified_gmt":"2024-10-30T12:19:30","slug":"programa-avanzado-de-inteligencia-artificial-en-salud","status":"publish","type":"product","link":"https:\/\/institutodependencia.edu.es\/pt_br\/product\/programa-avanzado-de-inteligencia-artificial-en-salud\/","title":{"rendered":"Programa Avanzado de Inteligencia Artificial en salud"},"content":{"rendered":"<p>Este curso avanzado ofrece una formaci\u00f3n integral en el uso y aplicaci\u00f3n de la inteligencia artificial (IA) en el \u00e1mbito sanitario. A trav\u00e9s de un recorrido completo por las tecnolog\u00edas m\u00e1s relevantes, los participantes adquirir\u00e1n conocimientos sobre machine learning, deep learning, redes neuronales y modelos de lenguaje, aplicados espec\u00edficamente a la salud. Se explorar\u00e1n desde los conceptos fundamentales de IA hasta su impacto en \u00e1reas como el diagn\u00f3stico m\u00e9dico, la monitorizaci\u00f3n de pacientes y la cirug\u00eda asistida por IA, as\u00ed como su influencia en el desarrollo de medicamentos y la interpretaci\u00f3n de im\u00e1genes m\u00e9dicas.<\/p>\n<p>Adem\u00e1s, el curso profundiza en temas clave como la \u00e9tica en la implementaci\u00f3n de IA en la atenci\u00f3n m\u00e9dica, la protecci\u00f3n de datos y los desaf\u00edos relacionados con la privacidad y la seguridad en el uso de herramientas como ChatGPT. Los profesionales aprender\u00e1n a optimizar el uso de estos modelos mediante t\u00e9cnicas avanzadas como el prompt engineering, adaptando los roles de la IA para simular escenarios cl\u00ednicos con pacientes y estudiantes. Tambi\u00e9n se abordar\u00e1n las limitaciones inherentes de la IA en salud, ofreciendo estrategias para manejar de forma segura y eficaz las incertidumbres que puedan surgir en su aplicaci\u00f3n.<\/p>\n<p>Con un enfoque pr\u00e1ctico y orientado al futuro, este programa prepara a los profesionales de la salud para utilizar la IA de manera \u00e9tica y responsable, garantizando que estas tecnolog\u00edas promuevan el bienestar humano, la equidad y la justicia social. Ideal para aquellos que buscan mantenerse a la vanguardia de la innovaci\u00f3n en salud, este curso ofrece herramientas para integrar la IA de forma segura y efectiva en la pr\u00e1ctica cl\u00ednica.<\/p>","protected":false},"excerpt":{"rendered":"<p>\u00a1Lleva tu carrera m\u00e9dica al siguiente nivel con el Programa Avanzado de Inteligencia Artificial en Salud!<\/p>\n<p>Este curso est\u00e1 dise\u00f1ado para profesionales del \u00e1mbito m\u00e9dico que buscan una comprensi\u00f3n avanzada de la Inteligencia Artificial Generativa y su impacto en la pr\u00e1ctica cl\u00ednica, la investigaci\u00f3n y la docencia. Aprender\u00e1s a profundizar en los fundamentos de esta tecnolog\u00eda, explorando c\u00f3mo puede transformar la eficiencia asistencial, mejorar la calidad del cuidado al paciente y abrir nuevas fronteras en investigaci\u00f3n y formaci\u00f3n sanitaria.<\/p>\n<p>Domina las herramientas que est\u00e1n revolucionando la salud y s\u00e9 parte del futuro de la medicina.<\/p>\n<p>\u00a1Inscr\u00edbete hoy y marca la diferencia en tu profesi\u00f3n!<\/p>","protected":false},"featured_media":6817,"comment_status":"open","ping_status":"closed","template":"","meta":{"_jf_limit_responses":"","codigo-producto":"2316-A","costo-gestion":"45.38"},"product_brand":[],"product_cat":[15],"product_tag":[],"class_list":{"0":"post-6811","1":"product","2":"type-product","3":"status-publish","4":"has-post-thumbnail","6":"product_cat-uncategorized","8":"first","9":"instock","10":"shipping-taxable","11":"purchasable","12":"product-type-simple"},"_links":{"self":[{"href":"https:\/\/institutodependencia.edu.es\/pt_br\/wp-json\/wp\/v2\/product\/6811","targetHints":{"allow":["GET"]}}],"collection":[{"href":"https:\/\/institutodependencia.edu.es\/pt_br\/wp-json\/wp\/v2\/product"}],"about":[{"href":"https:\/\/institutodependencia.edu.es\/pt_br\/wp-json\/wp\/v2\/types\/product"}],"replies":[{"embeddable":true,"href":"https:\/\/institutodependencia.edu.es\/pt_br\/wp-json\/wp\/v2\/comments?post=6811"}],"version-history":[{"count":8,"href":"https:\/\/institutodependencia.edu.es\/pt_br\/wp-json\/wp\/v2\/product\/6811\/revisions"}],"predecessor-version":[{"id":6849,"href":"https:\/\/institutodependencia.edu.es\/pt_br\/wp-json\/wp\/v2\/product\/6811\/revisions\/6849"}],"wp:featuredmedia":[{"embeddable":true,"href":"https:\/\/institutodependencia.edu.es\/pt_br\/wp-json\/wp\/v2\/media\/6817"}],"wp:attachment":[{"href":"https:\/\/institutodependencia.edu.es\/pt_br\/wp-json\/wp\/v2\/media?parent=6811"}],"wp:term":[{"taxonomy":"product_brand","embeddable":true,"href":"https:\/\/institutodependencia.edu.es\/pt_br\/wp-json\/wp\/v2\/product_brand?post=6811"},{"taxonomy":"product_cat","embeddable":true,"href":"https:\/\/institutodependencia.edu.es\/pt_br\/wp-json\/wp\/v2\/product_cat?post=6811"},{"taxonomy":"product_tag","embeddable":true,"href":"https:\/\/institutodependencia.edu.es\/pt_br\/wp-json\/wp\/v2\/product_tag?post=6811"}],"curies":[{"name":"wp","href":"https:\/\/api.w.org\/{rel}","templated":true}]}}