{"id":6713,"date":"2024-08-01T11:37:18","date_gmt":"2024-08-01T11:37:18","guid":{"rendered":"https:\/\/institutodependencia.edu.es\/?post_type=product&#038;p=6713"},"modified":"2025-05-07T08:45:33","modified_gmt":"2025-05-07T08:45:33","slug":"primeros-auxilios-2","status":"publish","type":"product","link":"https:\/\/institutodependencia.edu.es\/pt_br\/product\/primeros-auxilios-2\/","title":{"rendered":"Primeiros socorros"},"content":{"rendered":"<p>Neste treinamento focamos na import\u00e2ncia de gerar uma situa\u00e7\u00e3o de seguran\u00e7a para minimizar os danos \u00e0 pessoa afetada e fornecer-lhe as ferramentas necess\u00e1rias para agir com decis\u00e3o e precis\u00e3o.<\/p>\n<p>Nosso curso ir\u00e1 trein\u00e1-lo para identificar medidas de a\u00e7\u00e3o espec\u00edficas em diversas situa\u00e7\u00f5es de emerg\u00eancia, abordando cen\u00e1rios comuns e situa\u00e7\u00f5es inesperadas. Al\u00e9m disso, iremos orient\u00e1-lo nas etapas fundamentais da Reanima\u00e7\u00e3o Cardiopulmonar (RCP) b\u00e1sica, dando-lhe a confian\u00e7a e a habilidade necess\u00e1rias para responder com efici\u00eancia em casos de parada card\u00edaca.<\/p>\n<p>Forneceremos a voc\u00ea o conhecimento e as habilidades necess\u00e1rias para operar um DEA com seguran\u00e7a e efic\u00e1cia, destacando a import\u00e2ncia desta ferramenta na cadeia de sobreviv\u00eancia.<\/p>\n<p>Ao aderir ao nosso curso de Primeiros Socorros, voc\u00ea se tornar\u00e1 um recurso vital em situa\u00e7\u00f5es de emerg\u00eancia, contribuindo para a seguran\u00e7a e o bem-estar das pessoas ao seu redor. Prepare-se para fazer a diferen\u00e7a e salvar vidas!<\/p>","protected":false},"excerpt":{"rendered":"<p>Bienvenido a nuestro curso especializado en \u00abPrimeros Auxilios\u00bb. Este curso ha sido dise\u00f1ado para equiparte con las habilidades esenciales que te permitir\u00e1n identificar, comprender y actuar de manera efectiva en situaciones de emergencia.<\/p>","protected":false},"featured_media":5866,"comment_status":"open","ping_status":"closed","template":"","meta":{"_jf_limit_responses":"","codigo-producto":"2012-B","costo-gestion":"3.63"},"product_brand":[],"product_cat":[15],"product_tag":[],"class_list":{"0":"post-6713","1":"product","2":"type-product","3":"status-publish","4":"has-post-thumbnail","6":"product_cat-uncategorized","8":"first","9":"instock","10":"shipping-taxable","11":"purchasable","12":"product-type-simple"},"_links":{"self":[{"href":"https:\/\/institutodependencia.edu.es\/pt_br\/wp-json\/wp\/v2\/product\/6713","targetHints":{"allow":["GET"]}}],"collection":[{"href":"https:\/\/institutodependencia.edu.es\/pt_br\/wp-json\/wp\/v2\/product"}],"about":[{"href":"https:\/\/institutodependencia.edu.es\/pt_br\/wp-json\/wp\/v2\/types\/product"}],"replies":[{"embeddable":true,"href":"https:\/\/institutodependencia.edu.es\/pt_br\/wp-json\/wp\/v2\/comments?post=6713"}],"version-history":[{"count":2,"href":"https:\/\/institutodependencia.edu.es\/pt_br\/wp-json\/wp\/v2\/product\/6713\/revisions"}],"predecessor-version":[{"id":7185,"href":"https:\/\/institutodependencia.edu.es\/pt_br\/wp-json\/wp\/v2\/product\/6713\/revisions\/7185"}],"wp:featuredmedia":[{"embeddable":true,"href":"https:\/\/institutodependencia.edu.es\/pt_br\/wp-json\/wp\/v2\/media\/5866"}],"wp:attachment":[{"href":"https:\/\/institutodependencia.edu.es\/pt_br\/wp-json\/wp\/v2\/media?parent=6713"}],"wp:term":[{"taxonomy":"product_brand","embeddable":true,"href":"https:\/\/institutodependencia.edu.es\/pt_br\/wp-json\/wp\/v2\/product_brand?post=6713"},{"taxonomy":"product_cat","embeddable":true,"href":"https:\/\/institutodependencia.edu.es\/pt_br\/wp-json\/wp\/v2\/product_cat?post=6713"},{"taxonomy":"product_tag","embeddable":true,"href":"https:\/\/institutodependencia.edu.es\/pt_br\/wp-json\/wp\/v2\/product_tag?post=6713"}],"curies":[{"name":"wp","href":"https:\/\/api.w.org\/{rel}","templated":true}]}}