{"id":6692,"date":"2024-07-30T07:32:28","date_gmt":"2024-07-30T07:32:28","guid":{"rendered":"https:\/\/institutodependencia.edu.es\/?post_type=product&#038;p=6692"},"modified":"2024-07-30T07:32:28","modified_gmt":"2024-07-30T07:32:28","slug":"el-diseno-ambiental-para-la-instauracion-del-modelo-de-acp-en-el-ambito-residencial","status":"publish","type":"product","link":"https:\/\/institutodependencia.edu.es\/pt_br\/product\/el-diseno-ambiental-para-la-instauracion-del-modelo-de-acp-en-el-ambito-residencial\/","title":{"rendered":"O projeto ambiental para o estabelecimento do modelo ACP na \u00e1rea residencial"},"content":{"rendered":"<p>\u00a1Explora nuestro emocionante curso sobre \u00abDise\u00f1o Ambiental para la Instauraci\u00f3n del Modelo de ACP en el \u00c1mbito Residencial\u00bb, dise\u00f1ado para inspirar y capacitar a profesionales en la creaci\u00f3n de entornos que fomenten la atenci\u00f3n integral y centrada en la persona (ACP)!<br \/>\nCon este curso buscamos promover la identificaci\u00f3n de cambios ambientales potenciales que impulsen la aplicaci\u00f3n efectiva del modelo ACP. A trav\u00e9s del an\u00e1lisis detallado del entorno f\u00edsico y psicosocial, los participantes adquirir\u00e1n las herramientas necesarias para evaluar y mejorar estos aspectos.<br \/>\nEste curso abarca desde la creaci\u00f3n y desarrollo de unidades de convivencia en los centros residenciales hasta la evaluaci\u00f3n minuciosa del ambiente f\u00edsico y psicosocial. Con un enfoque organizativo, se analizar\u00e1n y desarrollar\u00e1n pautas para la implementaci\u00f3n del modelo ACP, asegurando que el entorno y las pr\u00e1cticas organizativas se alineen con las necesidades y preferencias de los residentes.<br \/>\n\u00danete a nosotros para explorar nuevas perspectivas en el dise\u00f1o ambiental y aprender a aplicar pr\u00e1cticas que transformar\u00e1n la experiencia residencial, mejorando la calidad de vida de los residentes y fomentando un modelo de atenci\u00f3n centrada en la persona. \u00a1Haz del entorno residencial un lugar m\u00e1s acogedor y adaptado a las necesidades individuales de quienes lo llaman hogar!<\/p>","protected":false},"excerpt":{"rendered":"<p>\u00a1Explora nuestro curso sobre \u00abDise\u00f1o Ambiental para la Instauraci\u00f3n del Modelo de ACP en el \u00c1mbito Residencial\u00bb! Este curso capacita a profesionales para crear entornos que fomenten la atenci\u00f3n centrada en la persona (ACP), identificando y aplicando cambios ambientales que promuevan este modelo. A trav\u00e9s del an\u00e1lisis del entorno f\u00edsico y psicosocial, aprender\u00e1s a desarrollar unidades de convivencia y a evaluar el ambiente, asegurando que las pr\u00e1cticas organizativas se alineen con las necesidades de los residentes. \u00danete para mejorar la calidad de vida de los residentes y crear entornos m\u00e1s acogedores y adaptados a sus necesidades.<\/p>","protected":false},"featured_media":6694,"comment_status":"open","ping_status":"closed","template":"","meta":{"_jf_limit_responses":"","codigo-producto":"2091-A","costo-gestion":"3.63"},"product_brand":[],"product_cat":[15],"product_tag":[],"class_list":{"0":"post-6692","1":"product","2":"type-product","3":"status-publish","4":"has-post-thumbnail","6":"product_cat-uncategorized","8":"first","9":"instock","10":"shipping-taxable","11":"purchasable","12":"product-type-simple"},"_links":{"self":[{"href":"https:\/\/institutodependencia.edu.es\/pt_br\/wp-json\/wp\/v2\/product\/6692","targetHints":{"allow":["GET"]}}],"collection":[{"href":"https:\/\/institutodependencia.edu.es\/pt_br\/wp-json\/wp\/v2\/product"}],"about":[{"href":"https:\/\/institutodependencia.edu.es\/pt_br\/wp-json\/wp\/v2\/types\/product"}],"replies":[{"embeddable":true,"href":"https:\/\/institutodependencia.edu.es\/pt_br\/wp-json\/wp\/v2\/comments?post=6692"}],"version-history":[{"count":1,"href":"https:\/\/institutodependencia.edu.es\/pt_br\/wp-json\/wp\/v2\/product\/6692\/revisions"}],"predecessor-version":[{"id":6693,"href":"https:\/\/institutodependencia.edu.es\/pt_br\/wp-json\/wp\/v2\/product\/6692\/revisions\/6693"}],"wp:featuredmedia":[{"embeddable":true,"href":"https:\/\/institutodependencia.edu.es\/pt_br\/wp-json\/wp\/v2\/media\/6694"}],"wp:attachment":[{"href":"https:\/\/institutodependencia.edu.es\/pt_br\/wp-json\/wp\/v2\/media?parent=6692"}],"wp:term":[{"taxonomy":"product_brand","embeddable":true,"href":"https:\/\/institutodependencia.edu.es\/pt_br\/wp-json\/wp\/v2\/product_brand?post=6692"},{"taxonomy":"product_cat","embeddable":true,"href":"https:\/\/institutodependencia.edu.es\/pt_br\/wp-json\/wp\/v2\/product_cat?post=6692"},{"taxonomy":"product_tag","embeddable":true,"href":"https:\/\/institutodependencia.edu.es\/pt_br\/wp-json\/wp\/v2\/product_tag?post=6692"}],"curies":[{"name":"wp","href":"https:\/\/api.w.org\/{rel}","templated":true}]}}