{"id":6680,"date":"2024-07-29T10:31:27","date_gmt":"2024-07-29T10:31:27","guid":{"rendered":"https:\/\/institutodependencia.edu.es\/?post_type=product&#038;p=6680"},"modified":"2025-02-14T09:47:27","modified_gmt":"2025-02-14T09:47:27","slug":"itinerario-medidas-alternativas-a-las-sujeciones-parte-4-3-prevencion-de-caidas","status":"publish","type":"product","link":"https:\/\/institutodependencia.edu.es\/pt_br\/product\/itinerario-medidas-alternativas-a-las-sujeciones-parte-4-3-prevencion-de-caidas\/","title":{"rendered":"Itinerario medidas alternativas a las sujeciones. Parte 4.3. Prevenci\u00f3n de ca\u00eddas"},"content":{"rendered":"<p>Este curso forma parte de nuestros Itinerarios de medidas alternativas a las sujeciones y te brindar\u00e1 las herramientas necesarias para convertirte en un experto en la prevenci\u00f3n de ca\u00eddas, contribuyendo as\u00ed a la seguridad y bienestar de las personas en situaci\u00f3n de dependencia. Te capacitar\u00e1s para identificar el riesgo de ca\u00eddas, reducir su incidencia y dotarte de las habilidades esenciales para actuar adecuadamente en caso de ca\u00eddas, minimizando su impacto.<\/p>\n<p>Aprender\u00e1s a mejorar la calidad a trav\u00e9s del establecimiento de procedimientos de actuaci\u00f3n, previniendo factores de riesgo y dise\u00f1ando programas de rehabilitaci\u00f3n. Este curso te equipar\u00e1 con habilidades pr\u00e1cticas y conocimientos esenciales, permiti\u00e9ndote desempe\u00f1ar un papel crucial en la prevenci\u00f3n de ca\u00eddas y la atenci\u00f3n de calidad.<\/p>\n<p>\u00danete a nosotros para marcar la diferencia en la seguridad y el bienestar de quienes necesitan de nuestra atenci\u00f3n. \u00a1Te esperamos!<\/p>","protected":false},"excerpt":{"rendered":"<p>Este curso forma parte de nuestros Itinerarios de medidas alternativas a las sujeciones y te brindar\u00e1 las herramientas necesarias para convertirte en un experto en la prevenci\u00f3n de ca\u00eddas, contribuyendo a la seguridad y bienestar de las personas en situaci\u00f3n de dependencia. Aprender\u00e1s a identificar riesgos, reducir la incidencia de ca\u00eddas y actuar adecuadamente para minimizar su impacto, mejorando la calidad de la atenci\u00f3n mediante procedimientos y programas de rehabilitaci\u00f3n. \u00a1\u00danete a nosotros para marcar la diferencia en la seguridad y el bienestar de quienes necesitan de nuestra atenci\u00f3n!<\/p>","protected":false},"featured_media":6681,"comment_status":"open","ping_status":"closed","template":"","meta":{"_jf_limit_responses":"","codigo-producto":"2045-A","costo-gestion":"9.08"},"product_brand":[],"product_cat":[15],"product_tag":[],"class_list":{"0":"post-6680","1":"product","2":"type-product","3":"status-publish","4":"has-post-thumbnail","6":"product_cat-uncategorized","8":"first","9":"instock","10":"shipping-taxable","11":"purchasable","12":"product-type-simple"},"_links":{"self":[{"href":"https:\/\/institutodependencia.edu.es\/pt_br\/wp-json\/wp\/v2\/product\/6680","targetHints":{"allow":["GET"]}}],"collection":[{"href":"https:\/\/institutodependencia.edu.es\/pt_br\/wp-json\/wp\/v2\/product"}],"about":[{"href":"https:\/\/institutodependencia.edu.es\/pt_br\/wp-json\/wp\/v2\/types\/product"}],"replies":[{"embeddable":true,"href":"https:\/\/institutodependencia.edu.es\/pt_br\/wp-json\/wp\/v2\/comments?post=6680"}],"version-history":[{"count":3,"href":"https:\/\/institutodependencia.edu.es\/pt_br\/wp-json\/wp\/v2\/product\/6680\/revisions"}],"predecessor-version":[{"id":6695,"href":"https:\/\/institutodependencia.edu.es\/pt_br\/wp-json\/wp\/v2\/product\/6680\/revisions\/6695"}],"wp:featuredmedia":[{"embeddable":true,"href":"https:\/\/institutodependencia.edu.es\/pt_br\/wp-json\/wp\/v2\/media\/6681"}],"wp:attachment":[{"href":"https:\/\/institutodependencia.edu.es\/pt_br\/wp-json\/wp\/v2\/media?parent=6680"}],"wp:term":[{"taxonomy":"product_brand","embeddable":true,"href":"https:\/\/institutodependencia.edu.es\/pt_br\/wp-json\/wp\/v2\/product_brand?post=6680"},{"taxonomy":"product_cat","embeddable":true,"href":"https:\/\/institutodependencia.edu.es\/pt_br\/wp-json\/wp\/v2\/product_cat?post=6680"},{"taxonomy":"product_tag","embeddable":true,"href":"https:\/\/institutodependencia.edu.es\/pt_br\/wp-json\/wp\/v2\/product_tag?post=6680"}],"curies":[{"name":"wp","href":"https:\/\/api.w.org\/{rel}","templated":true}]}}