{"id":6580,"date":"2024-06-26T15:11:22","date_gmt":"2024-06-26T15:11:22","guid":{"rendered":"https:\/\/institutodependencia.edu.es\/?post_type=product&#038;p=6580"},"modified":"2024-06-28T10:08:38","modified_gmt":"2024-06-28T10:08:38","slug":"malnutricion-en-la-enfermedad-renal-diagnostico-prevencion-y-tratamiento","status":"publish","type":"product","link":"https:\/\/institutodependencia.edu.es\/pt_br\/product\/malnutricion-en-la-enfermedad-renal-diagnostico-prevencion-y-tratamiento\/","title":{"rendered":"Desnutri\u00e7\u00e3o na doen\u00e7a renal: diagn\u00f3stico, preven\u00e7\u00e3o e tratamento"},"content":{"rendered":"<p>La malnutrici\u00f3n y la p\u00e9rdida corporal progresiva de masa proteica y de reservas energ\u00e9ticas es una m\u00e1s de las complicaciones t\u00edpicas asociadas a la enfermedad renal cr\u00f3nica (ERCA) y uno de los predictores independientes de mortalidad y morbilidad en estos pacientes.<br \/>\nGeneralmente comienza en estadios iniciales de la ERC y se va agravando a medida que el filtrado glomerular desciende. Una vez empieza la di\u00e1lisis, aproximadamente un tercio de los pacientes sufren desnutrici\u00f3n, incluso hasta el punto de que la muerte por caquexia no es rara, siendo esta desestimada en los registros de mortalidad. Las alteraciones nutricionales tambi\u00e9n van a condicionar los resultados del paciente trasplantado.<br \/>\nEl origen de la desnutrici\u00f3n en pacientes con enfermedad renal cr\u00f3nica es multifactorial, y generalmente va asociado a inflamaci\u00f3n e hipercatabolismo, conduciendo a una p\u00e9rdida progresiva cal\u00f3rica y proteica, definida por la Sociedad Internacional de Metabolismo y Nutrici\u00f3n Renal como s\u00edndrome de desgaste proteico-energ\u00e9tico o DPE (protein-energy wasting), concepto b\u00e1sico para poder explicar la etiopatogenia, las implicaciones cl\u00ednicas, la importancia del diagn\u00f3stico y del tratamiento precoz y la influencia de las distintas t\u00e9cnicas dial\u00edticas en el estado nutricional del paciente.<br \/>\nEl manejo de la nutrici\u00f3n en la enfermedad renal cr\u00f3nica es complejo, pero es m\u00e1s sencillo y m\u00e1s f\u00e1cil si se aborda de forma precoz, con el objetivo de prevenir y tratar. Lo ideal es que se realice de forma interdisciplinar, con equipos donde participen nefr\u00f3logos, enfermeras y auxiliares, nutricionistas, endocrinos y farmac\u00e9uticos, etc. La prevenci\u00f3n, diagn\u00f3stico y tratamiento precoz de las alteraciones nutricionales en la ERC mejoran la morbimortalidad, disminuyen las hospitalizaciones, mejoran los resultados postrasplante y reducen los gastos asociados al paciente.<br \/>\nEl presente curso tiene como objetivo conocer los mecanismos implicados en la malnutrici\u00f3n del paciente con enfermedad renal cr\u00f3nica, centr\u00e1ndonos en el concepto de s\u00edndrome de desgaste proteico-energ\u00e9tico, valorar la importancia cl\u00ednica, aprender la utilizaci\u00f3n rutinaria de la metodolog\u00eda diagn\u00f3stica y c\u00f3mo realizar de forma pr\u00e1ctica prevenci\u00f3n y tratamiento.<\/p>","protected":false},"excerpt":{"rendered":"<p>Aprenda como abordar a desnutri\u00e7\u00e3o em pacientes com doen\u00e7a renal cr\u00f4nica, um fator-chave que afeta a mortalidade e a morbidade. Este curso tem como foco a s\u00edndrome de perda prot\u00e9ico-energ\u00e9tica (PEW), proporcionando conhecimentos sobre sua etiopatogenia, diagn\u00f3stico e tratamento. Descubra como a interven\u00e7\u00e3o nutricional precoce e uma abordagem interdisciplinar podem melhorar significativamente os resultados cl\u00ednicos e reduzir as hospitaliza\u00e7\u00f5es. Participe e adquira as ferramentas necess\u00e1rias para prevenir e tratar altera\u00e7\u00f5es nutricionais na DRC.<\/p>","protected":false},"featured_media":6583,"comment_status":"open","ping_status":"closed","template":"","meta":{"_jf_limit_responses":"","codigo-producto":"2174-A","costo-gestion":"13.61"},"product_brand":[],"product_cat":[15],"product_tag":[],"class_list":{"0":"post-6580","1":"product","2":"type-product","3":"status-publish","4":"has-post-thumbnail","6":"product_cat-uncategorized","8":"first","9":"instock","10":"shipping-taxable","11":"purchasable","12":"product-type-simple"},"_links":{"self":[{"href":"https:\/\/institutodependencia.edu.es\/pt_br\/wp-json\/wp\/v2\/product\/6580","targetHints":{"allow":["GET"]}}],"collection":[{"href":"https:\/\/institutodependencia.edu.es\/pt_br\/wp-json\/wp\/v2\/product"}],"about":[{"href":"https:\/\/institutodependencia.edu.es\/pt_br\/wp-json\/wp\/v2\/types\/product"}],"replies":[{"embeddable":true,"href":"https:\/\/institutodependencia.edu.es\/pt_br\/wp-json\/wp\/v2\/comments?post=6580"}],"version-history":[{"count":4,"href":"https:\/\/institutodependencia.edu.es\/pt_br\/wp-json\/wp\/v2\/product\/6580\/revisions"}],"predecessor-version":[{"id":6600,"href":"https:\/\/institutodependencia.edu.es\/pt_br\/wp-json\/wp\/v2\/product\/6580\/revisions\/6600"}],"wp:featuredmedia":[{"embeddable":true,"href":"https:\/\/institutodependencia.edu.es\/pt_br\/wp-json\/wp\/v2\/media\/6583"}],"wp:attachment":[{"href":"https:\/\/institutodependencia.edu.es\/pt_br\/wp-json\/wp\/v2\/media?parent=6580"}],"wp:term":[{"taxonomy":"product_brand","embeddable":true,"href":"https:\/\/institutodependencia.edu.es\/pt_br\/wp-json\/wp\/v2\/product_brand?post=6580"},{"taxonomy":"product_cat","embeddable":true,"href":"https:\/\/institutodependencia.edu.es\/pt_br\/wp-json\/wp\/v2\/product_cat?post=6580"},{"taxonomy":"product_tag","embeddable":true,"href":"https:\/\/institutodependencia.edu.es\/pt_br\/wp-json\/wp\/v2\/product_tag?post=6580"}],"curies":[{"name":"wp","href":"https:\/\/api.w.org\/{rel}","templated":true}]}}