{"id":6573,"date":"2024-06-26T14:46:07","date_gmt":"2024-06-26T14:46:07","guid":{"rendered":"https:\/\/institutodependencia.edu.es\/?post_type=product&#038;p=6573"},"modified":"2024-11-26T15:16:24","modified_gmt":"2024-11-26T15:16:24","slug":"gestion-de-riesgos-para-la-seguridad-del-paciente-en-servicios-de-salud-mental-hacia-la-mejora-en-los-resultados-de-salud","status":"publish","type":"product","link":"https:\/\/institutodependencia.edu.es\/pt_br\/product\/gestion-de-riesgos-para-la-seguridad-del-paciente-en-servicios-de-salud-mental-hacia-la-mejora-en-los-resultados-de-salud\/","title":{"rendered":"Gest\u00e3o de riscos para a seguran\u00e7a do paciente em servi\u00e7os de sa\u00fade mental: rumo \u00e0 melhoria dos resultados de sa\u00fade"},"content":{"rendered":"<p>En la d\u00e9cada actual, la inquietud por mejorar la calidad asistencial se focaliza, sobre todo, en la seguridad cl\u00ednica del paciente. La seguridad del paciente constituye un importante indicador de la calidad asistencial, y su mejora representa una prioridad para los servicios sanitarios. Los errores y la falta de calidad redundan en perjuicios para usuarios y profesionales y aumentan los gastos sanitarios.<br \/>\nPara conseguir dicha mejora es esencial promover, crear y mantener una cultura de seguridad positiva en las organizaciones.<br \/>\nNos encontramos con una combinaci\u00f3n compleja de procesos, tecnolog\u00edas e interacciones humanas, y todo ello implica una mayor probabilidad de eventos adversos atribuibles a diversos factores.<br \/>\nEsta complejidad aumenta en los servicios especiales como puede el de salud mental: en estos servicios se requiere especial atenci\u00f3n en cuanto a la seguridad de sus procedimientos y estructuras asistenciales.<br \/>\nLos usuarios de los servicios de salud mental, especialmente aquellos que se encuentran en situaci\u00f3n de psicopatolog\u00eda aguda, son especialmente vulnerables a un gran n\u00famero de riesgos potenciales. Estos riesgos pueden derivarse de su propia conducta, del comportamiento de otros pacientes o de los procedimientos y cuidados que reciben.<br \/>\nEl progreso hacia un sistema sanitario m\u00e1s eficiente y seguro exige generar y compartir con los pacientes y sus familiares un entorno de confianza y corresponsabilidad, implicando a la persona en su seguridad.<br \/>\nLa seguridad del paciente es un reto de toda la organizaci\u00f3n, la cohesi\u00f3n del equipo y la capacidad de liderazgo son las piezas claves en la prevenci\u00f3n de riesgos y en la reducci\u00f3n de las secuelas de los potenciales incidentes. Los equipos deben aplicar herramientas que les permitan conocer los factores y situaciones de riesgo (Mapas de riesgos) y participar en el establecimiento de estrategias de intervenci\u00f3n en seguridad del paciente.<br \/>\nLa formaci\u00f3n de los profesionales sanitarios en seguridad del paciente es clave para mejorar la cultura de la organizaci\u00f3n y aportar conocimientos y habilidades en la detecci\u00f3n, prevenci\u00f3n y control del da\u00f1o que la asistencia sanitaria puede ocasionar a los pacientes.<\/p>","protected":false},"excerpt":{"rendered":"<p>O curso tem como foco a melhoria da qualidade do atendimento, tendo como foco a seguran\u00e7a cl\u00ednica do paciente como indicador essencial. Aborda a import\u00e2ncia de promover uma cultura de seguran\u00e7a positiva nas organiza\u00e7\u00f5es de sa\u00fade, especialmente em servi\u00e7os complexos como a sa\u00fade mental. Destaca a necessidade de coes\u00e3o e lideran\u00e7a da equipe para prevenir riscos e reduzir incidentes. Al\u00e9m disso, destaca a forma\u00e7\u00e3o cont\u00ednua dos profissionais em seguran\u00e7a do paciente para detectar, prevenir e controlar danos, promovendo um ambiente de confian\u00e7a e corresponsabilidade com os pacientes e seus familiares.<\/p>","protected":false},"featured_media":6576,"comment_status":"open","ping_status":"closed","template":"","meta":{"_jf_limit_responses":"","codigo-producto":"2169-A","costo-gestion":"13.61"},"product_brand":[],"product_cat":[15],"product_tag":[],"class_list":{"0":"post-6573","1":"product","2":"type-product","3":"status-publish","4":"has-post-thumbnail","6":"product_cat-uncategorized","8":"first","9":"instock","10":"shipping-taxable","11":"purchasable","12":"product-type-simple"},"_links":{"self":[{"href":"https:\/\/institutodependencia.edu.es\/pt_br\/wp-json\/wp\/v2\/product\/6573","targetHints":{"allow":["GET"]}}],"collection":[{"href":"https:\/\/institutodependencia.edu.es\/pt_br\/wp-json\/wp\/v2\/product"}],"about":[{"href":"https:\/\/institutodependencia.edu.es\/pt_br\/wp-json\/wp\/v2\/types\/product"}],"replies":[{"embeddable":true,"href":"https:\/\/institutodependencia.edu.es\/pt_br\/wp-json\/wp\/v2\/comments?post=6573"}],"version-history":[{"count":6,"href":"https:\/\/institutodependencia.edu.es\/pt_br\/wp-json\/wp\/v2\/product\/6573\/revisions"}],"predecessor-version":[{"id":6599,"href":"https:\/\/institutodependencia.edu.es\/pt_br\/wp-json\/wp\/v2\/product\/6573\/revisions\/6599"}],"wp:featuredmedia":[{"embeddable":true,"href":"https:\/\/institutodependencia.edu.es\/pt_br\/wp-json\/wp\/v2\/media\/6576"}],"wp:attachment":[{"href":"https:\/\/institutodependencia.edu.es\/pt_br\/wp-json\/wp\/v2\/media?parent=6573"}],"wp:term":[{"taxonomy":"product_brand","embeddable":true,"href":"https:\/\/institutodependencia.edu.es\/pt_br\/wp-json\/wp\/v2\/product_brand?post=6573"},{"taxonomy":"product_cat","embeddable":true,"href":"https:\/\/institutodependencia.edu.es\/pt_br\/wp-json\/wp\/v2\/product_cat?post=6573"},{"taxonomy":"product_tag","embeddable":true,"href":"https:\/\/institutodependencia.edu.es\/pt_br\/wp-json\/wp\/v2\/product_tag?post=6573"}],"curies":[{"name":"wp","href":"https:\/\/api.w.org\/{rel}","templated":true}]}}