{"id":6549,"date":"2024-06-25T14:32:06","date_gmt":"2024-06-25T14:32:06","guid":{"rendered":"https:\/\/institutodependencia.edu.es\/?post_type=product&#038;p=6549"},"modified":"2024-06-28T10:07:59","modified_gmt":"2024-06-28T10:07:59","slug":"gestion-de-enfermedades-infecciosas-en-atencion-sociosanitaria","status":"publish","type":"product","link":"https:\/\/institutodependencia.edu.es\/pt_br\/product\/gestion-de-enfermedades-infecciosas-en-atencion-sociosanitaria\/","title":{"rendered":"Gest\u00e3o de doen\u00e7as infecciosas na assist\u00eancia social de sa\u00fade"},"content":{"rendered":"<p>Las infecciones en personas mayores institucionalizadas son frecuentes debido a una mayor susceptibilidad en dicho grupo. Adem\u00e1s, tienen trascendencia a nivel cl\u00ednico debido a ser una de las principales causas de traslado al hospital y su asociaci\u00f3n con mayor mortalidad, reingresos y gastos sanitarios.<br \/>\nEn este curso trataremos la gesti\u00f3n, prevenci\u00f3n y manejo de las enfermedades infecciosas en las personas mayores institucionalizadas en el \u00e1mbito sociosanitario. Se estudiar\u00e1n en profundidad los distintos sistemas de limpieza hospitalaria para que los trabajadores realicen su labor de forma segura y tambi\u00e9n las medidas de aislamiento que deben adoptarse en estos \u00e1mbitos.<br \/>\nAdem\u00e1s, el manejo de las infecciones en las residencias es complejo debido a la dificultad de acceso a pruebas complementarias y a la presentaci\u00f3n at\u00edpica de las personas mayores. Se debe emplear unos criterios validados para la definici\u00f3n de las infecciones m\u00e1s frecuentes en residencias que incluyen infecci\u00f3n respiratoria, infecci\u00f3n urinaria, infecciones cut\u00e1neas e infecciones gastrointestinales. Es preciso conocer las caracter\u00edsticas y el manejo recomendado para cada una de ellas.<\/p>","protected":false},"excerpt":{"rendered":"<p>Las infecciones en personas mayores institucionalizadas son frecuentes debido a su mayor susceptibilidad, siendo una de las principales causas de hospitalizaci\u00f3n y asoci\u00e1ndose a mayor mortalidad, reingresos y gastos sanitarios. Este curso abordar\u00e1 la gesti\u00f3n, prevenci\u00f3n y manejo de estas enfermedades, incluyendo los sistemas de limpieza hospitalaria y las medidas de aislamiento necesarias.<\/p>","protected":false},"featured_media":6553,"comment_status":"open","ping_status":"closed","template":"","meta":{"_jf_limit_responses":"","codigo-producto":"2062-A","costo-gestion":"13.61"},"product_brand":[],"product_cat":[15],"product_tag":[],"class_list":{"0":"post-6549","1":"product","2":"type-product","3":"status-publish","4":"has-post-thumbnail","6":"product_cat-uncategorized","8":"first","9":"instock","10":"shipping-taxable","11":"purchasable","12":"product-type-simple"},"_links":{"self":[{"href":"https:\/\/institutodependencia.edu.es\/pt_br\/wp-json\/wp\/v2\/product\/6549","targetHints":{"allow":["GET"]}}],"collection":[{"href":"https:\/\/institutodependencia.edu.es\/pt_br\/wp-json\/wp\/v2\/product"}],"about":[{"href":"https:\/\/institutodependencia.edu.es\/pt_br\/wp-json\/wp\/v2\/types\/product"}],"replies":[{"embeddable":true,"href":"https:\/\/institutodependencia.edu.es\/pt_br\/wp-json\/wp\/v2\/comments?post=6549"}],"version-history":[{"count":5,"href":"https:\/\/institutodependencia.edu.es\/pt_br\/wp-json\/wp\/v2\/product\/6549\/revisions"}],"predecessor-version":[{"id":6598,"href":"https:\/\/institutodependencia.edu.es\/pt_br\/wp-json\/wp\/v2\/product\/6549\/revisions\/6598"}],"wp:featuredmedia":[{"embeddable":true,"href":"https:\/\/institutodependencia.edu.es\/pt_br\/wp-json\/wp\/v2\/media\/6553"}],"wp:attachment":[{"href":"https:\/\/institutodependencia.edu.es\/pt_br\/wp-json\/wp\/v2\/media?parent=6549"}],"wp:term":[{"taxonomy":"product_brand","embeddable":true,"href":"https:\/\/institutodependencia.edu.es\/pt_br\/wp-json\/wp\/v2\/product_brand?post=6549"},{"taxonomy":"product_cat","embeddable":true,"href":"https:\/\/institutodependencia.edu.es\/pt_br\/wp-json\/wp\/v2\/product_cat?post=6549"},{"taxonomy":"product_tag","embeddable":true,"href":"https:\/\/institutodependencia.edu.es\/pt_br\/wp-json\/wp\/v2\/product_tag?post=6549"}],"curies":[{"name":"wp","href":"https:\/\/api.w.org\/{rel}","templated":true}]}}