{"id":6473,"date":"2024-06-19T10:42:49","date_gmt":"2024-06-19T10:42:49","guid":{"rendered":"https:\/\/institutodependencia.edu.es\/?post_type=product&#038;p=6473"},"modified":"2024-06-26T11:48:52","modified_gmt":"2024-06-26T11:48:52","slug":"prevencion-de-riesgos-laborales-en-el-sector-sociosanitario-basico-prl-50h","status":"publish","type":"product","link":"https:\/\/institutodependencia.edu.es\/pt_br\/product\/prevencion-de-riesgos-laborales-en-el-sector-sociosanitario-basico-prl-50h\/","title":{"rendered":"Preven\u00e7\u00e3o de riscos ocupacionais no setor social e sa\u00fade \u2013 B\u00e1sico (PRL 50h)"},"content":{"rendered":"<p>Te sumergir\u00e1s en los \u00abConceptos B\u00e1sicos sobre Seguridad y Salud en el Trabajo\u00bb, explorando los riesgos profesionales, los factores de riesgo, y comprendiendo el marco normativo esencial en materia de prevenci\u00f3n de riesgos laborales.<\/p>\n<p>Abordar\u00e1s los \u00abRiesgos Generales y su Prevenci\u00f3n\u00bb, adquiriendo conocimientos sobre condiciones de seguridad, medio ambiente de trabajo, carga laboral, sistemas de control de riesgos, planes de emergencia y evacuaci\u00f3n, y el control de la salud de los trabajadores.<\/p>\n<p>Conocer\u00e1s los \u00abRiesgos Espec\u00edficos y su Prevenci\u00f3n en el Sector Sociosanitario\u00bb, detallando los riesgos vinculados a los puestos en este sector y proporcionando medidas preventivas efectivas. Aprender\u00e1s los \u00abElementos B\u00e1sicos de Gesti\u00f3n de la Prevenci\u00f3n de Riesgos\u00bb comprendiendo la importancia de la organizaci\u00f3n del trabajo preventivo y la documentaci\u00f3n necesaria para garantizar un entorno laboral seguro.<\/p>\n<p>Adquirir\u00e1s habilidades vitales en \u00abPrimeros Auxilios\u00bb. Desde el manejo de heridas hasta la reanimaci\u00f3n cardiopulmonar (RCP), estar\u00e1s preparado para responder de manera efectiva en situaciones de emergencia.<\/p>\n<p>Este curso n\u00e3o apenas atende aos requisitos regulamentares, mas tamb\u00e9m fornecer\u00e1 as habilidades pr\u00e1ticas necess\u00e1rias para garantir a seguran\u00e7a e o bem-estar no ambiente social e de sa\u00fade. Junte-se a n\u00f3s e seja um agente ativo na cria\u00e7\u00e3o de ambientes de trabalho seguros e saud\u00e1veis.<\/p>\n<p>Convidamos voc\u00ea a iniciar esta jornada de treinamento conosco!<\/p>","protected":false},"excerpt":{"rendered":"<p>\u00a1Descubre nuestro curso de \u00abPrevenci\u00f3n de Riesgos Laborales B\u00e1sico en el Sector Sociosanitario\u00bb y transforma tu entorno de trabajo en un espacio seguro y saludable!<\/p>","protected":false},"featured_media":6471,"comment_status":"open","ping_status":"closed","template":"","meta":{"_jf_limit_responses":"","codigo-producto":"185-D","costo-gestion":"45.38"},"product_brand":[],"product_cat":[15],"product_tag":[],"class_list":{"0":"post-6473","1":"product","2":"type-product","3":"status-publish","4":"has-post-thumbnail","6":"product_cat-uncategorized","8":"first","9":"instock","10":"shipping-taxable","11":"purchasable","12":"product-type-simple"},"_links":{"self":[{"href":"https:\/\/institutodependencia.edu.es\/pt_br\/wp-json\/wp\/v2\/product\/6473","targetHints":{"allow":["GET"]}}],"collection":[{"href":"https:\/\/institutodependencia.edu.es\/pt_br\/wp-json\/wp\/v2\/product"}],"about":[{"href":"https:\/\/institutodependencia.edu.es\/pt_br\/wp-json\/wp\/v2\/types\/product"}],"replies":[{"embeddable":true,"href":"https:\/\/institutodependencia.edu.es\/pt_br\/wp-json\/wp\/v2\/comments?post=6473"}],"version-history":[{"count":1,"href":"https:\/\/institutodependencia.edu.es\/pt_br\/wp-json\/wp\/v2\/product\/6473\/revisions"}],"predecessor-version":[{"id":6474,"href":"https:\/\/institutodependencia.edu.es\/pt_br\/wp-json\/wp\/v2\/product\/6473\/revisions\/6474"}],"wp:featuredmedia":[{"embeddable":true,"href":"https:\/\/institutodependencia.edu.es\/pt_br\/wp-json\/wp\/v2\/media\/6471"}],"wp:attachment":[{"href":"https:\/\/institutodependencia.edu.es\/pt_br\/wp-json\/wp\/v2\/media?parent=6473"}],"wp:term":[{"taxonomy":"product_brand","embeddable":true,"href":"https:\/\/institutodependencia.edu.es\/pt_br\/wp-json\/wp\/v2\/product_brand?post=6473"},{"taxonomy":"product_cat","embeddable":true,"href":"https:\/\/institutodependencia.edu.es\/pt_br\/wp-json\/wp\/v2\/product_cat?post=6473"},{"taxonomy":"product_tag","embeddable":true,"href":"https:\/\/institutodependencia.edu.es\/pt_br\/wp-json\/wp\/v2\/product_tag?post=6473"}],"curies":[{"name":"wp","href":"https:\/\/api.w.org\/{rel}","templated":true}]}}