{"id":5932,"date":"2024-04-29T14:23:02","date_gmt":"2024-04-29T14:23:02","guid":{"rendered":"https:\/\/institutodependencia.edu.es\/?post_type=product&#038;p=5932"},"modified":"2025-09-15T08:10:31","modified_gmt":"2025-09-15T08:10:31","slug":"reglamento-general-de-proteccion-de-datos-rgpd-sector-sociosanitario","status":"publish","type":"product","link":"https:\/\/institutodependencia.edu.es\/pt_br\/product\/reglamento-general-de-proteccion-de-datos-rgpd-sector-sociosanitario\/","title":{"rendered":"Regulamento Geral de Prote\u00e7\u00e3o de Dados (RGPD) \u2013 Setor Social e Sa\u00fade"},"content":{"rendered":"<p>Abordaremos quest\u00f5es fundamentais, como o que s\u00e3o dados pessoais? Definiremos objetivos claros para garantir que, no final do curso, voc\u00ea tenha uma consci\u00eancia informada e forte da gest\u00e3o de dados neste setor essencial.<\/p>\n<p>Este curso ir\u00e1 equip\u00e1-lo com as ferramentas necess\u00e1rias para navegar habilmente no complexo cen\u00e1rio da prote\u00e7\u00e3o de dados, garantindo a gest\u00e3o \u00e9tica e legal da informa\u00e7\u00e3o no setor social e de sa\u00fade.<\/p>","protected":false},"excerpt":{"rendered":"<p>Neste curso voc\u00ea mergulhar\u00e1 na conscientiza\u00e7\u00e3o sobre a import\u00e2ncia do GDPR, proporcionando-lhe uma s\u00f3lida compreens\u00e3o dos dados pessoais e sua relev\u00e2ncia no campo social e da sa\u00fade.<\/p>","protected":false},"featured_media":5933,"comment_status":"open","ping_status":"closed","template":"","meta":{"_jf_limit_responses":"","codigo-producto":"1001-C","costo-gestion":"3.63"},"product_brand":[],"product_cat":[33],"product_tag":[],"class_list":{"0":"post-5932","1":"product","2":"type-product","3":"status-publish","4":"has-post-thumbnail","6":"product_cat-programado","8":"first","9":"instock","10":"shipping-taxable","11":"purchasable","12":"product-type-simple"},"_links":{"self":[{"href":"https:\/\/institutodependencia.edu.es\/pt_br\/wp-json\/wp\/v2\/product\/5932","targetHints":{"allow":["GET"]}}],"collection":[{"href":"https:\/\/institutodependencia.edu.es\/pt_br\/wp-json\/wp\/v2\/product"}],"about":[{"href":"https:\/\/institutodependencia.edu.es\/pt_br\/wp-json\/wp\/v2\/types\/product"}],"replies":[{"embeddable":true,"href":"https:\/\/institutodependencia.edu.es\/pt_br\/wp-json\/wp\/v2\/comments?post=5932"}],"version-history":[{"count":1,"href":"https:\/\/institutodependencia.edu.es\/pt_br\/wp-json\/wp\/v2\/product\/5932\/revisions"}],"predecessor-version":[{"id":5934,"href":"https:\/\/institutodependencia.edu.es\/pt_br\/wp-json\/wp\/v2\/product\/5932\/revisions\/5934"}],"wp:featuredmedia":[{"embeddable":true,"href":"https:\/\/institutodependencia.edu.es\/pt_br\/wp-json\/wp\/v2\/media\/5933"}],"wp:attachment":[{"href":"https:\/\/institutodependencia.edu.es\/pt_br\/wp-json\/wp\/v2\/media?parent=5932"}],"wp:term":[{"taxonomy":"product_brand","embeddable":true,"href":"https:\/\/institutodependencia.edu.es\/pt_br\/wp-json\/wp\/v2\/product_brand?post=5932"},{"taxonomy":"product_cat","embeddable":true,"href":"https:\/\/institutodependencia.edu.es\/pt_br\/wp-json\/wp\/v2\/product_cat?post=5932"},{"taxonomy":"product_tag","embeddable":true,"href":"https:\/\/institutodependencia.edu.es\/pt_br\/wp-json\/wp\/v2\/product_tag?post=5932"}],"curies":[{"name":"wp","href":"https:\/\/api.w.org\/{rel}","templated":true}]}}