{"id":5924,"date":"2024-04-29T11:43:37","date_gmt":"2024-04-29T11:43:37","guid":{"rendered":"https:\/\/institutodependencia.edu.es\/?post_type=product&#038;p=5924"},"modified":"2024-05-27T14:44:04","modified_gmt":"2024-05-27T14:44:04","slug":"itinerario-igualdad-sensibilizacion-prevencion-del-acoso-y-lenguaje-inclusivo","status":"publish","type":"product","link":"https:\/\/institutodependencia.edu.es\/pt_br\/product\/itinerario-igualdad-sensibilizacion-prevencion-del-acoso-y-lenguaje-inclusivo\/","title":{"rendered":"Itiner\u00e1rio para a igualdade: sensibiliza\u00e7\u00e3o, preven\u00e7\u00e3o do ass\u00e9dio e linguagem inclusiva"},"content":{"rendered":"","protected":false},"excerpt":{"rendered":"<p>Este itiner\u00e1rio de igualdade foi concebido em tr\u00eas m\u00f3dulos para adquirir conhecimentos aprofundados sobre igualdade de g\u00e9nero, preven\u00e7\u00e3o de ass\u00e9dio e linguagem inclusiva.<\/p>\n<p>Atualize-se sobre as regulamenta\u00e7\u00f5es, aplique pr\u00e1ticas inclusivas e promova a n\u00e3o discrimina\u00e7\u00e3o no local de trabalho.<\/p>","protected":false},"featured_media":5925,"comment_status":"open","ping_status":"closed","template":"","meta":{"_jf_limit_responses":"","codigo-producto":"2065-BM","costo-gestion":"9.08"},"product_brand":[],"product_cat":[33],"product_tag":[],"class_list":{"0":"post-5924","1":"product","2":"type-product","3":"status-publish","4":"has-post-thumbnail","6":"product_cat-programado","8":"first","9":"instock","10":"shipping-taxable","11":"purchasable","12":"product-type-simple"},"_links":{"self":[{"href":"https:\/\/institutodependencia.edu.es\/pt_br\/wp-json\/wp\/v2\/product\/5924","targetHints":{"allow":["GET"]}}],"collection":[{"href":"https:\/\/institutodependencia.edu.es\/pt_br\/wp-json\/wp\/v2\/product"}],"about":[{"href":"https:\/\/institutodependencia.edu.es\/pt_br\/wp-json\/wp\/v2\/types\/product"}],"replies":[{"embeddable":true,"href":"https:\/\/institutodependencia.edu.es\/pt_br\/wp-json\/wp\/v2\/comments?post=5924"}],"version-history":[{"count":1,"href":"https:\/\/institutodependencia.edu.es\/pt_br\/wp-json\/wp\/v2\/product\/5924\/revisions"}],"predecessor-version":[{"id":5926,"href":"https:\/\/institutodependencia.edu.es\/pt_br\/wp-json\/wp\/v2\/product\/5924\/revisions\/5926"}],"wp:featuredmedia":[{"embeddable":true,"href":"https:\/\/institutodependencia.edu.es\/pt_br\/wp-json\/wp\/v2\/media\/5925"}],"wp:attachment":[{"href":"https:\/\/institutodependencia.edu.es\/pt_br\/wp-json\/wp\/v2\/media?parent=5924"}],"wp:term":[{"taxonomy":"product_brand","embeddable":true,"href":"https:\/\/institutodependencia.edu.es\/pt_br\/wp-json\/wp\/v2\/product_brand?post=5924"},{"taxonomy":"product_cat","embeddable":true,"href":"https:\/\/institutodependencia.edu.es\/pt_br\/wp-json\/wp\/v2\/product_cat?post=5924"},{"taxonomy":"product_tag","embeddable":true,"href":"https:\/\/institutodependencia.edu.es\/pt_br\/wp-json\/wp\/v2\/product_tag?post=5924"}],"curies":[{"name":"wp","href":"https:\/\/api.w.org\/{rel}","templated":true}]}}