{"id":5815,"date":"2024-04-26T11:08:56","date_gmt":"2024-04-26T11:08:56","guid":{"rendered":"https:\/\/institutodependencia.edu.es\/?post_type=product&#038;p=5815"},"modified":"2026-02-24T12:23:47","modified_gmt":"2026-02-24T12:23:47","slug":"trabajo-en-equipo-y-familias-en-el-sector-sociosanitario-solo-espana","status":"publish","type":"product","link":"https:\/\/institutodependencia.edu.es\/pt_br\/product\/trabajo-en-equipo-y-familias-en-el-sector-sociosanitario-solo-espana\/","title":{"rendered":"Trabalho em equipe e fam\u00edlias no setor social e de sa\u00fade"},"content":{"rendered":"<p>Atrav\u00e9s deste curso voc\u00ea adquirir\u00e1 ferramentas e t\u00e9cnicas essenciais aplicadas a equipes de trabalho, enfrentando dificuldades e conflitos comuns e aprendendo a facilitar reuni\u00f5es eficazes.<\/p>\n<p>Voc\u00ea explorar\u00e1 estrat\u00e9gias de motiva\u00e7\u00e3o e recompensa para manter um ambiente positivo e produtivo.<\/p>\n<p>Na segunda parte do curso focaremos nos cuidadores familiares, desvendando seus problemas, perfis e \u00e1reas de sobrecarga. Abordaremos as repercuss\u00f5es na sa\u00fade dos cuidadores, oferecendo programas de interven\u00e7\u00e3o e orienta\u00e7\u00f5es para enfrentar momentos cr\u00edticos de tomada de decis\u00e3o.<\/p>\n<p>Junte-se a n\u00f3s para ampliar suas habilidades de trabalho em equipe e fortalecer os la\u00e7os com as fam\u00edlias no setor social e de sa\u00fade. Fa\u00e7a cada experi\u00eancia valer a pena!<\/p>","protected":false},"excerpt":{"rendered":"<p>Emb\u00e1rcate en una experiencia transformadora con nuestro curso \u00abTrabajo en Equipo y Familias en el Sector Sociosanitario\u00bb. Descubrir\u00e1s las complejidades y ventajas del trabajo en equipo, diferenciando entre un grupo de trabajo com\u00fan y un equipo disciplinario eficaz.<\/p>\n<p>Voc\u00ea explorar\u00e1 a justificativa para o trabalho colaborativo, a delega\u00e7\u00e3o de poderes e a coes\u00e3o essencial da equipe.<\/p>","protected":false},"featured_media":5817,"comment_status":"open","ping_status":"closed","template":"","meta":{"_jf_limit_responses":"","codigo-producto":"2022-B","costo-gestion":"5.45"},"product_brand":[],"product_cat":[33],"product_tag":[],"class_list":{"0":"post-5815","1":"product","2":"type-product","3":"status-publish","4":"has-post-thumbnail","6":"product_cat-programado","8":"first","9":"instock","10":"shipping-taxable","11":"purchasable","12":"product-type-simple"},"_links":{"self":[{"href":"https:\/\/institutodependencia.edu.es\/pt_br\/wp-json\/wp\/v2\/product\/5815","targetHints":{"allow":["GET"]}}],"collection":[{"href":"https:\/\/institutodependencia.edu.es\/pt_br\/wp-json\/wp\/v2\/product"}],"about":[{"href":"https:\/\/institutodependencia.edu.es\/pt_br\/wp-json\/wp\/v2\/types\/product"}],"replies":[{"embeddable":true,"href":"https:\/\/institutodependencia.edu.es\/pt_br\/wp-json\/wp\/v2\/comments?post=5815"}],"version-history":[{"count":3,"href":"https:\/\/institutodependencia.edu.es\/pt_br\/wp-json\/wp\/v2\/product\/5815\/revisions"}],"predecessor-version":[{"id":6708,"href":"https:\/\/institutodependencia.edu.es\/pt_br\/wp-json\/wp\/v2\/product\/5815\/revisions\/6708"}],"wp:featuredmedia":[{"embeddable":true,"href":"https:\/\/institutodependencia.edu.es\/pt_br\/wp-json\/wp\/v2\/media\/5817"}],"wp:attachment":[{"href":"https:\/\/institutodependencia.edu.es\/pt_br\/wp-json\/wp\/v2\/media?parent=5815"}],"wp:term":[{"taxonomy":"product_brand","embeddable":true,"href":"https:\/\/institutodependencia.edu.es\/pt_br\/wp-json\/wp\/v2\/product_brand?post=5815"},{"taxonomy":"product_cat","embeddable":true,"href":"https:\/\/institutodependencia.edu.es\/pt_br\/wp-json\/wp\/v2\/product_cat?post=5815"},{"taxonomy":"product_tag","embeddable":true,"href":"https:\/\/institutodependencia.edu.es\/pt_br\/wp-json\/wp\/v2\/product_tag?post=5815"}],"curies":[{"name":"wp","href":"https:\/\/api.w.org\/{rel}","templated":true}]}}