{"id":2546,"date":"2024-04-09T18:59:09","date_gmt":"2024-04-09T18:59:09","guid":{"rendered":"https:\/\/institutodependencia.edu.es\/product\/musica-para-despertar-modulo-1\/"},"modified":"2024-05-27T14:30:41","modified_gmt":"2024-05-27T14:30:41","slug":"musica-para-despertar-modulo-1","status":"publish","type":"product","link":"https:\/\/institutodependencia.edu.es\/pt_br\/product\/musica-para-despertar-modulo-1\/","title":{"rendered":"M\u00fasica para acordar. M\u00f3dulo 1"},"content":{"rendered":"<p>O processo de aprendizagem ser\u00e1 orientado por Pepe Olmedo, fundador e diretor do projeto M\u00fasica para Acordar.<\/p>\n<p>PEPE OLMEDO<\/p>\n<p>2013 \u2013 presente: Diretor e Fundador da M\u00fasica para Despertar, criando e aplicando M\u00fasica para Despertar Terapia, aplic\u00e1vel a pessoas com Doen\u00e7a de Alzheimer e outras dem\u00eancias, auxiliando na gest\u00e3o de dist\u00farbios comportamentais associados \u00e0 dem\u00eancia; Profissional Aut\u00f4nomo, na aplica\u00e7\u00e3o da Terapia, e na Forma\u00e7\u00e3o em Centros Especializados, Col\u00e9gios Profissionais, Associa\u00e7\u00f5es de Familiares, Profissionais, Cuidadores, Estudantes, etc.<\/p>","protected":false},"excerpt":{"rendered":"<p>A Associa\u00e7\u00e3o M\u00fasica para Despertar lan\u00e7a este curso online onde abordar\u00e1 como a m\u00fasica, utilizada como ferramenta baseada na Aten\u00e7\u00e3o Centrada na Pessoa, permite uma melhor gest\u00e3o de determinados comportamentos (agita\u00e7\u00e3o, nervosismo, humor, isolamento...) associados \u00e0 dem\u00eancia , al\u00e9m de permitir estimula\u00e7\u00e3o cognitiva, reminisc\u00eancia e valida\u00e7\u00e3o.<\/p>\n<p>Pre\u00e7o m\u00e1ximo do b\u00f4nus de \u20ac 150<\/p>","protected":false},"featured_media":2655,"comment_status":"open","ping_status":"closed","template":"","meta":{"_jf_limit_responses":"","codigo-producto":"2080-A","costo-gestion":"25"},"product_brand":[],"product_cat":[33],"product_tag":[],"class_list":{"0":"post-2546","1":"product","2":"type-product","3":"status-publish","4":"has-post-thumbnail","6":"product_cat-programado","8":"first","9":"instock","10":"virtual","11":"purchasable","12":"product-type-simple"},"_links":{"self":[{"href":"https:\/\/institutodependencia.edu.es\/pt_br\/wp-json\/wp\/v2\/product\/2546","targetHints":{"allow":["GET"]}}],"collection":[{"href":"https:\/\/institutodependencia.edu.es\/pt_br\/wp-json\/wp\/v2\/product"}],"about":[{"href":"https:\/\/institutodependencia.edu.es\/pt_br\/wp-json\/wp\/v2\/types\/product"}],"replies":[{"embeddable":true,"href":"https:\/\/institutodependencia.edu.es\/pt_br\/wp-json\/wp\/v2\/comments?post=2546"}],"version-history":[{"count":5,"href":"https:\/\/institutodependencia.edu.es\/pt_br\/wp-json\/wp\/v2\/product\/2546\/revisions"}],"predecessor-version":[{"id":5988,"href":"https:\/\/institutodependencia.edu.es\/pt_br\/wp-json\/wp\/v2\/product\/2546\/revisions\/5988"}],"wp:featuredmedia":[{"embeddable":true,"href":"https:\/\/institutodependencia.edu.es\/pt_br\/wp-json\/wp\/v2\/media\/2655"}],"wp:attachment":[{"href":"https:\/\/institutodependencia.edu.es\/pt_br\/wp-json\/wp\/v2\/media?parent=2546"}],"wp:term":[{"taxonomy":"product_brand","embeddable":true,"href":"https:\/\/institutodependencia.edu.es\/pt_br\/wp-json\/wp\/v2\/product_brand?post=2546"},{"taxonomy":"product_cat","embeddable":true,"href":"https:\/\/institutodependencia.edu.es\/pt_br\/wp-json\/wp\/v2\/product_cat?post=2546"},{"taxonomy":"product_tag","embeddable":true,"href":"https:\/\/institutodependencia.edu.es\/pt_br\/wp-json\/wp\/v2\/product_tag?post=2546"}],"curies":[{"name":"wp","href":"https:\/\/api.w.org\/{rel}","templated":true}]}}