{"id":2534,"date":"2024-04-09T18:59:07","date_gmt":"2024-04-09T18:59:07","guid":{"rendered":"https:\/\/institutodependencia.edu.es\/product\/unidades-de-convivencia\/"},"modified":"2024-09-05T07:16:07","modified_gmt":"2024-09-05T07:16:07","slug":"unidades-de-convivencia","status":"publish","type":"product","link":"https:\/\/institutodependencia.edu.es\/pt_br\/product\/unidades-de-convivencia\/","title":{"rendered":"Unidades de Conviv\u00eancia"},"content":{"rendered":"<p>O meio ambiente \u00e9 um fator que determina em grande parte a qualidade de vida dos idosos. Nesse sentido, as unidades de conviv\u00eancia surgem como alternativa \u00e0s resid\u00eancias tradicionais, respeitando a dignidade e as prefer\u00eancias dos usu\u00e1rios.<\/p>","protected":false},"excerpt":{"rendered":"<p>Com este curso voc\u00ea aprender\u00e1 como o ambiente influencia o comportamento e o bem-estar, bem como a concep\u00e7\u00e3o e implementa\u00e7\u00e3o desses espa\u00e7os em unidades habitacionais.<\/p>","protected":false},"featured_media":5073,"comment_status":"open","ping_status":"closed","template":"","meta":{"_jf_limit_responses":"","codigo-producto":"2279-A","costo-gestion":"10.89"},"product_brand":[],"product_cat":[33],"product_tag":[],"class_list":{"0":"post-2534","1":"product","2":"type-product","3":"status-publish","4":"has-post-thumbnail","6":"product_cat-programado","8":"first","9":"instock","10":"shipping-taxable","11":"purchasable","12":"product-type-simple"},"_links":{"self":[{"href":"https:\/\/institutodependencia.edu.es\/pt_br\/wp-json\/wp\/v2\/product\/2534","targetHints":{"allow":["GET"]}}],"collection":[{"href":"https:\/\/institutodependencia.edu.es\/pt_br\/wp-json\/wp\/v2\/product"}],"about":[{"href":"https:\/\/institutodependencia.edu.es\/pt_br\/wp-json\/wp\/v2\/types\/product"}],"replies":[{"embeddable":true,"href":"https:\/\/institutodependencia.edu.es\/pt_br\/wp-json\/wp\/v2\/comments?post=2534"}],"version-history":[{"count":4,"href":"https:\/\/institutodependencia.edu.es\/pt_br\/wp-json\/wp\/v2\/product\/2534\/revisions"}],"predecessor-version":[{"id":6786,"href":"https:\/\/institutodependencia.edu.es\/pt_br\/wp-json\/wp\/v2\/product\/2534\/revisions\/6786"}],"wp:featuredmedia":[{"embeddable":true,"href":"https:\/\/institutodependencia.edu.es\/pt_br\/wp-json\/wp\/v2\/media\/5073"}],"wp:attachment":[{"href":"https:\/\/institutodependencia.edu.es\/pt_br\/wp-json\/wp\/v2\/media?parent=2534"}],"wp:term":[{"taxonomy":"product_brand","embeddable":true,"href":"https:\/\/institutodependencia.edu.es\/pt_br\/wp-json\/wp\/v2\/product_brand?post=2534"},{"taxonomy":"product_cat","embeddable":true,"href":"https:\/\/institutodependencia.edu.es\/pt_br\/wp-json\/wp\/v2\/product_cat?post=2534"},{"taxonomy":"product_tag","embeddable":true,"href":"https:\/\/institutodependencia.edu.es\/pt_br\/wp-json\/wp\/v2\/product_tag?post=2534"}],"curies":[{"name":"wp","href":"https:\/\/api.w.org\/{rel}","templated":true}]}}