{"id":2533,"date":"2024-04-09T18:59:07","date_gmt":"2024-04-09T18:59:07","guid":{"rendered":"https:\/\/institutodependencia.edu.es\/product\/profesional-de-referencia-y-nuevos-roles-desde-la-acp\/"},"modified":"2024-09-05T07:16:42","modified_gmt":"2024-09-05T07:16:42","slug":"profesional-de-referencia-y-nuevos-roles-desde-la-acp","status":"publish","type":"product","link":"https:\/\/institutodependencia.edu.es\/pt_br\/product\/profesional-de-referencia-y-nuevos-roles-desde-la-acp\/","title":{"rendered":"Profissional de Refer\u00eancia e novas fun\u00e7\u00f5es do ACP"},"content":{"rendered":"<p>Avan\u00e7ar para uma Cultura Centrada nas Pessoas envolve mudar a forma como os idosos, as fam\u00edlias e os profissionais de sa\u00fade interagem.<\/p>\n<p>Focaremos no papel do Profissional de Refer\u00eancia, essencial para prestar um atendimento personalizado atrav\u00e9s do suporte cont\u00ednuo no dia a dia. Tamb\u00e9m aprenderemos a tra\u00e7ar um roteiro para promover esta figura em nossos centros.<\/p>","protected":false},"excerpt":{"rendered":"<p>Neste curso, exploraremos o modelo de Relacionamento Centrado nas Pessoas e como as fun\u00e7\u00f5es e equipes principais s\u00e3o transformadas.<\/p>\n<p>Destacaremos figuras-chave como o Profissional de Refer\u00eancia, a Coordena\u00e7\u00e3o de Unidades de Conviv\u00eancia e o Gestor de Cultura Centrada na Pessoa.<\/p>","protected":false},"featured_media":2650,"comment_status":"open","ping_status":"closed","template":"","meta":{"_jf_limit_responses":"","codigo-producto":"2280-A","costo-gestion":"10.89"},"product_brand":[],"product_cat":[33],"product_tag":[],"class_list":{"0":"post-2533","1":"product","2":"type-product","3":"status-publish","4":"has-post-thumbnail","6":"product_cat-programado","8":"first","9":"instock","10":"virtual","11":"purchasable","12":"product-type-simple"},"_links":{"self":[{"href":"https:\/\/institutodependencia.edu.es\/pt_br\/wp-json\/wp\/v2\/product\/2533","targetHints":{"allow":["GET"]}}],"collection":[{"href":"https:\/\/institutodependencia.edu.es\/pt_br\/wp-json\/wp\/v2\/product"}],"about":[{"href":"https:\/\/institutodependencia.edu.es\/pt_br\/wp-json\/wp\/v2\/types\/product"}],"replies":[{"embeddable":true,"href":"https:\/\/institutodependencia.edu.es\/pt_br\/wp-json\/wp\/v2\/comments?post=2533"}],"version-history":[{"count":4,"href":"https:\/\/institutodependencia.edu.es\/pt_br\/wp-json\/wp\/v2\/product\/2533\/revisions"}],"predecessor-version":[{"id":6787,"href":"https:\/\/institutodependencia.edu.es\/pt_br\/wp-json\/wp\/v2\/product\/2533\/revisions\/6787"}],"wp:featuredmedia":[{"embeddable":true,"href":"https:\/\/institutodependencia.edu.es\/pt_br\/wp-json\/wp\/v2\/media\/2650"}],"wp:attachment":[{"href":"https:\/\/institutodependencia.edu.es\/pt_br\/wp-json\/wp\/v2\/media?parent=2533"}],"wp:term":[{"taxonomy":"product_brand","embeddable":true,"href":"https:\/\/institutodependencia.edu.es\/pt_br\/wp-json\/wp\/v2\/product_brand?post=2533"},{"taxonomy":"product_cat","embeddable":true,"href":"https:\/\/institutodependencia.edu.es\/pt_br\/wp-json\/wp\/v2\/product_cat?post=2533"},{"taxonomy":"product_tag","embeddable":true,"href":"https:\/\/institutodependencia.edu.es\/pt_br\/wp-json\/wp\/v2\/product_tag?post=2533"}],"curies":[{"name":"wp","href":"https:\/\/api.w.org\/{rel}","templated":true}]}}