{"id":2529,"date":"2024-04-09T18:59:06","date_gmt":"2024-04-09T18:59:06","guid":{"rendered":"https:\/\/institutodependencia.edu.es\/product\/atencion-centrada-en-la-persona-basado-en-el-modelo-acp-g-de-teresa-martinez\/"},"modified":"2026-03-11T18:07:21","modified_gmt":"2026-03-11T18:07:21","slug":"atencion-centrada-en-la-persona-basado-en-el-modelo-acp-g-de-teresa-martinez","status":"publish","type":"product","link":"https:\/\/institutodependencia.edu.es\/pt_br\/product\/atencion-centrada-en-la-persona-basado-en-el-modelo-acp-g-de-teresa-martinez\/","title":{"rendered":"Cuidado Centrado na Pessoa baseado no modelo ACP-G de Teresa Mart\u00ednez"},"content":{"rendered":"<p>Quer voc\u00ea fa\u00e7a parte de uma organiza\u00e7\u00e3o e queira capacitar sua equipe de forma \u00e1gil e motivadora, ou trabalhe no setor assistencial e queira impulsionar sua carreira profissional, este curso foi criado especialmente para voc\u00ea e sua equipe!<\/p>\n<p>N\u00e3o perca a oportunidade de ser pioneiro na implementa\u00e7\u00e3o desta abordagem transformadora ao cuidado centrado na pessoa.<\/p>","protected":false},"excerpt":{"rendered":"<p>\u00c9 hora de abra\u00e7ar uma mudan\u00e7a no paradigma do cuidado: o Cuidado Centrado na Pessoa (CCP) n\u00e3o \u00e9 mais uma op\u00e7\u00e3o, mas uma necessidade permanente.<\/p>\n<p>N\u00e3o fique para tr\u00e1s! Descubra esta experi\u00eancia de treinamento online, desenvolvida para orientar indiv\u00edduos e equipes na transi\u00e7\u00e3o para o ACP.<\/p>","protected":false},"featured_media":2692,"comment_status":"open","ping_status":"closed","template":"","meta":{"_jf_limit_responses":"","codigo-producto":"2276-A","costo-gestion":"18.15"},"product_brand":[],"product_cat":[33],"product_tag":[],"class_list":{"0":"post-2529","1":"product","2":"type-product","3":"status-publish","4":"has-post-thumbnail","6":"product_cat-programado","8":"first","9":"instock","10":"virtual","11":"purchasable","12":"product-type-simple"},"_links":{"self":[{"href":"https:\/\/institutodependencia.edu.es\/pt_br\/wp-json\/wp\/v2\/product\/2529","targetHints":{"allow":["GET"]}}],"collection":[{"href":"https:\/\/institutodependencia.edu.es\/pt_br\/wp-json\/wp\/v2\/product"}],"about":[{"href":"https:\/\/institutodependencia.edu.es\/pt_br\/wp-json\/wp\/v2\/types\/product"}],"replies":[{"embeddable":true,"href":"https:\/\/institutodependencia.edu.es\/pt_br\/wp-json\/wp\/v2\/comments?post=2529"}],"version-history":[{"count":4,"href":"https:\/\/institutodependencia.edu.es\/pt_br\/wp-json\/wp\/v2\/product\/2529\/revisions"}],"predecessor-version":[{"id":6782,"href":"https:\/\/institutodependencia.edu.es\/pt_br\/wp-json\/wp\/v2\/product\/2529\/revisions\/6782"}],"wp:featuredmedia":[{"embeddable":true,"href":"https:\/\/institutodependencia.edu.es\/pt_br\/wp-json\/wp\/v2\/media\/2692"}],"wp:attachment":[{"href":"https:\/\/institutodependencia.edu.es\/pt_br\/wp-json\/wp\/v2\/media?parent=2529"}],"wp:term":[{"taxonomy":"product_brand","embeddable":true,"href":"https:\/\/institutodependencia.edu.es\/pt_br\/wp-json\/wp\/v2\/product_brand?post=2529"},{"taxonomy":"product_cat","embeddable":true,"href":"https:\/\/institutodependencia.edu.es\/pt_br\/wp-json\/wp\/v2\/product_cat?post=2529"},{"taxonomy":"product_tag","embeddable":true,"href":"https:\/\/institutodependencia.edu.es\/pt_br\/wp-json\/wp\/v2\/product_tag?post=2529"}],"curies":[{"name":"wp","href":"https:\/\/api.w.org\/{rel}","templated":true}]}}