{"id":2523,"date":"2024-04-09T18:59:05","date_gmt":"2024-04-09T18:59:05","guid":{"rendered":"https:\/\/institutodependencia.edu.es\/product\/curso-avanzado-de-cuidados-paliativos\/"},"modified":"2024-05-27T13:05:14","modified_gmt":"2024-05-27T13:05:14","slug":"curso-avanzado-de-cuidados-paliativos","status":"publish","type":"product","link":"https:\/\/institutodependencia.edu.es\/pt_br\/product\/curso-avanzado-de-cuidados-paliativos\/","title":{"rendered":"Curso Avan\u00e7ado de Cuidados Paliativos"},"content":{"rendered":"","protected":false},"excerpt":{"rendered":"<p>Curso destinado a pessoal m\u00e9dico e de enfermagem<\/p>\n<p>Com este curso voc\u00ea conhecer\u00e1 o arcabou\u00e7o conceitual dos Cuidados Paliativos e desenvolver\u00e1 a metodologia de cuidado aplicando planos com maior evid\u00eancia cient\u00edfica.<\/p>","protected":false},"featured_media":2694,"comment_status":"open","ping_status":"closed","template":"","meta":{"_jf_limit_responses":"","codigo-producto":"2165-A","costo-gestion":"13.61"},"product_brand":[],"product_cat":[33],"product_tag":[],"class_list":{"0":"post-2523","1":"product","2":"type-product","3":"status-publish","4":"has-post-thumbnail","6":"product_cat-programado","8":"first","9":"instock","10":"virtual","11":"purchasable","12":"product-type-simple"},"_links":{"self":[{"href":"https:\/\/institutodependencia.edu.es\/pt_br\/wp-json\/wp\/v2\/product\/2523","targetHints":{"allow":["GET"]}}],"collection":[{"href":"https:\/\/institutodependencia.edu.es\/pt_br\/wp-json\/wp\/v2\/product"}],"about":[{"href":"https:\/\/institutodependencia.edu.es\/pt_br\/wp-json\/wp\/v2\/types\/product"}],"replies":[{"embeddable":true,"href":"https:\/\/institutodependencia.edu.es\/pt_br\/wp-json\/wp\/v2\/comments?post=2523"}],"version-history":[{"count":2,"href":"https:\/\/institutodependencia.edu.es\/pt_br\/wp-json\/wp\/v2\/product\/2523\/revisions"}],"predecessor-version":[{"id":5165,"href":"https:\/\/institutodependencia.edu.es\/pt_br\/wp-json\/wp\/v2\/product\/2523\/revisions\/5165"}],"wp:featuredmedia":[{"embeddable":true,"href":"https:\/\/institutodependencia.edu.es\/pt_br\/wp-json\/wp\/v2\/media\/2694"}],"wp:attachment":[{"href":"https:\/\/institutodependencia.edu.es\/pt_br\/wp-json\/wp\/v2\/media?parent=2523"}],"wp:term":[{"taxonomy":"product_brand","embeddable":true,"href":"https:\/\/institutodependencia.edu.es\/pt_br\/wp-json\/wp\/v2\/product_brand?post=2523"},{"taxonomy":"product_cat","embeddable":true,"href":"https:\/\/institutodependencia.edu.es\/pt_br\/wp-json\/wp\/v2\/product_cat?post=2523"},{"taxonomy":"product_tag","embeddable":true,"href":"https:\/\/institutodependencia.edu.es\/pt_br\/wp-json\/wp\/v2\/product_tag?post=2523"}],"curies":[{"name":"wp","href":"https:\/\/api.w.org\/{rel}","templated":true}]}}