{"id":2521,"date":"2024-04-09T18:59:04","date_gmt":"2024-04-09T18:59:04","guid":{"rendered":"https:\/\/institutodependencia.edu.es\/product\/abordaje-de-la-polifarmacia-en-el-paciente-mayor\/"},"modified":"2024-05-27T12:51:14","modified_gmt":"2024-05-27T12:51:14","slug":"abordaje-de-la-polifarmacia-en-el-paciente-mayor","status":"publish","type":"product","link":"https:\/\/institutodependencia.edu.es\/pt_br\/product\/abordaje-de-la-polifarmacia-en-el-paciente-mayor\/","title":{"rendered":"Abordagem da polifarm\u00e1cia no paciente idoso"},"content":{"rendered":"","protected":false},"excerpt":{"rendered":"<p>O principal objetivo deste curso \u00e9 dar a conhecer a polifarm\u00e1cia que se aplica aos idosos, a frequ\u00eancia e os principais medicamentos utilizados nos lares de idosos.<\/p>\n<p>Bem como dar a conhecer e saber aplicar os princ\u00edpios gerais da prescri\u00e7\u00e3o segura em pessoas idosas.<\/p>","protected":false},"featured_media":2690,"comment_status":"open","ping_status":"closed","template":"","meta":{"_jf_limit_responses":"","codigo-producto":"2052-A","costo-gestion":"13.61"},"product_brand":[],"product_cat":[33],"product_tag":[],"class_list":{"0":"post-2521","1":"product","2":"type-product","3":"status-publish","4":"has-post-thumbnail","6":"product_cat-programado","8":"first","9":"instock","10":"virtual","11":"purchasable","12":"product-type-simple"},"_links":{"self":[{"href":"https:\/\/institutodependencia.edu.es\/pt_br\/wp-json\/wp\/v2\/product\/2521","targetHints":{"allow":["GET"]}}],"collection":[{"href":"https:\/\/institutodependencia.edu.es\/pt_br\/wp-json\/wp\/v2\/product"}],"about":[{"href":"https:\/\/institutodependencia.edu.es\/pt_br\/wp-json\/wp\/v2\/types\/product"}],"replies":[{"embeddable":true,"href":"https:\/\/institutodependencia.edu.es\/pt_br\/wp-json\/wp\/v2\/comments?post=2521"}],"version-history":[{"count":3,"href":"https:\/\/institutodependencia.edu.es\/pt_br\/wp-json\/wp\/v2\/product\/2521\/revisions"}],"predecessor-version":[{"id":6184,"href":"https:\/\/institutodependencia.edu.es\/pt_br\/wp-json\/wp\/v2\/product\/2521\/revisions\/6184"}],"wp:featuredmedia":[{"embeddable":true,"href":"https:\/\/institutodependencia.edu.es\/pt_br\/wp-json\/wp\/v2\/media\/2690"}],"wp:attachment":[{"href":"https:\/\/institutodependencia.edu.es\/pt_br\/wp-json\/wp\/v2\/media?parent=2521"}],"wp:term":[{"taxonomy":"product_brand","embeddable":true,"href":"https:\/\/institutodependencia.edu.es\/pt_br\/wp-json\/wp\/v2\/product_brand?post=2521"},{"taxonomy":"product_cat","embeddable":true,"href":"https:\/\/institutodependencia.edu.es\/pt_br\/wp-json\/wp\/v2\/product_cat?post=2521"},{"taxonomy":"product_tag","embeddable":true,"href":"https:\/\/institutodependencia.edu.es\/pt_br\/wp-json\/wp\/v2\/product_tag?post=2521"}],"curies":[{"name":"wp","href":"https:\/\/api.w.org\/{rel}","templated":true}]}}