{"id":2519,"date":"2024-04-09T18:59:04","date_gmt":"2024-04-09T18:59:04","guid":{"rendered":"https:\/\/institutodependencia.edu.es\/product\/medicacion-de-alto-riesgo-medicacion-peligrosa\/"},"modified":"2024-08-19T06:59:20","modified_gmt":"2024-08-19T06:59:20","slug":"medicacion-de-alto-riesgo-medicacion-peligrosa","status":"publish","type":"product","link":"https:\/\/institutodependencia.edu.es\/pt_br\/product\/medicacion-de-alto-riesgo-medicacion-peligrosa\/","title":{"rendered":"Medica\u00e7\u00e3o de alto risco. Medicamentos perigosos"},"content":{"rendered":"","protected":false},"excerpt":{"rendered":"<p>Medicamentos de alto risco s\u00e3o aqueles que t\u00eam probabilidade muito alta de causar danos graves ou at\u00e9 mesmo a morte caso ocorra algum erro durante seu uso.<\/p>\n<p>Com este curso o aluno conhecer\u00e1 os princ\u00edpios gerais para o uso de medicamentos de alto risco e como prevenir eventuais erros.<\/p>","protected":false},"featured_media":5065,"comment_status":"open","ping_status":"closed","template":"","meta":{"_jf_limit_responses":"","codigo-producto":"2171-A","costo-gestion":"13.61"},"product_brand":[],"product_cat":[33],"product_tag":[],"class_list":{"0":"post-2519","1":"product","2":"type-product","3":"status-publish","4":"has-post-thumbnail","6":"product_cat-programado","8":"first","9":"instock","10":"shipping-taxable","11":"purchasable","12":"product-type-simple"},"_links":{"self":[{"href":"https:\/\/institutodependencia.edu.es\/pt_br\/wp-json\/wp\/v2\/product\/2519","targetHints":{"allow":["GET"]}}],"collection":[{"href":"https:\/\/institutodependencia.edu.es\/pt_br\/wp-json\/wp\/v2\/product"}],"about":[{"href":"https:\/\/institutodependencia.edu.es\/pt_br\/wp-json\/wp\/v2\/types\/product"}],"replies":[{"embeddable":true,"href":"https:\/\/institutodependencia.edu.es\/pt_br\/wp-json\/wp\/v2\/comments?post=2519"}],"version-history":[{"count":2,"href":"https:\/\/institutodependencia.edu.es\/pt_br\/wp-json\/wp\/v2\/product\/2519\/revisions"}],"predecessor-version":[{"id":5181,"href":"https:\/\/institutodependencia.edu.es\/pt_br\/wp-json\/wp\/v2\/product\/2519\/revisions\/5181"}],"wp:featuredmedia":[{"embeddable":true,"href":"https:\/\/institutodependencia.edu.es\/pt_br\/wp-json\/wp\/v2\/media\/5065"}],"wp:attachment":[{"href":"https:\/\/institutodependencia.edu.es\/pt_br\/wp-json\/wp\/v2\/media?parent=2519"}],"wp:term":[{"taxonomy":"product_brand","embeddable":true,"href":"https:\/\/institutodependencia.edu.es\/pt_br\/wp-json\/wp\/v2\/product_brand?post=2519"},{"taxonomy":"product_cat","embeddable":true,"href":"https:\/\/institutodependencia.edu.es\/pt_br\/wp-json\/wp\/v2\/product_cat?post=2519"},{"taxonomy":"product_tag","embeddable":true,"href":"https:\/\/institutodependencia.edu.es\/pt_br\/wp-json\/wp\/v2\/product_tag?post=2519"}],"curies":[{"name":"wp","href":"https:\/\/api.w.org\/{rel}","templated":true}]}}