{"id":2515,"date":"2024-04-09T18:59:03","date_gmt":"2024-04-09T18:59:03","guid":{"rendered":"https:\/\/institutodependencia.edu.es\/product\/certificado-de-profesionalidad-atencion-llamadas-de-teleasistencia-sscg0111\/"},"modified":"2025-10-15T11:12:59","modified_gmt":"2025-10-15T11:12:59","slug":"certificado-de-profesionalidad-atencion-llamadas-de-teleasistencia-sscg0111","status":"publish","type":"product","link":"https:\/\/institutodependencia.edu.es\/pt_br\/product\/certificado-de-profesionalidad-atencion-llamadas-de-teleasistencia-sscg0111\/","title":{"rendered":"Certificado de Profissionalismo Atendendo Chamadas de Teleatendimento (SSCG0111)"},"content":{"rendered":"<p>Se voc\u00ea completar este certificado poder\u00e1 atuar em um dos cargos de maior proje\u00e7\u00e3o no setor social e de sa\u00fade, como:<\/p>\n<ul>\n<li>Operadora de teleassist\u00eancia emitindo chamadas de acompanhamento<\/li>\n<li>Teleoperador de teleassist\u00eancia na gest\u00e3o de chamadas de alarme<\/li>\n<li>Pessoal da unidade m\u00f3vel em aten\u00e7\u00e3o direta no servi\u00e7o TAD<\/li>\n<li>Outras categorias relacionadas<\/li>\n<\/ul>\n<p>Modalidade: teletreinamento<\/p>\n<p>Certificado de Profissionalismo em Gest\u00e3o de Chamadas de Teleassist\u00eancia (310 horas)<\/p>\n<p>\u2013 Teoria (230 horas): 223 horas online\/7 horas presenciais<br \/>\n\u2013 Pr\u00e1ticas Profissionais (80 horas): Valid\u00e1vel por experi\u00eancia profissional<\/p>","protected":false},"excerpt":{"rendered":"<p>Curso preparatorio para la obtenci\u00f3n del certificado de profesionalidad de Atenci\u00f3n sociosanitaria a personas dependientes en instituciones sociales, mediante el proceso de acreditaci\u00f3n de las competencias profesionales (PEAC).<\/p>","protected":false},"featured_media":2676,"comment_status":"open","ping_status":"closed","template":"","meta":{"_jf_limit_responses":"","codigo-producto":"SUP003","costo-gestion":"90"},"product_brand":[],"product_cat":[33],"product_tag":[],"class_list":{"0":"post-2515","1":"product","2":"type-product","3":"status-publish","4":"has-post-thumbnail","6":"product_cat-programado","8":"first","9":"instock","10":"virtual","11":"purchasable","12":"product-type-simple"},"_links":{"self":[{"href":"https:\/\/institutodependencia.edu.es\/pt_br\/wp-json\/wp\/v2\/product\/2515","targetHints":{"allow":["GET"]}}],"collection":[{"href":"https:\/\/institutodependencia.edu.es\/pt_br\/wp-json\/wp\/v2\/product"}],"about":[{"href":"https:\/\/institutodependencia.edu.es\/pt_br\/wp-json\/wp\/v2\/types\/product"}],"replies":[{"embeddable":true,"href":"https:\/\/institutodependencia.edu.es\/pt_br\/wp-json\/wp\/v2\/comments?post=2515"}],"version-history":[{"count":4,"href":"https:\/\/institutodependencia.edu.es\/pt_br\/wp-json\/wp\/v2\/product\/2515\/revisions"}],"predecessor-version":[{"id":7392,"href":"https:\/\/institutodependencia.edu.es\/pt_br\/wp-json\/wp\/v2\/product\/2515\/revisions\/7392"}],"wp:featuredmedia":[{"embeddable":true,"href":"https:\/\/institutodependencia.edu.es\/pt_br\/wp-json\/wp\/v2\/media\/2676"}],"wp:attachment":[{"href":"https:\/\/institutodependencia.edu.es\/pt_br\/wp-json\/wp\/v2\/media?parent=2515"}],"wp:term":[{"taxonomy":"product_brand","embeddable":true,"href":"https:\/\/institutodependencia.edu.es\/pt_br\/wp-json\/wp\/v2\/product_brand?post=2515"},{"taxonomy":"product_cat","embeddable":true,"href":"https:\/\/institutodependencia.edu.es\/pt_br\/wp-json\/wp\/v2\/product_cat?post=2515"},{"taxonomy":"product_tag","embeddable":true,"href":"https:\/\/institutodependencia.edu.es\/pt_br\/wp-json\/wp\/v2\/product_tag?post=2515"}],"curies":[{"name":"wp","href":"https:\/\/api.w.org\/{rel}","templated":true}]}}