{"id":2514,"date":"2024-04-09T18:59:03","date_gmt":"2024-04-09T18:59:03","guid":{"rendered":"https:\/\/institutodependencia.edu.es\/product\/certificado-de-profesionalidad-atencion-sociosanitaria-a-personas-dependientes-en-instituciones-sociales-sscs0208\/"},"modified":"2025-07-16T12:04:21","modified_gmt":"2025-07-16T12:04:21","slug":"certificado-de-profesionalidad-atencion-sociosanitaria-a-personas-dependientes-en-instituciones-sociales-sscs0208","status":"publish","type":"product","link":"https:\/\/institutodependencia.edu.es\/pt_br\/product\/certificado-de-profesionalidad-atencion-sociosanitaria-a-personas-dependientes-en-instituciones-sociales-sscs0208\/","title":{"rendered":"Certificado de Profissionalismo em Assist\u00eancia Social e de Sa\u00fade para pessoas dependentes em institui\u00e7\u00f5es sociais (SSCS0208)"},"content":{"rendered":"<p>Certificado Profissional Oficial que qualifica para o exerc\u00edcio profissional como:<\/p>\n<ul>\n<li>Cuidador de deficientes f\u00edsicos, mentais e sensoriais.<\/li>\n<li>Cuidador de dependentes em institui\u00e7\u00f5es.<\/li>\n<li>Gerocultor.<\/li>\n<\/ul>\n<p>A forma\u00e7\u00e3o inclui est\u00e1gios em centros sociais e de sa\u00fade, uma vez conclu\u00eddos.<\/p>\n<p>Certificado de Profissionalismo em Assist\u00eancia Social e de Sa\u00fade para Pessoas Dependentes em Institui\u00e7\u00f5es Sociais (SSCS0208) (450 horas)<\/p>\n<p>\u2013 Teoria (370 horas): 338 horas online\/32 horas presenciais<br \/>\n\u2013 Pr\u00e1ticas Profissionais (80 horas): Valid\u00e1vel por experi\u00eancia profissional<\/p>","protected":false},"excerpt":{"rendered":"<p>O Certificado de Profissionalismo em Assist\u00eancia S\u00f3cio-Sa\u00fade a Pessoas Dependentes em Institui\u00e7\u00f5es Sociais \u00e9 a forma\u00e7\u00e3o regulamentada exigida a partir de 1 de janeiro de 2023 para poder exercer a fun\u00e7\u00e3o de auxiliar em centros e servi\u00e7os de cuidados a depend\u00eancias.<\/p>","protected":false},"featured_media":2674,"comment_status":"open","ping_status":"closed","template":"","meta":{"_jf_limit_responses":"","codigo-producto":"SUP002","costo-gestion":"169.40"},"product_brand":[],"product_cat":[33],"product_tag":[],"class_list":{"0":"post-2514","1":"product","2":"type-product","3":"status-publish","4":"has-post-thumbnail","6":"product_cat-programado","8":"first","9":"instock","10":"virtual","11":"purchasable","12":"product-type-simple"},"_links":{"self":[{"href":"https:\/\/institutodependencia.edu.es\/pt_br\/wp-json\/wp\/v2\/product\/2514","targetHints":{"allow":["GET"]}}],"collection":[{"href":"https:\/\/institutodependencia.edu.es\/pt_br\/wp-json\/wp\/v2\/product"}],"about":[{"href":"https:\/\/institutodependencia.edu.es\/pt_br\/wp-json\/wp\/v2\/types\/product"}],"replies":[{"embeddable":true,"href":"https:\/\/institutodependencia.edu.es\/pt_br\/wp-json\/wp\/v2\/comments?post=2514"}],"version-history":[{"count":3,"href":"https:\/\/institutodependencia.edu.es\/pt_br\/wp-json\/wp\/v2\/product\/2514\/revisions"}],"predecessor-version":[{"id":6009,"href":"https:\/\/institutodependencia.edu.es\/pt_br\/wp-json\/wp\/v2\/product\/2514\/revisions\/6009"}],"wp:featuredmedia":[{"embeddable":true,"href":"https:\/\/institutodependencia.edu.es\/pt_br\/wp-json\/wp\/v2\/media\/2674"}],"wp:attachment":[{"href":"https:\/\/institutodependencia.edu.es\/pt_br\/wp-json\/wp\/v2\/media?parent=2514"}],"wp:term":[{"taxonomy":"product_brand","embeddable":true,"href":"https:\/\/institutodependencia.edu.es\/pt_br\/wp-json\/wp\/v2\/product_brand?post=2514"},{"taxonomy":"product_cat","embeddable":true,"href":"https:\/\/institutodependencia.edu.es\/pt_br\/wp-json\/wp\/v2\/product_cat?post=2514"},{"taxonomy":"product_tag","embeddable":true,"href":"https:\/\/institutodependencia.edu.es\/pt_br\/wp-json\/wp\/v2\/product_tag?post=2514"}],"curies":[{"name":"wp","href":"https:\/\/api.w.org\/{rel}","templated":true}]}}