{"id":2512,"date":"2024-04-09T18:59:03","date_gmt":"2024-04-09T18:59:03","guid":{"rendered":"https:\/\/institutodependencia.edu.es\/product\/tecnico-superior-en-promocion-para-la-igualdad-de-genero-especialidad-en-diseno-de-planes-de-igualdad-en-la-empresa\/"},"modified":"2025-05-26T11:46:41","modified_gmt":"2025-05-26T11:46:41","slug":"tecnico-superior-en-promocion-para-la-igualdad-de-genero-especialidad-en-diseno-de-planes-de-igualdad-en-la-empresa","status":"publish","type":"product","link":"https:\/\/institutodependencia.edu.es\/pt_br\/product\/tecnico-superior-en-promocion-para-la-igualdad-de-genero-especialidad-en-diseno-de-planes-de-igualdad-en-la-empresa\/","title":{"rendered":"T\u00e9cnico Superior em Promo\u00e7\u00e3o da Igualdade de G\u00e9nero. Especialidade em Desenho de planos de igualdade na empresa"},"content":{"rendered":"<p>Forma\u00e7\u00e3o Profissional \u00e0 sua medida.<\/p>\n<p>O CESUR oferece a possibilidade de realizar seu PF em diversas modalidades.<\/p>\n<p>As modalidades BASIC, STANDARD ou PREMIUM incorporam diversos recursos \u00e0 disposi\u00e7\u00e3o dos alunos.<\/p>\n<p>A op\u00e7\u00e3o de incorporar ao projeto de forma\u00e7\u00e3o um maior n\u00famero de casos pr\u00e1ticos, videoconfer\u00eancias, tutorias personalizadas e participa\u00e7\u00e3o em f\u00f3runs ser\u00e1 adicionada dependendo da op\u00e7\u00e3o de estudo escolhida.<\/p>\n<p>Consulte-nos os pre\u00e7os de cada uma das diferentes modalidades.<\/p>","protected":false},"excerpt":{"rendered":"<p>Como T\u00e9cnico Superior em Promo\u00e7\u00e3o da Igualdade de G\u00e9nero, poder\u00e1 desenvolver processos de an\u00e1lise da realidade com ferramentas e estrat\u00e9gias eficazes para cumprir um dos objetivos mais importantes na utiliza\u00e7\u00e3o da disciplina em igualdade de condi\u00e7\u00f5es com as necessidades e peculiaridades do destinat\u00e1rios.<\/p>","protected":false},"featured_media":2641,"comment_status":"open","ping_status":"closed","template":"","meta":{"_jf_limit_responses":"","codigo-producto":"CES006","costo-gestion":""},"product_brand":[],"product_cat":[33],"product_tag":[],"class_list":{"0":"post-2512","1":"product","2":"type-product","3":"status-publish","4":"has-post-thumbnail","6":"product_cat-programado","8":"first","9":"instock","10":"shipping-taxable","11":"product-type-simple"},"_links":{"self":[{"href":"https:\/\/institutodependencia.edu.es\/pt_br\/wp-json\/wp\/v2\/product\/2512","targetHints":{"allow":["GET"]}}],"collection":[{"href":"https:\/\/institutodependencia.edu.es\/pt_br\/wp-json\/wp\/v2\/product"}],"about":[{"href":"https:\/\/institutodependencia.edu.es\/pt_br\/wp-json\/wp\/v2\/types\/product"}],"replies":[{"embeddable":true,"href":"https:\/\/institutodependencia.edu.es\/pt_br\/wp-json\/wp\/v2\/comments?post=2512"}],"version-history":[{"count":3,"href":"https:\/\/institutodependencia.edu.es\/pt_br\/wp-json\/wp\/v2\/product\/2512\/revisions"}],"predecessor-version":[{"id":6011,"href":"https:\/\/institutodependencia.edu.es\/pt_br\/wp-json\/wp\/v2\/product\/2512\/revisions\/6011"}],"wp:featuredmedia":[{"embeddable":true,"href":"https:\/\/institutodependencia.edu.es\/pt_br\/wp-json\/wp\/v2\/media\/2641"}],"wp:attachment":[{"href":"https:\/\/institutodependencia.edu.es\/pt_br\/wp-json\/wp\/v2\/media?parent=2512"}],"wp:term":[{"taxonomy":"product_brand","embeddable":true,"href":"https:\/\/institutodependencia.edu.es\/pt_br\/wp-json\/wp\/v2\/product_brand?post=2512"},{"taxonomy":"product_cat","embeddable":true,"href":"https:\/\/institutodependencia.edu.es\/pt_br\/wp-json\/wp\/v2\/product_cat?post=2512"},{"taxonomy":"product_tag","embeddable":true,"href":"https:\/\/institutodependencia.edu.es\/pt_br\/wp-json\/wp\/v2\/product_tag?post=2512"}],"curies":[{"name":"wp","href":"https:\/\/api.w.org\/{rel}","templated":true}]}}