{"id":2510,"date":"2024-04-09T18:59:02","date_gmt":"2024-04-09T18:59:02","guid":{"rendered":"https:\/\/institutodependencia.edu.es\/product\/tecnico-cuidados-auxiliares-de-enfermeria\/"},"modified":"2025-05-26T11:42:58","modified_gmt":"2025-05-26T11:42:58","slug":"tecnico-cuidados-auxiliares-de-enfermeria","status":"publish","type":"product","link":"https:\/\/institutodependencia.edu.es\/pt_br\/product\/tecnico-cuidados-auxiliares-de-enfermeria\/","title":{"rendered":"T\u00e9cnico Auxiliar de Enfermagem"},"content":{"rendered":"<p>Forma\u00e7\u00e3o Profissional \u00e0 sua medida.<\/p>\n<p>O CESUR oferece a possibilidade de realizar seu PF em diversas modalidades.<\/p>\n<p>As modalidades BASIC, STANDARD ou PREMIUM incorporam diversos recursos \u00e0 disposi\u00e7\u00e3o dos alunos.<\/p>\n<p>A op\u00e7\u00e3o de incorporar ao projeto de forma\u00e7\u00e3o um maior n\u00famero de casos pr\u00e1ticos, videoconfer\u00eancias, tutorias personalizadas e participa\u00e7\u00e3o em f\u00f3runs ser\u00e1 adicionada dependendo da op\u00e7\u00e3o de estudo escolhida.<\/p>\n<p>Pergunte-nos os pre\u00e7os de cada um deles.<\/p>","protected":false},"excerpt":{"rendered":"<p>Se o seu \u00e9 cuidar dos outros, este \u00e9 o seu ciclo oficial. Torne-se um T\u00e9cnico Auxiliar de Enfermagem e comece a viver sua voca\u00e7\u00e3o na \u00e1rea da sa\u00fade. Descubra um treinamento abrangente que ir\u00e1 prepar\u00e1-lo para fazer a diferen\u00e7a na \u00e1rea da sa\u00fade.<\/p>","protected":false},"featured_media":2643,"comment_status":"open","ping_status":"closed","template":"","meta":{"_jf_limit_responses":"","codigo-producto":"CES004","costo-gestion":""},"product_brand":[],"product_cat":[33],"product_tag":[],"class_list":{"0":"post-2510","1":"product","2":"type-product","3":"status-publish","4":"has-post-thumbnail","6":"product_cat-programado","8":"first","9":"instock","10":"shipping-taxable","11":"product-type-simple"},"_links":{"self":[{"href":"https:\/\/institutodependencia.edu.es\/pt_br\/wp-json\/wp\/v2\/product\/2510","targetHints":{"allow":["GET"]}}],"collection":[{"href":"https:\/\/institutodependencia.edu.es\/pt_br\/wp-json\/wp\/v2\/product"}],"about":[{"href":"https:\/\/institutodependencia.edu.es\/pt_br\/wp-json\/wp\/v2\/types\/product"}],"replies":[{"embeddable":true,"href":"https:\/\/institutodependencia.edu.es\/pt_br\/wp-json\/wp\/v2\/comments?post=2510"}],"version-history":[{"count":4,"href":"https:\/\/institutodependencia.edu.es\/pt_br\/wp-json\/wp\/v2\/product\/2510\/revisions"}],"predecessor-version":[{"id":6016,"href":"https:\/\/institutodependencia.edu.es\/pt_br\/wp-json\/wp\/v2\/product\/2510\/revisions\/6016"}],"wp:featuredmedia":[{"embeddable":true,"href":"https:\/\/institutodependencia.edu.es\/pt_br\/wp-json\/wp\/v2\/media\/2643"}],"wp:attachment":[{"href":"https:\/\/institutodependencia.edu.es\/pt_br\/wp-json\/wp\/v2\/media?parent=2510"}],"wp:term":[{"taxonomy":"product_brand","embeddable":true,"href":"https:\/\/institutodependencia.edu.es\/pt_br\/wp-json\/wp\/v2\/product_brand?post=2510"},{"taxonomy":"product_cat","embeddable":true,"href":"https:\/\/institutodependencia.edu.es\/pt_br\/wp-json\/wp\/v2\/product_cat?post=2510"},{"taxonomy":"product_tag","embeddable":true,"href":"https:\/\/institutodependencia.edu.es\/pt_br\/wp-json\/wp\/v2\/product_tag?post=2510"}],"curies":[{"name":"wp","href":"https:\/\/api.w.org\/{rel}","templated":true}]}}