{"id":2507,"date":"2024-04-09T18:59:02","date_gmt":"2024-04-09T18:59:02","guid":{"rendered":"https:\/\/institutodependencia.edu.es\/product\/tecnico-superior-en-educacion-infantil\/"},"modified":"2025-05-26T11:45:08","modified_gmt":"2025-05-26T11:45:08","slug":"tecnico-superior-en-educacion-infantil","status":"publish","type":"product","link":"https:\/\/institutodependencia.edu.es\/pt_br\/product\/tecnico-superior-en-educacion-infantil\/","title":{"rendered":"T\u00e9cnico Superior em Educa\u00e7\u00e3o Infantil"},"content":{"rendered":"<p>Este curso capacita indiv\u00edduos para programar, projetar e executar atividades de interven\u00e7\u00e3o educacional e assist\u00eancia social voltadas para crian\u00e7as e suas fam\u00edlias. Al\u00e9m disso, transmite compet\u00eancias para utilizar recursos e processos que atendam eficazmente \u00e0s necessidades das crian\u00e7as e das suas fam\u00edlias.<\/p>\n<p>Centra-se tamb\u00e9m na capacidade de agir com seguran\u00e7a e confian\u00e7a em situa\u00e7\u00f5es imprevistas, avaliar tanto o processo de interven\u00e7\u00e3o como os resultados obtidos, e manter atualizados os conhecimentos cient\u00edficos e t\u00e9cnicos relevantes para o seu trabalho profissional.<\/p>","protected":false},"excerpt":{"rendered":"<p>Com o seu PF na Educa\u00e7\u00e3o Infantil, voc\u00ea desenvolver\u00e1 desenhos de programas que realizar\u00e1 na educa\u00e7\u00e3o infantil, tamb\u00e9m ter\u00e1 a op\u00e7\u00e3o de avaliar cada processo e melhorar os pontos mais fracos. Voc\u00ea realizar\u00e1 atividades de interven\u00e7\u00e3o educativa e de assist\u00eancia social para garantir o desenvolvimento saud\u00e1vel dos mais pequenos.<\/p>","protected":false},"featured_media":2688,"comment_status":"open","ping_status":"closed","template":"","meta":{"_jf_limit_responses":"","codigo-producto":"CES001","costo-gestion":""},"product_brand":[],"product_cat":[33],"product_tag":[],"class_list":{"0":"post-2507","1":"product","2":"type-product","3":"status-publish","4":"has-post-thumbnail","6":"product_cat-programado","8":"first","9":"instock","10":"virtual","11":"product-type-simple"},"_links":{"self":[{"href":"https:\/\/institutodependencia.edu.es\/pt_br\/wp-json\/wp\/v2\/product\/2507","targetHints":{"allow":["GET"]}}],"collection":[{"href":"https:\/\/institutodependencia.edu.es\/pt_br\/wp-json\/wp\/v2\/product"}],"about":[{"href":"https:\/\/institutodependencia.edu.es\/pt_br\/wp-json\/wp\/v2\/types\/product"}],"replies":[{"embeddable":true,"href":"https:\/\/institutodependencia.edu.es\/pt_br\/wp-json\/wp\/v2\/comments?post=2507"}],"version-history":[{"count":4,"href":"https:\/\/institutodependencia.edu.es\/pt_br\/wp-json\/wp\/v2\/product\/2507\/revisions"}],"predecessor-version":[{"id":6013,"href":"https:\/\/institutodependencia.edu.es\/pt_br\/wp-json\/wp\/v2\/product\/2507\/revisions\/6013"}],"wp:featuredmedia":[{"embeddable":true,"href":"https:\/\/institutodependencia.edu.es\/pt_br\/wp-json\/wp\/v2\/media\/2688"}],"wp:attachment":[{"href":"https:\/\/institutodependencia.edu.es\/pt_br\/wp-json\/wp\/v2\/media?parent=2507"}],"wp:term":[{"taxonomy":"product_brand","embeddable":true,"href":"https:\/\/institutodependencia.edu.es\/pt_br\/wp-json\/wp\/v2\/product_brand?post=2507"},{"taxonomy":"product_cat","embeddable":true,"href":"https:\/\/institutodependencia.edu.es\/pt_br\/wp-json\/wp\/v2\/product_cat?post=2507"},{"taxonomy":"product_tag","embeddable":true,"href":"https:\/\/institutodependencia.edu.es\/pt_br\/wp-json\/wp\/v2\/product_tag?post=2507"}],"curies":[{"name":"wp","href":"https:\/\/api.w.org\/{rel}","templated":true}]}}