{"id":2505,"date":"2024-04-09T18:59:01","date_gmt":"2024-04-09T18:59:01","guid":{"rendered":"https:\/\/institutodependencia.edu.es\/product\/master-universitario-en-prevencion-de-riesgos-laborales\/"},"modified":"2024-05-27T14:47:34","modified_gmt":"2024-05-27T14:47:34","slug":"master-universitario-en-prevencion-de-riesgos-laborales","status":"publish","type":"product","link":"https:\/\/institutodependencia.edu.es\/pt_br\/product\/master-universitario-en-prevencion-de-riesgos-laborales\/","title":{"rendered":"Mestrado em Preven\u00e7\u00e3o de Riscos Ocupacionais"},"content":{"rendered":"<p>O desenho do Mestrado atende perfeitamente ao interesse dos futuros profissionais, pois o fato de ser virtual permite grande flexibilidade por parte dos alunos que podem compatibiliz\u00e1-lo com sua agenda de trabalho e pessoal.<\/p>\n<p>Da mesma forma, a documenta\u00e7\u00e3o entregue durante o desenvolvimento do Mestrado constitui uma verdadeira enciclop\u00e9dia de disciplinas preventivas, permitindo aos profissionais dirimir d\u00favidas levantadas no seu dia a dia de trabalho.<\/p>\n<p>Os ensinamentos correspondentes ao Mestrado em Preven\u00e7\u00e3o de Riscos Laborais s\u00e3o oficiais e o plano de estudos est\u00e1 publicado no BOE n\u00famero 71 de 24 de mar\u00e7o de 2014 (http:\/\/www.boe.es\/boe\/dias\/2014\/03\/24\/pdfs \/BOE-A-2014-3174.pdf).<\/p>\n<p>&nbsp;<\/p>\n<p>&nbsp;<\/p>","protected":false},"excerpt":{"rendered":"<p>O Mestrado em Preven\u00e7\u00e3o de Riscos Laborais responde \u00e0 procura do mercado formando T\u00e9cnicos com conhecimentos especializados para gerir eficazmente a preven\u00e7\u00e3o de riscos laborais nas empresas, integrando diversas especialidades na sua forma\u00e7\u00e3o.<\/p>","protected":false},"featured_media":2663,"comment_status":"open","ping_status":"closed","template":"","meta":{"_jf_limit_responses":"","codigo-producto":"UDI0001","costo-gestion":"409.46"},"product_brand":[],"product_cat":[33],"product_tag":[],"class_list":{"0":"post-2505","1":"product","2":"type-product","3":"status-publish","4":"has-post-thumbnail","6":"product_cat-programado","8":"first","9":"instock","10":"virtual","11":"purchasable","12":"product-type-simple"},"_links":{"self":[{"href":"https:\/\/institutodependencia.edu.es\/pt_br\/wp-json\/wp\/v2\/product\/2505","targetHints":{"allow":["GET"]}}],"collection":[{"href":"https:\/\/institutodependencia.edu.es\/pt_br\/wp-json\/wp\/v2\/product"}],"about":[{"href":"https:\/\/institutodependencia.edu.es\/pt_br\/wp-json\/wp\/v2\/types\/product"}],"replies":[{"embeddable":true,"href":"https:\/\/institutodependencia.edu.es\/pt_br\/wp-json\/wp\/v2\/comments?post=2505"}],"version-history":[{"count":5,"href":"https:\/\/institutodependencia.edu.es\/pt_br\/wp-json\/wp\/v2\/product\/2505\/revisions"}],"predecessor-version":[{"id":6019,"href":"https:\/\/institutodependencia.edu.es\/pt_br\/wp-json\/wp\/v2\/product\/2505\/revisions\/6019"}],"wp:featuredmedia":[{"embeddable":true,"href":"https:\/\/institutodependencia.edu.es\/pt_br\/wp-json\/wp\/v2\/media\/2663"}],"wp:attachment":[{"href":"https:\/\/institutodependencia.edu.es\/pt_br\/wp-json\/wp\/v2\/media?parent=2505"}],"wp:term":[{"taxonomy":"product_brand","embeddable":true,"href":"https:\/\/institutodependencia.edu.es\/pt_br\/wp-json\/wp\/v2\/product_brand?post=2505"},{"taxonomy":"product_cat","embeddable":true,"href":"https:\/\/institutodependencia.edu.es\/pt_br\/wp-json\/wp\/v2\/product_cat?post=2505"},{"taxonomy":"product_tag","embeddable":true,"href":"https:\/\/institutodependencia.edu.es\/pt_br\/wp-json\/wp\/v2\/product_tag?post=2505"}],"curies":[{"name":"wp","href":"https:\/\/api.w.org\/{rel}","templated":true}]}}