{"id":2504,"date":"2024-04-09T18:59:01","date_gmt":"2024-04-09T18:59:01","guid":{"rendered":"https:\/\/institutodependencia.edu.es\/product\/sexualidad-en-residencias\/"},"modified":"2025-01-17T09:26:24","modified_gmt":"2025-01-17T09:26:24","slug":"sexualidad-en-residencias","status":"publish","type":"product","link":"https:\/\/institutodependencia.edu.es\/pt_br\/product\/sexualidad-en-residencias\/","title":{"rendered":"Sexualidad en residencias de personas mayores"},"content":{"rendered":"<p>Mergulhe na compreens\u00e3o dos direitos sexuais, explorando quest\u00f5es \u00e9ticas e decis\u00f5es complexas no campo da sexualidade nas resid\u00eancias. Voc\u00ea abordar\u00e1 as barreiras que os idosos enfrentam para expressar a sua sexualidade, desde a falta de privacidade at\u00e9 atitudes restritivas e receios familiares.<\/p>\n<p>Al\u00e9m disso, voc\u00ea explorar\u00e1 o impacto da dem\u00eancia na esfera sexual e como lidar com comportamentos inadequados. O curso tamb\u00e9m destaca a diversidade sexual em lares de idosos, abordando medos infundados e promovendo um ambiente inclusivo. Voc\u00ea conhecer\u00e1 boas pr\u00e1ticas, aprendendo como fomentar uma cultura de respeito e compreens\u00e3o desde a pr\u00f3pria organiza\u00e7\u00e3o at\u00e9 os profissionais, moradores e fam\u00edlias.<\/p>\n<p>Junte-se a n\u00f3s e contribua para a cria\u00e7\u00e3o de ambientes onde a sexualidade dos idosos seja respeitada e compreendida. Cadastre-se agora e fa\u00e7a parte desta iniciativa transformadora!<\/p>","protected":false},"excerpt":{"rendered":"<p>Descubre un enfoque integral y respetuoso hacia la sexualidad en entornos de residencias para personas mayores con nuestro curso \u00abSexualidad en Residencias de Personas Mayores\u00bb.<\/p>\n<p>Pre\u00e7o m\u00e1ximo do b\u00f4nus de \u20ac 45.<\/p>","protected":false},"featured_media":2647,"comment_status":"open","ping_status":"closed","template":"","meta":{"_jf_limit_responses":"","codigo-producto":"2177-A","costo-gestion":"7.87"},"product_brand":[],"product_cat":[33],"product_tag":[],"class_list":{"0":"post-2504","1":"product","2":"type-product","3":"status-publish","4":"has-post-thumbnail","6":"product_cat-programado","8":"first","9":"instock","10":"virtual","11":"purchasable","12":"product-type-simple"},"_links":{"self":[{"href":"https:\/\/institutodependencia.edu.es\/pt_br\/wp-json\/wp\/v2\/product\/2504","targetHints":{"allow":["GET"]}}],"collection":[{"href":"https:\/\/institutodependencia.edu.es\/pt_br\/wp-json\/wp\/v2\/product"}],"about":[{"href":"https:\/\/institutodependencia.edu.es\/pt_br\/wp-json\/wp\/v2\/types\/product"}],"replies":[{"embeddable":true,"href":"https:\/\/institutodependencia.edu.es\/pt_br\/wp-json\/wp\/v2\/comments?post=2504"}],"version-history":[{"count":6,"href":"https:\/\/institutodependencia.edu.es\/pt_br\/wp-json\/wp\/v2\/product\/2504\/revisions"}],"predecessor-version":[{"id":5944,"href":"https:\/\/institutodependencia.edu.es\/pt_br\/wp-json\/wp\/v2\/product\/2504\/revisions\/5944"}],"wp:featuredmedia":[{"embeddable":true,"href":"https:\/\/institutodependencia.edu.es\/pt_br\/wp-json\/wp\/v2\/media\/2647"}],"wp:attachment":[{"href":"https:\/\/institutodependencia.edu.es\/pt_br\/wp-json\/wp\/v2\/media?parent=2504"}],"wp:term":[{"taxonomy":"product_brand","embeddable":true,"href":"https:\/\/institutodependencia.edu.es\/pt_br\/wp-json\/wp\/v2\/product_brand?post=2504"},{"taxonomy":"product_cat","embeddable":true,"href":"https:\/\/institutodependencia.edu.es\/pt_br\/wp-json\/wp\/v2\/product_cat?post=2504"},{"taxonomy":"product_tag","embeddable":true,"href":"https:\/\/institutodependencia.edu.es\/pt_br\/wp-json\/wp\/v2\/product_tag?post=2504"}],"curies":[{"name":"wp","href":"https:\/\/api.w.org\/{rel}","templated":true}]}}