{"id":2502,"date":"2024-04-09T18:59:01","date_gmt":"2024-04-09T18:59:01","guid":{"rendered":"https:\/\/institutodependencia.edu.es\/product\/terapia-con-munecas-en-demencias\/"},"modified":"2026-02-04T10:43:48","modified_gmt":"2026-02-04T10:43:48","slug":"terapia-con-munecas-en-demencias","status":"publish","type":"product","link":"https:\/\/institutodependencia.edu.es\/pt_br\/product\/terapia-con-munecas-en-demencias\/","title":{"rendered":"Terapia com boneca na dem\u00eancia"},"content":{"rendered":"<p>Com esta forma\u00e7\u00e3o ir\u00e1 explorar as origens e fundamentos da Doll Therapy, contextualizando-a no quadro da dem\u00eancia e das terapias n\u00e3o farmacol\u00f3gicas. Mergulhar na base te\u00f3rica, desde a teoria do apego at\u00e9 o cuidado abrangente centrado na pessoa, fornecer\u00e1 uma base s\u00f3lida para compreender e aplicar esta terapia \u00fanica. Al\u00e9m disso, voc\u00ea abordar\u00e1 conflitos \u00e9ticos, como infantiliza\u00e7\u00e3o e engano, sempre mantendo a dignidade da pessoa como foco central.<\/p>\n<p>Atrav\u00e9s deste curso voc\u00ea aprender\u00e1 sobre a abordagem e interven\u00e7\u00e3o na Doll Therapy. Voc\u00ea descobrir\u00e1 o que \u00e9 esta terapia, seus benef\u00edcios apoiados em evid\u00eancias emp\u00edricas e os objetivos que persegue. Explorar\u00e1 detalhadamente o material utilizado, desde as caracter\u00edsticas dos bonecos aos elementos de suporte e ao contexto f\u00edsico e humano necess\u00e1rio. A avalia\u00e7\u00e3o e outros aspectos cruciais ser\u00e3o abordados em profundidade, proporcionando-lhe as ferramentas necess\u00e1rias para realizar uma interven\u00e7\u00e3o eficaz.<\/p>\n<p>Ir\u00e1 conhecer a din\u00e2mica das sess\u00f5es e as diversas formas de aplica\u00e7\u00e3o da terapia com bonecas, bem como os temas espec\u00edficos que pode abordar para melhorar a qualidade de vida das pessoas com dem\u00eancia.<\/p>\n<p>Embarque agora mesmo nesta jornada transformadora e enriquecedora!<\/p>","protected":false},"excerpt":{"rendered":"<p>Descubre el fascinante mundo de la \u00abTerapia con Mu\u00f1ecas en Demencias\u00bb con nuestro curso dise\u00f1ado para brindar una comprensi\u00f3n profunda y pr\u00e1ctica de esta terapia innovadora.<\/p>","protected":false},"featured_media":2640,"comment_status":"open","ping_status":"closed","template":"","meta":{"_jf_limit_responses":"","codigo-producto":"2037-B","costo-gestion":"9.08"},"product_brand":[],"product_cat":[33],"product_tag":[],"class_list":{"0":"post-2502","1":"product","2":"type-product","3":"status-publish","4":"has-post-thumbnail","6":"product_cat-programado","8":"first","9":"instock","10":"virtual","11":"purchasable","12":"product-type-simple"},"_links":{"self":[{"href":"https:\/\/institutodependencia.edu.es\/pt_br\/wp-json\/wp\/v2\/product\/2502","targetHints":{"allow":["GET"]}}],"collection":[{"href":"https:\/\/institutodependencia.edu.es\/pt_br\/wp-json\/wp\/v2\/product"}],"about":[{"href":"https:\/\/institutodependencia.edu.es\/pt_br\/wp-json\/wp\/v2\/types\/product"}],"replies":[{"embeddable":true,"href":"https:\/\/institutodependencia.edu.es\/pt_br\/wp-json\/wp\/v2\/comments?post=2502"}],"version-history":[{"count":4,"href":"https:\/\/institutodependencia.edu.es\/pt_br\/wp-json\/wp\/v2\/product\/2502\/revisions"}],"predecessor-version":[{"id":7203,"href":"https:\/\/institutodependencia.edu.es\/pt_br\/wp-json\/wp\/v2\/product\/2502\/revisions\/7203"}],"wp:featuredmedia":[{"embeddable":true,"href":"https:\/\/institutodependencia.edu.es\/pt_br\/wp-json\/wp\/v2\/media\/2640"}],"wp:attachment":[{"href":"https:\/\/institutodependencia.edu.es\/pt_br\/wp-json\/wp\/v2\/media?parent=2502"}],"wp:term":[{"taxonomy":"product_brand","embeddable":true,"href":"https:\/\/institutodependencia.edu.es\/pt_br\/wp-json\/wp\/v2\/product_brand?post=2502"},{"taxonomy":"product_cat","embeddable":true,"href":"https:\/\/institutodependencia.edu.es\/pt_br\/wp-json\/wp\/v2\/product_cat?post=2502"},{"taxonomy":"product_tag","embeddable":true,"href":"https:\/\/institutodependencia.edu.es\/pt_br\/wp-json\/wp\/v2\/product_tag?post=2502"}],"curies":[{"name":"wp","href":"https:\/\/api.w.org\/{rel}","templated":true}]}}