{"id":2500,"date":"2024-04-09T18:59:00","date_gmt":"2024-04-09T18:59:00","guid":{"rendered":"https:\/\/institutodependencia.edu.es\/product\/sensibilizacion-del-cuidado-de-la-persona-sin-sujeciones\/"},"modified":"2025-07-23T09:34:29","modified_gmt":"2025-07-23T09:34:29","slug":"sensibilizacion-del-cuidado-de-la-persona-sin-sujeciones","status":"publish","type":"product","link":"https:\/\/institutodependencia.edu.es\/pt_br\/product\/sensibilizacion-del-cuidado-de-la-persona-sin-sujeciones\/","title":{"rendered":"Sensibilizar para o cuidado da pessoa sem restri\u00e7\u00f5es"},"content":{"rendered":"<p>Este curso ir\u00e1 dot\u00e1-lo das compet\u00eancias essenciais para prestar cuidados centrados na pessoa, livres de restri\u00e7\u00f5es e enriquecidos pelo respeito pela autonomia e qualidade de vida. Voc\u00ea come\u00e7ar\u00e1 explorando as origens e mudando sua vis\u00e3o em rela\u00e7\u00e3o ao cuidado sem restri\u00e7\u00f5es, reconhecendo os direitos fundamentais das pessoas cuidadas. Voc\u00ea analisar\u00e1 o modelo bio\u00e9tico de n\u00e3o uso de restri\u00e7\u00f5es e mergulhar\u00e1 no revolucion\u00e1rio modelo LIBERA-CARE.<\/p>\n<p>Voc\u00ea aprender\u00e1 a import\u00e2ncia do consentimento informado, da autonomia e da qualidade de vida, fornecendo-lhe ferramentas pr\u00e1ticas para sua aplica\u00e7\u00e3o. Atrav\u00e9s deste curso iremos orient\u00e1-lo na metodologia de gest\u00e3o, controle e elimina\u00e7\u00e3o de restri\u00e7\u00f5es, fornecendo-lhe os principais conceitos e ferramentas para promover uma cultura de mobilidade e tratamento individualizado.<\/p>\n<p>Cadastre-se agora e fa\u00e7a parte da mudan\u00e7a para um cuidado mais humano e digno!<\/p>","protected":false},"excerpt":{"rendered":"<p>Sum\u00e9rgete en el enfoque innovador de nuestro curso \u00abSensibilizaci\u00f3n del Cuidado de la Persona sin Sujeciones\u00bb, dise\u00f1ado para transformar la manera en que entendemos y aplicamos el cuidado de aquellos a quienes atendemos.<\/p>","protected":false},"featured_media":2648,"comment_status":"open","ping_status":"closed","template":"","meta":{"_jf_limit_responses":"","codigo-producto":"2190-A","costo-gestion":"9.08"},"product_brand":[],"product_cat":[33],"product_tag":[],"class_list":{"0":"post-2500","1":"product","2":"type-product","3":"status-publish","4":"has-post-thumbnail","6":"product_cat-programado","8":"first","9":"instock","10":"virtual","11":"purchasable","12":"product-type-simple"},"_links":{"self":[{"href":"https:\/\/institutodependencia.edu.es\/pt_br\/wp-json\/wp\/v2\/product\/2500","targetHints":{"allow":["GET"]}}],"collection":[{"href":"https:\/\/institutodependencia.edu.es\/pt_br\/wp-json\/wp\/v2\/product"}],"about":[{"href":"https:\/\/institutodependencia.edu.es\/pt_br\/wp-json\/wp\/v2\/types\/product"}],"replies":[{"embeddable":true,"href":"https:\/\/institutodependencia.edu.es\/pt_br\/wp-json\/wp\/v2\/comments?post=2500"}],"version-history":[{"count":4,"href":"https:\/\/institutodependencia.edu.es\/pt_br\/wp-json\/wp\/v2\/product\/2500\/revisions"}],"predecessor-version":[{"id":7233,"href":"https:\/\/institutodependencia.edu.es\/pt_br\/wp-json\/wp\/v2\/product\/2500\/revisions\/7233"}],"wp:featuredmedia":[{"embeddable":true,"href":"https:\/\/institutodependencia.edu.es\/pt_br\/wp-json\/wp\/v2\/media\/2648"}],"wp:attachment":[{"href":"https:\/\/institutodependencia.edu.es\/pt_br\/wp-json\/wp\/v2\/media?parent=2500"}],"wp:term":[{"taxonomy":"product_brand","embeddable":true,"href":"https:\/\/institutodependencia.edu.es\/pt_br\/wp-json\/wp\/v2\/product_brand?post=2500"},{"taxonomy":"product_cat","embeddable":true,"href":"https:\/\/institutodependencia.edu.es\/pt_br\/wp-json\/wp\/v2\/product_cat?post=2500"},{"taxonomy":"product_tag","embeddable":true,"href":"https:\/\/institutodependencia.edu.es\/pt_br\/wp-json\/wp\/v2\/product_tag?post=2500"}],"curies":[{"name":"wp","href":"https:\/\/api.w.org\/{rel}","templated":true}]}}