{"id":2492,"date":"2024-04-09T18:58:59","date_gmt":"2024-04-09T18:58:59","guid":{"rendered":"https:\/\/institutodependencia.edu.es\/product\/itinerario-medidas-alternativas-a-las-sujeciones-parte-1\/"},"modified":"2025-01-28T11:23:20","modified_gmt":"2025-01-28T11:23:20","slug":"itinerario-medidas-alternativas-a-las-sujeciones-parte-1","status":"publish","type":"product","link":"https:\/\/institutodependencia.edu.es\/pt_br\/product\/itinerario-medidas-alternativas-a-las-sujeciones-parte-1\/","title":{"rendered":"Itiner\u00e1rio de medidas alternativas \u00e0s restri\u00e7\u00f5es | Parte 1"},"content":{"rendered":"","protected":false},"excerpt":{"rendered":"<p>Juntamente com o itiner\u00e1rio da parte 2, ambos os cursos respondem \u00e0 forma\u00e7\u00e3o em medidas alternativas \u00e0 conten\u00e7\u00e3o, de 30 por ano, exigida pelo Acordo Quadro para todo o pessoal de cuidados diretos dos centros que disp\u00f5em de vagas no CAM.<\/p>","protected":false},"featured_media":2659,"comment_status":"open","ping_status":"closed","template":"","meta":{"_jf_limit_responses":"","codigo-producto":"2065-AJ","costo-gestion":"13.61"},"product_brand":[],"product_cat":[33],"product_tag":[],"class_list":{"0":"post-2492","1":"product","2":"type-product","3":"status-publish","4":"has-post-thumbnail","6":"product_cat-programado","8":"first","9":"instock","10":"virtual","11":"purchasable","12":"product-type-simple"},"_links":{"self":[{"href":"https:\/\/institutodependencia.edu.es\/pt_br\/wp-json\/wp\/v2\/product\/2492","targetHints":{"allow":["GET"]}}],"collection":[{"href":"https:\/\/institutodependencia.edu.es\/pt_br\/wp-json\/wp\/v2\/product"}],"about":[{"href":"https:\/\/institutodependencia.edu.es\/pt_br\/wp-json\/wp\/v2\/types\/product"}],"replies":[{"embeddable":true,"href":"https:\/\/institutodependencia.edu.es\/pt_br\/wp-json\/wp\/v2\/comments?post=2492"}],"version-history":[{"count":3,"href":"https:\/\/institutodependencia.edu.es\/pt_br\/wp-json\/wp\/v2\/product\/2492\/revisions"}],"predecessor-version":[{"id":5224,"href":"https:\/\/institutodependencia.edu.es\/pt_br\/wp-json\/wp\/v2\/product\/2492\/revisions\/5224"}],"wp:featuredmedia":[{"embeddable":true,"href":"https:\/\/institutodependencia.edu.es\/pt_br\/wp-json\/wp\/v2\/media\/2659"}],"wp:attachment":[{"href":"https:\/\/institutodependencia.edu.es\/pt_br\/wp-json\/wp\/v2\/media?parent=2492"}],"wp:term":[{"taxonomy":"product_brand","embeddable":true,"href":"https:\/\/institutodependencia.edu.es\/pt_br\/wp-json\/wp\/v2\/product_brand?post=2492"},{"taxonomy":"product_cat","embeddable":true,"href":"https:\/\/institutodependencia.edu.es\/pt_br\/wp-json\/wp\/v2\/product_cat?post=2492"},{"taxonomy":"product_tag","embeddable":true,"href":"https:\/\/institutodependencia.edu.es\/pt_br\/wp-json\/wp\/v2\/product_tag?post=2492"}],"curies":[{"name":"wp","href":"https:\/\/api.w.org\/{rel}","templated":true}]}}