{"id":7285,"date":"2025-08-20T09:57:26","date_gmt":"2025-08-20T09:57:26","guid":{"rendered":"https:\/\/institutodependencia.edu.es\/?post_type=product&#038;p=7285"},"modified":"2025-08-20T09:57:26","modified_gmt":"2025-08-20T09:57:26","slug":"estimulacion-cognitiva-en-la-vejez-y-en-personas-mayores-sad","status":"publish","type":"product","link":"https:\/\/institutodependencia.edu.es\/pt\/product\/estimulacion-cognitiva-en-la-vejez-y-en-personas-mayores-sad\/","title":{"rendered":"Estimulaci\u00f3n cognitiva en la vejez y en personas mayores SAD"},"content":{"rendered":"<p>\u00a1Explora nuestro curso de \u00abEstimulaci\u00f3n Cognitiva en la Vejez y en Personas con Demencias para cetros residenciales\u00bb dise\u00f1ado para potenciar las capacidades mentales de las personas en situaci\u00f3n de dependencia!<br \/>\nTe brindaremos m\u00e9todos y estrategias efectivas para mejorar el rendimiento mental y la eficacia cognitiva en aquellos que necesitan cuidados especiales.<\/p>\n<p>En este curso adquirir\u00e1s conocimientos detallados sobre el funcionamiento cognitivo b\u00e1sico, profundizando en aspectos clave como la memoria, la atenci\u00f3n y la orientaci\u00f3n. Nos centraremos en los principios neuropsicol\u00f3gicos fundamentales para comprender las demencias, diferenciando entre envejecimiento normal y deterioro cognitivo.<br \/>\nTendr\u00e1s una comprensi\u00f3n profunda de las intervenciones cognitivas, abordando la estimulaci\u00f3n y diferenciando t\u00e9rminos clave. Adem\u00e1s, explorar\u00e1s diversas t\u00e9cnicas de intervenci\u00f3n cognitiva y te sumergir\u00e1s en los principios y t\u00e9cnicas de la intervenci\u00f3n cognitiva, obteniendo habilidades para trabajar con personas mayores y potenciar funciones cognitivas como la memoria.<br \/>\n\u00a1\u00danete a nuestro curso y adquiere las habilidades necesarias para impulsar el bienestar cognitivo de quienes m\u00e1s lo necesitan, brind\u00e1ndoles una atenci\u00f3n integral y efectiva!<\/p>","protected":false},"excerpt":{"rendered":"<p>Ap\u00fantate a nuestro curso de Estimulaci\u00f3n cognitiva en la vejez y en personas con demencias para mejorar el rendimiento mental de las personas residentes.<\/p>\n<p>Aprende estrategias para potenciar la memoria, atenci\u00f3n y orientaci\u00f3n. Explora demencias, intervenciones cognitivas y m\u00e9todos para estimular cognitivamente a personas mayores.<\/p>","protected":false},"featured_media":7317,"comment_status":"open","ping_status":"closed","template":"","meta":{"_jf_limit_responses":"","codigo-producto":"2087-D","costo-gestion":"7.26"},"product_brand":[],"product_cat":[15],"product_tag":[],"class_list":{"0":"post-7285","1":"product","2":"type-product","3":"status-publish","4":"has-post-thumbnail","6":"product_cat-uncategorized","8":"first","9":"instock","10":"shipping-taxable","11":"purchasable","12":"product-type-simple"},"_links":{"self":[{"href":"https:\/\/institutodependencia.edu.es\/pt\/wp-json\/wp\/v2\/product\/7285","targetHints":{"allow":["GET"]}}],"collection":[{"href":"https:\/\/institutodependencia.edu.es\/pt\/wp-json\/wp\/v2\/product"}],"about":[{"href":"https:\/\/institutodependencia.edu.es\/pt\/wp-json\/wp\/v2\/types\/product"}],"replies":[{"embeddable":true,"href":"https:\/\/institutodependencia.edu.es\/pt\/wp-json\/wp\/v2\/comments?post=7285"}],"version-history":[{"count":1,"href":"https:\/\/institutodependencia.edu.es\/pt\/wp-json\/wp\/v2\/product\/7285\/revisions"}],"predecessor-version":[{"id":7316,"href":"https:\/\/institutodependencia.edu.es\/pt\/wp-json\/wp\/v2\/product\/7285\/revisions\/7316"}],"wp:featuredmedia":[{"embeddable":true,"href":"https:\/\/institutodependencia.edu.es\/pt\/wp-json\/wp\/v2\/media\/7317"}],"wp:attachment":[{"href":"https:\/\/institutodependencia.edu.es\/pt\/wp-json\/wp\/v2\/media?parent=7285"}],"wp:term":[{"taxonomy":"product_brand","embeddable":true,"href":"https:\/\/institutodependencia.edu.es\/pt\/wp-json\/wp\/v2\/product_brand?post=7285"},{"taxonomy":"product_cat","embeddable":true,"href":"https:\/\/institutodependencia.edu.es\/pt\/wp-json\/wp\/v2\/product_cat?post=7285"},{"taxonomy":"product_tag","embeddable":true,"href":"https:\/\/institutodependencia.edu.es\/pt\/wp-json\/wp\/v2\/product_tag?post=7285"}],"curies":[{"name":"wp","href":"https:\/\/api.w.org\/{rel}","templated":true}]}}