{"id":7281,"date":"2025-07-15T11:17:57","date_gmt":"2025-07-15T11:17:57","guid":{"rendered":"https:\/\/institutodependencia.edu.es\/?post_type=product&#038;p=7281"},"modified":"2026-03-18T10:12:51","modified_gmt":"2026-03-18T10:12:51","slug":"buenas-practicas-del-equipo-gerocultor-en-centros-residenciales","status":"publish","type":"product","link":"https:\/\/institutodependencia.edu.es\/pt\/product\/buenas-practicas-del-equipo-gerocultor-en-centros-residenciales\/","title":{"rendered":"Buenas pr\u00e1cticas del equipo gerocultor en centros residenciales"},"content":{"rendered":"<p>El curso \u00abBuenas pr\u00e1cticas del equipo gerocultor en centros residenciales\u00bb est\u00e1 dise\u00f1ado para capacitar a los profesionales en el cuidado de personas mayores, promoviendo un enfoque basado en el respeto, la empat\u00eda y la dignidad. A trav\u00e9s de esta formaci\u00f3n, los participantes adquirir\u00e1n herramientas esenciales para mejorar la atenci\u00f3n centrada en la persona, aplicar t\u00e9cnicas seguras en la asistencia diaria y fortalecer su bienestar emocional, asegurando as\u00ed un cuidado sostenible y de calidad en entornos residenciales.<\/p>","protected":false},"excerpt":{"rendered":"<p>Curso especializado en buenas pr\u00e1cticas gerocultoras en centros residenciales. Aprende a mejorar la atenci\u00f3n a personas mayores con un enfoque centrado en la persona, aplicando t\u00e9cnicas seguras y promoviendo el bienestar del equipo de cuidado.<\/p>","protected":false},"featured_media":7156,"comment_status":"open","ping_status":"closed","template":"","meta":{"_jf_limit_responses":"","codigo-producto":"2284-A","costo-gestion":"10.89"},"product_brand":[],"product_cat":[15],"product_tag":[],"class_list":{"0":"post-7281","1":"product","2":"type-product","3":"status-publish","4":"has-post-thumbnail","6":"product_cat-uncategorized","8":"first","9":"instock","10":"shipping-taxable","11":"purchasable","12":"product-type-simple"},"_links":{"self":[{"href":"https:\/\/institutodependencia.edu.es\/pt\/wp-json\/wp\/v2\/product\/7281","targetHints":{"allow":["GET"]}}],"collection":[{"href":"https:\/\/institutodependencia.edu.es\/pt\/wp-json\/wp\/v2\/product"}],"about":[{"href":"https:\/\/institutodependencia.edu.es\/pt\/wp-json\/wp\/v2\/types\/product"}],"replies":[{"embeddable":true,"href":"https:\/\/institutodependencia.edu.es\/pt\/wp-json\/wp\/v2\/comments?post=7281"}],"version-history":[{"count":1,"href":"https:\/\/institutodependencia.edu.es\/pt\/wp-json\/wp\/v2\/product\/7281\/revisions"}],"predecessor-version":[{"id":7282,"href":"https:\/\/institutodependencia.edu.es\/pt\/wp-json\/wp\/v2\/product\/7281\/revisions\/7282"}],"wp:featuredmedia":[{"embeddable":true,"href":"https:\/\/institutodependencia.edu.es\/pt\/wp-json\/wp\/v2\/media\/7156"}],"wp:attachment":[{"href":"https:\/\/institutodependencia.edu.es\/pt\/wp-json\/wp\/v2\/media?parent=7281"}],"wp:term":[{"taxonomy":"product_brand","embeddable":true,"href":"https:\/\/institutodependencia.edu.es\/pt\/wp-json\/wp\/v2\/product_brand?post=7281"},{"taxonomy":"product_cat","embeddable":true,"href":"https:\/\/institutodependencia.edu.es\/pt\/wp-json\/wp\/v2\/product_cat?post=7281"},{"taxonomy":"product_tag","embeddable":true,"href":"https:\/\/institutodependencia.edu.es\/pt\/wp-json\/wp\/v2\/product_tag?post=7281"}],"curies":[{"name":"wp","href":"https:\/\/api.w.org\/{rel}","templated":true}]}}