{"id":7269,"date":"2025-07-04T07:28:14","date_gmt":"2025-07-04T07:28:14","guid":{"rendered":"https:\/\/institutodependencia.edu.es\/?post_type=product&#038;p=7269"},"modified":"2026-03-11T17:59:25","modified_gmt":"2026-03-11T17:59:25","slug":"atencion-sociosanitaria-a-personas-en-situacion-de-dependencia-y-o-con-discapacidad-en-instituciones-sociales","status":"publish","type":"product","link":"https:\/\/institutodependencia.edu.es\/pt\/product\/atencion-sociosanitaria-a-personas-en-situacion-de-dependencia-y-o-con-discapacidad-en-instituciones-sociales\/","title":{"rendered":"Atenci\u00f3n sociosanitaria a personas en situaci\u00f3n de dependencia y\/o con discapacidad en instituciones sociales"},"content":{"rendered":"<p>Curso preparatorio para la obtenci\u00f3n del certificado de profesionalidad de Atenci\u00f3n sociosanitaria a personas dependientes en instituciones sociales, mediante el proceso de acreditaci\u00f3n de las competencias profesionales (PEAC)<\/p>\n<p>&nbsp;<\/p>\n<p>M\u00d3DULO 1. ATENCI\u00d3N SOCIOSANITARIA EN INSTITUCIONES SOCIALES (60 H)<\/p>\n<p>(Inicio 01\/10\/2025- 29\/10\/2025) 150\u20ac<\/p>\n<p>UNIDAD DE COMPETENCIA ASOCIADA UC1018_2: Facilitar la atenci\u00f3n residencial en las actividades sociosanitarias en instituciones sociales<\/p>\n<p>&nbsp;<\/p>\n<p>M\u00d3DULO 2. DESARROLLO DE LAS INTERVENCIONES DE ATENCI\u00d3N PERSONAL (60 H)<\/p>\n<p>(Inicio 30\/10\/2025- 27\/11\/2025) 150\u20ac<\/p>\n<p>UNIDAD DE COMPETENCIA ASOCIADA UC2259_2: Desarrollar las intervenciones de atenci\u00f3n personal<\/p>\n<p>&nbsp;<\/p>\n<p>M\u00d3DULO 3. PRIMEROS AUXILIOS (60 H) (Inicio 28\/11\/2025 \u2013 22\/12\/2025) 150\u20ac<\/p>\n<p>UNIDAD DE COMPETENCIA ASOCIADA UC0272_2: Asistir como primer interviniente en caso de accidente o situaci\u00f3n de emergencia<\/p>\n<p>&nbsp;<\/p>\n<p>M\u00d3DULO 4. ATENCI\u00d3N BIOPSICOSOCIAL A PERSONAS EN SITUACI\u00d3N DE DEPENDENCIA Y\/O CON DISCAPACIDAD (120 H) (Inicio 15\/01\/2026 \u2013 27\/02\/2026) 300\u20ac<\/p>\n<p>&nbsp;<\/p>\n<p>Este curso est\u00e1 dise\u00f1ado para formar a profesionales capaces de prestar una atenci\u00f3n sociosanitaria de calidad a personas en situaci\u00f3n de dependencia y\/o con discapacidad, dentro de instituciones como residencias, centros de d\u00eda u otros recursos sociales.<\/p>\n<p>La formaci\u00f3n aborda de forma integral las necesidades f\u00edsicas, emocionales y sociales de las personas atendidas, fomentando su autonom\u00eda, bienestar y calidad de vida. A trav\u00e9s de un enfoque centrado en la persona, se ense\u00f1a a aplicar t\u00e9cnicas de apoyo adaptadas a cada situaci\u00f3n, respetando los principios de dignidad, \u00e9tica y trato humano.<\/p>\n<p>El itinerario formativo combina conocimientos t\u00e9cnicos con habilidades pr\u00e1cticas para intervenir eficazmente en aspectos como la higiene, la alimentaci\u00f3n, la movilidad, la administraci\u00f3n de medicaci\u00f3n, la gesti\u00f3n documental sociosanitaria y la actuaci\u00f3n ante situaciones de urgencia.<\/p>\n<p>Adem\u00e1s, se potencia la capacidad para establecer relaciones profesionales positivas, comprender la dimensi\u00f3n biopsicosocial de la atenci\u00f3n y contribuir activamente a la integraci\u00f3n social de las personas en situaci\u00f3n de dependencia o con discapacidad.<\/p>\n<p>Este curso representa una oportunidad clave para aquellas personas que desean profesionalizar su labor en el \u00e1mbito sociosanitario y contribuir de forma significativa a la mejora de la calidad de vida de quienes m\u00e1s lo necesitan.<\/p>","protected":false},"excerpt":{"rendered":"<p>Curso preparatorio para la obtenci\u00f3n del certificado de profesionalidad de Atenci\u00f3n sociosanitaria a personas dependientes en instituciones sociales, mediante el proceso de acreditaci\u00f3n de las competencias profesionales (PEAC)<\/p>\n<p>Este curso tiene como finalidad capacitar a profesionales para trabajar en el \u00e1mbito de la atenci\u00f3n sociosanitaria, prestando apoyo integral a personas en situaci\u00f3n de dependencia y\/o con discapacidad en residencias, centros de d\u00eda y otras instituciones sociales. A trav\u00e9s de un enfoque centrado en la persona, se fomenta su bienestar, autonom\u00eda personal y calidad de vida, aplicando t\u00e9cnicas de apoyo f\u00edsico, emocional y social conforme a protocolos establecidos y bajo principios de \u00e9tica, respeto y dignidad.<\/p>","protected":false},"featured_media":7272,"comment_status":"open","ping_status":"closed","template":"","meta":{"_jf_limit_responses":"","codigo-producto":"","costo-gestion":"90.75"},"product_brand":[],"product_cat":[15],"product_tag":[],"class_list":{"0":"post-7269","1":"product","2":"type-product","3":"status-publish","4":"has-post-thumbnail","6":"product_cat-uncategorized","8":"first","9":"instock","10":"shipping-taxable","11":"purchasable","12":"product-type-simple"},"_links":{"self":[{"href":"https:\/\/institutodependencia.edu.es\/pt\/wp-json\/wp\/v2\/product\/7269","targetHints":{"allow":["GET"]}}],"collection":[{"href":"https:\/\/institutodependencia.edu.es\/pt\/wp-json\/wp\/v2\/product"}],"about":[{"href":"https:\/\/institutodependencia.edu.es\/pt\/wp-json\/wp\/v2\/types\/product"}],"replies":[{"embeddable":true,"href":"https:\/\/institutodependencia.edu.es\/pt\/wp-json\/wp\/v2\/comments?post=7269"}],"version-history":[{"count":7,"href":"https:\/\/institutodependencia.edu.es\/pt\/wp-json\/wp\/v2\/product\/7269\/revisions"}],"predecessor-version":[{"id":7573,"href":"https:\/\/institutodependencia.edu.es\/pt\/wp-json\/wp\/v2\/product\/7269\/revisions\/7573"}],"wp:featuredmedia":[{"embeddable":true,"href":"https:\/\/institutodependencia.edu.es\/pt\/wp-json\/wp\/v2\/media\/7272"}],"wp:attachment":[{"href":"https:\/\/institutodependencia.edu.es\/pt\/wp-json\/wp\/v2\/media?parent=7269"}],"wp:term":[{"taxonomy":"product_brand","embeddable":true,"href":"https:\/\/institutodependencia.edu.es\/pt\/wp-json\/wp\/v2\/product_brand?post=7269"},{"taxonomy":"product_cat","embeddable":true,"href":"https:\/\/institutodependencia.edu.es\/pt\/wp-json\/wp\/v2\/product_cat?post=7269"},{"taxonomy":"product_tag","embeddable":true,"href":"https:\/\/institutodependencia.edu.es\/pt\/wp-json\/wp\/v2\/product_tag?post=7269"}],"curies":[{"name":"wp","href":"https:\/\/api.w.org\/{rel}","templated":true}]}}