{"id":7255,"date":"2025-06-11T08:48:41","date_gmt":"2025-06-11T08:48:41","guid":{"rendered":"https:\/\/institutodependencia.edu.es\/?post_type=product&#038;p=7255"},"modified":"2025-06-11T08:48:41","modified_gmt":"2025-06-11T08:48:41","slug":"diabetes-mellitus-y-enfermedad-renal-cronica-introduccion-diagnostico-y-manifestaciones-clinicas","status":"publish","type":"product","link":"https:\/\/institutodependencia.edu.es\/pt\/product\/diabetes-mellitus-y-enfermedad-renal-cronica-introduccion-diagnostico-y-manifestaciones-clinicas\/","title":{"rendered":"Diabetes mellitus y enfermedad renal cr\u00f3nica. Introducci\u00f3n, diagn\u00f3stico y manifestaciones cl\u00ednicas"},"content":{"rendered":"<p>El curso \u00abDiabetes Mellitus y Enfermedad Renal Cr\u00f3nica. Introducci\u00f3n, diagn\u00f3stico y manifestaciones cl\u00ednicas\u00bb ofrece una formaci\u00f3n especializada sobre la relaci\u00f3n entre la diabetes mellitus y el desarrollo de enfermedad renal cr\u00f3nica. A trav\u00e9s de un enfoque cl\u00ednico y actualizado, se abordan los mecanismos fisiopatol\u00f3gicos implicados, los criterios diagn\u00f3sticos m\u00e1s recientes y las manifestaciones cl\u00ednicas caracter\u00edsticas. El programa permite al profesional adquirir competencias para la detecci\u00f3n precoz, el manejo integral y el seguimiento de pacientes con esta doble condici\u00f3n, incorporando adem\u00e1s el conocimiento de factores pron\u00f3sticos y herramientas diagn\u00f3sticas avanzadas como la gen\u00e9tica, la prote\u00f3mica y la identificaci\u00f3n de nuevos biomarcadores. Una formaci\u00f3n clave para mejorar la atenci\u00f3n y el pron\u00f3stico en una de las complicaciones m\u00e1s frecuentes y relevantes de la diabetes.<\/p>","protected":false},"excerpt":{"rendered":"<p>Este curso aborda la relaci\u00f3n entre diabetes mellitus y enfermedad renal cr\u00f3nica, con un enfoque en la detecci\u00f3n precoz, el diagn\u00f3stico actualizado y el manejo integral del paciente. Incluye contenidos sobre fisiopatolog\u00eda, factores de progresi\u00f3n, manifestaciones cl\u00ednicas y herramientas diagn\u00f3sticas avanzadas como gen\u00e9tica y biomarcadores. Ideal para profesionales que buscan mejorar su pr\u00e1ctica cl\u00ednica en este \u00e1mbito.<\/p>","protected":false},"featured_media":7258,"comment_status":"open","ping_status":"closed","template":"","meta":{"_jf_limit_responses":"","codigo-producto":"2258-A","costo-gestion":"9.08"},"product_brand":[],"product_cat":[15],"product_tag":[],"class_list":{"0":"post-7255","1":"product","2":"type-product","3":"status-publish","4":"has-post-thumbnail","6":"product_cat-uncategorized","8":"first","9":"instock","10":"shipping-taxable","11":"purchasable","12":"product-type-simple"},"_links":{"self":[{"href":"https:\/\/institutodependencia.edu.es\/pt\/wp-json\/wp\/v2\/product\/7255","targetHints":{"allow":["GET"]}}],"collection":[{"href":"https:\/\/institutodependencia.edu.es\/pt\/wp-json\/wp\/v2\/product"}],"about":[{"href":"https:\/\/institutodependencia.edu.es\/pt\/wp-json\/wp\/v2\/types\/product"}],"replies":[{"embeddable":true,"href":"https:\/\/institutodependencia.edu.es\/pt\/wp-json\/wp\/v2\/comments?post=7255"}],"version-history":[{"count":1,"href":"https:\/\/institutodependencia.edu.es\/pt\/wp-json\/wp\/v2\/product\/7255\/revisions"}],"predecessor-version":[{"id":7257,"href":"https:\/\/institutodependencia.edu.es\/pt\/wp-json\/wp\/v2\/product\/7255\/revisions\/7257"}],"wp:featuredmedia":[{"embeddable":true,"href":"https:\/\/institutodependencia.edu.es\/pt\/wp-json\/wp\/v2\/media\/7258"}],"wp:attachment":[{"href":"https:\/\/institutodependencia.edu.es\/pt\/wp-json\/wp\/v2\/media?parent=7255"}],"wp:term":[{"taxonomy":"product_brand","embeddable":true,"href":"https:\/\/institutodependencia.edu.es\/pt\/wp-json\/wp\/v2\/product_brand?post=7255"},{"taxonomy":"product_cat","embeddable":true,"href":"https:\/\/institutodependencia.edu.es\/pt\/wp-json\/wp\/v2\/product_cat?post=7255"},{"taxonomy":"product_tag","embeddable":true,"href":"https:\/\/institutodependencia.edu.es\/pt\/wp-json\/wp\/v2\/product_tag?post=7255"}],"curies":[{"name":"wp","href":"https:\/\/api.w.org\/{rel}","templated":true}]}}