{"id":7243,"date":"2025-06-04T10:00:47","date_gmt":"2025-06-04T10:00:47","guid":{"rendered":"https:\/\/institutodependencia.edu.es\/?post_type=product&#038;p=7243"},"modified":"2026-03-18T09:52:05","modified_gmt":"2026-03-18T09:52:05","slug":"etica-asistencial-2","status":"publish","type":"product","link":"https:\/\/institutodependencia.edu.es\/pt\/product\/etica-asistencial-2\/","title":{"rendered":"\u00c9tica asistencial"},"content":{"rendered":"<p>El curso \u00c9tica Esencial est\u00e1 dise\u00f1ado para formar a profesionales del \u00e1mbito sociosanitario en los fundamentos \u00e9ticos que sustentan la atenci\u00f3n a personas en situaci\u00f3n de dependencia. A trav\u00e9s de un enfoque pr\u00e1ctico y reflexivo, el programa aborda los principios de la bio\u00e9tica, los dilemas \u00e9ticos cotidianos en la pr\u00e1ctica asistencial y el respeto profundo a la dignidad humana.<\/p>\n<p>Durante el curso, las y los participantes aprender\u00e1n a identificar los elementos que configuran la \u00e9tica profesional, analizar\u00e1n casos reales desde una perspectiva \u00e9tica y se introducir\u00e1n en metodolog\u00edas de deliberaci\u00f3n que les permitir\u00e1n fundamentar sus decisiones con responsabilidad y compromiso.<\/p>","protected":false},"excerpt":{"rendered":"<p>Este curso te permitir\u00e1 comprender los principios \u00e9ticos que gu\u00edan la atenci\u00f3n a personas dependientes, reflexionar sobre dilemas cotidianos y aplicar herramientas pr\u00e1cticas de deliberaci\u00f3n y acompa\u00f1amiento respetuoso.<\/p>\n<p>Aprender\u00e1s a actuar con compromiso \u00e9tico, respetando la dignidad, la autonom\u00eda y los derechos fundamentales, incorporando metodolog\u00edas como los Comit\u00e9s de \u00c9tica y los Espacios de Reflexi\u00f3n \u00c9tica en Servicios Sociales (ERESS).<\/p>","protected":false},"featured_media":7219,"comment_status":"open","ping_status":"closed","template":"","meta":{"_jf_limit_responses":"","codigo-producto":"1004-A","costo-gestion":"10.89"},"product_brand":[],"product_cat":[15],"product_tag":[],"class_list":{"0":"post-7243","1":"product","2":"type-product","3":"status-publish","4":"has-post-thumbnail","6":"product_cat-uncategorized","8":"first","9":"instock","10":"shipping-taxable","11":"purchasable","12":"product-type-simple"},"_links":{"self":[{"href":"https:\/\/institutodependencia.edu.es\/pt\/wp-json\/wp\/v2\/product\/7243","targetHints":{"allow":["GET"]}}],"collection":[{"href":"https:\/\/institutodependencia.edu.es\/pt\/wp-json\/wp\/v2\/product"}],"about":[{"href":"https:\/\/institutodependencia.edu.es\/pt\/wp-json\/wp\/v2\/types\/product"}],"replies":[{"embeddable":true,"href":"https:\/\/institutodependencia.edu.es\/pt\/wp-json\/wp\/v2\/comments?post=7243"}],"version-history":[{"count":2,"href":"https:\/\/institutodependencia.edu.es\/pt\/wp-json\/wp\/v2\/product\/7243\/revisions"}],"predecessor-version":[{"id":7313,"href":"https:\/\/institutodependencia.edu.es\/pt\/wp-json\/wp\/v2\/product\/7243\/revisions\/7313"}],"wp:featuredmedia":[{"embeddable":true,"href":"https:\/\/institutodependencia.edu.es\/pt\/wp-json\/wp\/v2\/media\/7219"}],"wp:attachment":[{"href":"https:\/\/institutodependencia.edu.es\/pt\/wp-json\/wp\/v2\/media?parent=7243"}],"wp:term":[{"taxonomy":"product_brand","embeddable":true,"href":"https:\/\/institutodependencia.edu.es\/pt\/wp-json\/wp\/v2\/product_brand?post=7243"},{"taxonomy":"product_cat","embeddable":true,"href":"https:\/\/institutodependencia.edu.es\/pt\/wp-json\/wp\/v2\/product_cat?post=7243"},{"taxonomy":"product_tag","embeddable":true,"href":"https:\/\/institutodependencia.edu.es\/pt\/wp-json\/wp\/v2\/product_tag?post=7243"}],"curies":[{"name":"wp","href":"https:\/\/api.w.org\/{rel}","templated":true}]}}