{"id":7196,"date":"2025-05-07T14:18:50","date_gmt":"2025-05-07T14:18:50","guid":{"rendered":"https:\/\/institutodependencia.edu.es\/?post_type=product&#038;p=7196"},"modified":"2025-05-08T14:27:12","modified_gmt":"2025-05-08T14:27:12","slug":"microsoft-office-word-basico-intermedio","status":"publish","type":"product","link":"https:\/\/institutodependencia.edu.es\/pt\/product\/microsoft-office-word-basico-intermedio\/","title":{"rendered":"Microsoft Office \u2013 Word B\u00e1sico-Intermedio"},"content":{"rendered":"<p>Este curso de Microsoft Office \u2013 Word B\u00e1sico-Intermedio est\u00e1 dise\u00f1ado para que adquieras las competencias y habilidades necesarias para utilizar Microsoft Word de manera eficiente. Aprender\u00e1s a crear y dise\u00f1ar documentos profesionales, desde los primeros pasos hasta el uso de herramientas avanzadas como estilos, tabulaciones, inserci\u00f3n de im\u00e1genes, tablas y la creaci\u00f3n de plantillas personalizadas. Al finalizar, ser\u00e1s capaz de desarrollar documentos bien estructurados y listos para imprimir, con un dise\u00f1o atractivo y funcional.<\/p>","protected":false},"excerpt":{"rendered":"<p>Este curso de Microsoft Office \u2013 Word B\u00e1sico-Intermedio te permitir\u00e1 dominar las herramientas esenciales de Word, desde la creaci\u00f3n de documentos hasta el dise\u00f1o y la inserci\u00f3n de elementos como im\u00e1genes y tablas. Al finalizar, podr\u00e1s elaborar documentos profesionales y bien estructurados de manera eficiente.<\/p>","protected":false},"featured_media":7202,"comment_status":"open","ping_status":"closed","template":"","meta":{"_jf_limit_responses":"","codigo-producto":"","costo-gestion":"18.15"},"product_brand":[],"product_cat":[15],"product_tag":[],"class_list":{"0":"post-7196","1":"product","2":"type-product","3":"status-publish","4":"has-post-thumbnail","6":"product_cat-uncategorized","8":"first","9":"instock","10":"shipping-taxable","11":"purchasable","12":"product-type-simple"},"_links":{"self":[{"href":"https:\/\/institutodependencia.edu.es\/pt\/wp-json\/wp\/v2\/product\/7196","targetHints":{"allow":["GET"]}}],"collection":[{"href":"https:\/\/institutodependencia.edu.es\/pt\/wp-json\/wp\/v2\/product"}],"about":[{"href":"https:\/\/institutodependencia.edu.es\/pt\/wp-json\/wp\/v2\/types\/product"}],"replies":[{"embeddable":true,"href":"https:\/\/institutodependencia.edu.es\/pt\/wp-json\/wp\/v2\/comments?post=7196"}],"version-history":[{"count":2,"href":"https:\/\/institutodependencia.edu.es\/pt\/wp-json\/wp\/v2\/product\/7196\/revisions"}],"predecessor-version":[{"id":7200,"href":"https:\/\/institutodependencia.edu.es\/pt\/wp-json\/wp\/v2\/product\/7196\/revisions\/7200"}],"wp:featuredmedia":[{"embeddable":true,"href":"https:\/\/institutodependencia.edu.es\/pt\/wp-json\/wp\/v2\/media\/7202"}],"wp:attachment":[{"href":"https:\/\/institutodependencia.edu.es\/pt\/wp-json\/wp\/v2\/media?parent=7196"}],"wp:term":[{"taxonomy":"product_brand","embeddable":true,"href":"https:\/\/institutodependencia.edu.es\/pt\/wp-json\/wp\/v2\/product_brand?post=7196"},{"taxonomy":"product_cat","embeddable":true,"href":"https:\/\/institutodependencia.edu.es\/pt\/wp-json\/wp\/v2\/product_cat?post=7196"},{"taxonomy":"product_tag","embeddable":true,"href":"https:\/\/institutodependencia.edu.es\/pt\/wp-json\/wp\/v2\/product_tag?post=7196"}],"curies":[{"name":"wp","href":"https:\/\/api.w.org\/{rel}","templated":true}]}}