{"id":7171,"date":"2025-04-11T09:49:50","date_gmt":"2025-04-11T09:49:50","guid":{"rendered":"https:\/\/institutodependencia.edu.es\/?post_type=product&#038;p=7171"},"modified":"2025-04-11T12:31:12","modified_gmt":"2025-04-11T12:31:12","slug":"gestion-de-enfermedades-infecciosas","status":"publish","type":"product","link":"https:\/\/institutodependencia.edu.es\/pt\/product\/gestion-de-enfermedades-infecciosas\/","title":{"rendered":"Gesti\u00f3n de enfermedades infecciosas"},"content":{"rendered":"<p>Este curso est\u00e1 dise\u00f1ado para capacitar a profesionales del \u00e1mbito sanitario, sociosanitario y de la atenci\u00f3n domiciliaria en la prevenci\u00f3n, identificaci\u00f3n y actuaci\u00f3n frente a enfermedades infectocontagiosas, tanto comunes como emergentes.<\/p>\n<p>A lo largo de la formaci\u00f3n, se abordar\u00e1n los principales agentes causantes de infecciones \u2014virus, bacterias, hongos y par\u00e1sitos\u2014, as\u00ed como las patolog\u00edas m\u00e1s frecuentes, sus mecanismos de propagaci\u00f3n y los grupos de riesgo. Tambi\u00e9n se profundizar\u00e1 en la correcta aplicaci\u00f3n de medidas preventivas, el uso de Equipos de Protecci\u00f3n Individual (EPIs), las t\u00e9cnicas de aislamiento, y los procedimientos de limpieza y desinfecci\u00f3n en centros y domicilios.<\/p>\n<p>Una formaci\u00f3n clave para garantizar la seguridad de los trabajadores y la protecci\u00f3n de las personas atendidas, especialmente en contextos de alta vulnerabilidad como residencias, centros de d\u00eda o entornos domiciliarios.<\/p>","protected":false},"excerpt":{"rendered":"<p>El curso Gesti\u00f3n de enfermedades infecciosas ofrece una formaci\u00f3n esencial para profesionales del \u00e1mbito sanitario y sociosanitario, enfocada en la prevenci\u00f3n y control de patolog\u00edas infectocontagiosas en centros y domicilios. A trav\u00e9s de cinco unidades did\u00e1cticas, se abordan los principales agentes infecciosos, las enfermedades m\u00e1s comunes, las medidas de prevenci\u00f3n, el uso correcto de los EPIs, los distintos tipos de aislamiento y las t\u00e9cnicas de limpieza y desinfecci\u00f3n. Una formaci\u00f3n pr\u00e1ctica y actualizada para garantizar entornos seguros y proteger tanto a los profesionales como a las personas atendidas.<\/p>","protected":false},"featured_media":7173,"comment_status":"open","ping_status":"closed","template":"","meta":{"_jf_limit_responses":"","codigo-producto":"2039-A","costo-gestion":"7.20"},"product_brand":[],"product_cat":[15],"product_tag":[],"class_list":{"0":"post-7171","1":"product","2":"type-product","3":"status-publish","4":"has-post-thumbnail","6":"product_cat-uncategorized","8":"first","9":"instock","10":"shipping-taxable","11":"purchasable","12":"product-type-simple"},"_links":{"self":[{"href":"https:\/\/institutodependencia.edu.es\/pt\/wp-json\/wp\/v2\/product\/7171","targetHints":{"allow":["GET"]}}],"collection":[{"href":"https:\/\/institutodependencia.edu.es\/pt\/wp-json\/wp\/v2\/product"}],"about":[{"href":"https:\/\/institutodependencia.edu.es\/pt\/wp-json\/wp\/v2\/types\/product"}],"replies":[{"embeddable":true,"href":"https:\/\/institutodependencia.edu.es\/pt\/wp-json\/wp\/v2\/comments?post=7171"}],"version-history":[{"count":1,"href":"https:\/\/institutodependencia.edu.es\/pt\/wp-json\/wp\/v2\/product\/7171\/revisions"}],"predecessor-version":[{"id":7174,"href":"https:\/\/institutodependencia.edu.es\/pt\/wp-json\/wp\/v2\/product\/7171\/revisions\/7174"}],"wp:featuredmedia":[{"embeddable":true,"href":"https:\/\/institutodependencia.edu.es\/pt\/wp-json\/wp\/v2\/media\/7173"}],"wp:attachment":[{"href":"https:\/\/institutodependencia.edu.es\/pt\/wp-json\/wp\/v2\/media?parent=7171"}],"wp:term":[{"taxonomy":"product_brand","embeddable":true,"href":"https:\/\/institutodependencia.edu.es\/pt\/wp-json\/wp\/v2\/product_brand?post=7171"},{"taxonomy":"product_cat","embeddable":true,"href":"https:\/\/institutodependencia.edu.es\/pt\/wp-json\/wp\/v2\/product_cat?post=7171"},{"taxonomy":"product_tag","embeddable":true,"href":"https:\/\/institutodependencia.edu.es\/pt\/wp-json\/wp\/v2\/product_tag?post=7171"}],"curies":[{"name":"wp","href":"https:\/\/api.w.org\/{rel}","templated":true}]}}