{"id":7025,"date":"2024-12-02T15:33:31","date_gmt":"2024-12-02T15:33:31","guid":{"rendered":"https:\/\/institutodependencia.edu.es\/?post_type=product&#038;p=7025"},"modified":"2026-02-04T10:33:57","modified_gmt":"2026-02-04T10:33:57","slug":"fcom01-manipulacion-alimentaria-certificado-acofesal-2","status":"publish","type":"product","link":"https:\/\/institutodependencia.edu.es\/pt\/product\/fcom01-manipulacion-alimentaria-certificado-acofesal-2\/","title":{"rendered":"FCOM01- Manipula\u00e7\u00e3o de alimentos \u2013 \tCertifica\u00e7\u00e3o Acofesal"},"content":{"rendered":"<p>O curso aborda temas como a deteriora\u00e7\u00e3o de alimentos de origem animal e vegetal, os microrganismos respons\u00e1veis pela contamina\u00e7\u00e3o, infec\u00e7\u00f5es e intoxica\u00e7\u00f5es alimentares, medidas preventivas e doen\u00e7as relacionadas \u00e0 alimenta\u00e7\u00e3o.<\/p>\n<p>Os factores que afectam o crescimento de microrganismos tamb\u00e9m s\u00e3o explorados, as responsabilidades e o papel do manipulador de alimentos s\u00e3o detalhados e \u00e9 enfatizada a implementa\u00e7\u00e3o de sistemas eficazes e planos de higiene para garantir a rastreabilidade e a seguran\u00e7a alimentar. A certifica\u00e7\u00e3o ACOFESAL destaca-se como uma conquista na gest\u00e3o alimentar respons\u00e1vel.<\/p>","protected":false},"excerpt":{"rendered":"<p>Aprenda conceitos essenciais, classifica\u00e7\u00e3o e crit\u00e9rios de qualidade. Identifica e previne a deteriora\u00e7\u00e3o, inclui microrganismos respons\u00e1veis pela contamina\u00e7\u00e3o. Conhecer as responsabilidades do manipulador, implementar sistemas e planos de higiene para garantir a seguran\u00e7a e qualidade alimentar.<\/p>","protected":false},"featured_media":2664,"comment_status":"open","ping_status":"closed","template":"","meta":{"_jf_limit_responses":"","codigo-producto":"157-E","costo-gestion":"3.63"},"product_brand":[],"product_cat":[33],"product_tag":[],"class_list":{"0":"post-7025","1":"product","2":"type-product","3":"status-publish","4":"has-post-thumbnail","6":"product_cat-programado","8":"first","9":"instock","10":"virtual","11":"purchasable","12":"product-type-simple"},"_links":{"self":[{"href":"https:\/\/institutodependencia.edu.es\/pt\/wp-json\/wp\/v2\/product\/7025","targetHints":{"allow":["GET"]}}],"collection":[{"href":"https:\/\/institutodependencia.edu.es\/pt\/wp-json\/wp\/v2\/product"}],"about":[{"href":"https:\/\/institutodependencia.edu.es\/pt\/wp-json\/wp\/v2\/types\/product"}],"replies":[{"embeddable":true,"href":"https:\/\/institutodependencia.edu.es\/pt\/wp-json\/wp\/v2\/comments?post=7025"}],"version-history":[{"count":1,"href":"https:\/\/institutodependencia.edu.es\/pt\/wp-json\/wp\/v2\/product\/7025\/revisions"}],"predecessor-version":[{"id":7026,"href":"https:\/\/institutodependencia.edu.es\/pt\/wp-json\/wp\/v2\/product\/7025\/revisions\/7026"}],"wp:featuredmedia":[{"embeddable":true,"href":"https:\/\/institutodependencia.edu.es\/pt\/wp-json\/wp\/v2\/media\/2664"}],"wp:attachment":[{"href":"https:\/\/institutodependencia.edu.es\/pt\/wp-json\/wp\/v2\/media?parent=7025"}],"wp:term":[{"taxonomy":"product_brand","embeddable":true,"href":"https:\/\/institutodependencia.edu.es\/pt\/wp-json\/wp\/v2\/product_brand?post=7025"},{"taxonomy":"product_cat","embeddable":true,"href":"https:\/\/institutodependencia.edu.es\/pt\/wp-json\/wp\/v2\/product_cat?post=7025"},{"taxonomy":"product_tag","embeddable":true,"href":"https:\/\/institutodependencia.edu.es\/pt\/wp-json\/wp\/v2\/product_tag?post=7025"}],"curies":[{"name":"wp","href":"https:\/\/api.w.org\/{rel}","templated":true}]}}