{"id":6882,"date":"2024-10-21T09:06:05","date_gmt":"2024-10-21T09:06:05","guid":{"rendered":"https:\/\/institutodependencia.edu.es\/?post_type=product&#038;p=6882"},"modified":"2026-03-10T08:34:45","modified_gmt":"2026-03-10T08:34:45","slug":"lenguaje-inclusivo","status":"publish","type":"product","link":"https:\/\/institutodependencia.edu.es\/pt\/product\/lenguaje-inclusivo\/","title":{"rendered":"Lenguaje inclusivo"},"content":{"rendered":"<p>Mejora tu capacidad de comunicaci\u00f3n con nuestro curso \u00abLenguaje Inclusivo\u00bb, dise\u00f1ado para ense\u00f1arte a usar el lenguaje de forma consciente y respetuosa con la diversidad. A trav\u00e9s de este programa, aprender\u00e1s a tratar temas clave como el envejecimiento, la discapacidad y la salud mental, entre otros, con un enfoque inclusivo. Te proporcionaremos herramientas para adaptar tu discurso a distintas realidades y garantizar que todas las personas se sientan valoradas.<\/p>\n<p>Adem\u00e1s, exploraremos alternativas no sexistas en el lenguaje, ayud\u00e1ndote a promover la igualdad de g\u00e9nero en tu comunicaci\u00f3n cotidiana. Al finalizar el curso, estar\u00e1s preparado para contribuir activamente a la creaci\u00f3n de entornos m\u00e1s inclusivos y equitativos, tanto en tu vida personal como profesional. \u00a1Inscr\u00edbete y forma parte del cambio hacia una sociedad m\u00e1s justa y respetuosa!<\/p>","protected":false},"excerpt":{"rendered":"<p>\u00a1Desarrolla tu capacidad de comunicaci\u00f3n con nuestro curso \u00abLenguaje Inclusivo\u00bb! Aprende a utilizar el lenguaje de manera consciente y respetuosa hacia la diversidad, abordando temas como el envejecimiento, la discapacidad, la salud mental, etc.Descubre alternativas no sexistas para promover la igualdad de g\u00e9nero en tu discurso. \u00a1\u00danete y contribuye a crear un entorno m\u00e1s inclusivo y respetuoso!<\/p>","protected":false},"featured_media":6886,"comment_status":"open","ping_status":"closed","template":"","meta":{"_jf_limit_responses":"","codigo-producto":"2230-B","costo-gestion":"1.82"},"product_brand":[],"product_cat":[15],"product_tag":[],"class_list":{"0":"post-6882","1":"product","2":"type-product","3":"status-publish","4":"has-post-thumbnail","6":"product_cat-uncategorized","8":"first","9":"instock","10":"shipping-taxable","11":"purchasable","12":"product-type-simple"},"_links":{"self":[{"href":"https:\/\/institutodependencia.edu.es\/pt\/wp-json\/wp\/v2\/product\/6882","targetHints":{"allow":["GET"]}}],"collection":[{"href":"https:\/\/institutodependencia.edu.es\/pt\/wp-json\/wp\/v2\/product"}],"about":[{"href":"https:\/\/institutodependencia.edu.es\/pt\/wp-json\/wp\/v2\/types\/product"}],"replies":[{"embeddable":true,"href":"https:\/\/institutodependencia.edu.es\/pt\/wp-json\/wp\/v2\/comments?post=6882"}],"version-history":[{"count":3,"href":"https:\/\/institutodependencia.edu.es\/pt\/wp-json\/wp\/v2\/product\/6882\/revisions"}],"predecessor-version":[{"id":6887,"href":"https:\/\/institutodependencia.edu.es\/pt\/wp-json\/wp\/v2\/product\/6882\/revisions\/6887"}],"wp:featuredmedia":[{"embeddable":true,"href":"https:\/\/institutodependencia.edu.es\/pt\/wp-json\/wp\/v2\/media\/6886"}],"wp:attachment":[{"href":"https:\/\/institutodependencia.edu.es\/pt\/wp-json\/wp\/v2\/media?parent=6882"}],"wp:term":[{"taxonomy":"product_brand","embeddable":true,"href":"https:\/\/institutodependencia.edu.es\/pt\/wp-json\/wp\/v2\/product_brand?post=6882"},{"taxonomy":"product_cat","embeddable":true,"href":"https:\/\/institutodependencia.edu.es\/pt\/wp-json\/wp\/v2\/product_cat?post=6882"},{"taxonomy":"product_tag","embeddable":true,"href":"https:\/\/institutodependencia.edu.es\/pt\/wp-json\/wp\/v2\/product_tag?post=6882"}],"curies":[{"name":"wp","href":"https:\/\/api.w.org\/{rel}","templated":true}]}}