{"id":6877,"date":"2024-10-21T07:19:44","date_gmt":"2024-10-21T07:19:44","guid":{"rendered":"https:\/\/institutodependencia.edu.es\/?post_type=product&#038;p=6877"},"modified":"2024-10-21T07:21:30","modified_gmt":"2024-10-21T07:21:30","slug":"tecnicas-de-comunicacion-efectiva-2","status":"publish","type":"product","link":"https:\/\/institutodependencia.edu.es\/pt\/product\/tecnicas-de-comunicacion-efectiva-2\/","title":{"rendered":"T\u00e9cnicas de comunica\u00e7\u00e3o eficazes"},"content":{"rendered":"<p>Sum\u00e9rgete en el arte de la comunicaci\u00f3n efectiva con nuestro curso \u00abT\u00e9cnicas de Comunicaci\u00f3n Efectiva\u00bb. Conocer\u00e1s los conceptos esenciales de la comunicaci\u00f3n, explorando desde los fundamentos hasta la din\u00e1mica interpersonal. Aprender\u00e1s a construir conexiones s\u00f3lidas y a transmitir tu mensaje de manera clara y efectiva.<br \/>\nPerfeccionar\u00e1s tus habilidades individuales de comunicaci\u00f3n. Explorar\u00e1s la riqueza de la comunicaci\u00f3n no verbal, la importancia de la escucha activa y los componentes clave que impulsan una comunicaci\u00f3n exitosa. Abordar\u00e1s las barreras y filtros que pueden obstaculizar el proceso de comunicaci\u00f3n, y descubrir\u00e1s c\u00f3mo utilizar el feedback como una herramienta valiosa.<br \/>\nA trav\u00e9s de este curso abordar\u00e1s el conflicto en la comunicaci\u00f3n, entendiendo sus caracter\u00edsticas y aprendiendo estrategias efectivas para su gesti\u00f3n. Descubrir\u00e1s c\u00f3mo manejar conflictos en equipos de trabajo y aplicar\u00e1s t\u00e9cnicas de resoluci\u00f3n.<br \/>\nTambi\u00e9n aprender\u00e1s a tratar con personas dif\u00edciles, adquiriendo herramientas para transformar situaciones desafiantes en oportunidades de crecimiento y colaboraci\u00f3n. \u00a1Potencia tu habilidad comunicativa y destaca en cualquier entorno! \u00a1Inscr\u00edbete ahora!<\/p>","protected":false},"excerpt":{"rendered":"<p>Descubre el arte de comunicarte eficazmente con nuestro curso \u00abT\u00e9cnicas de Comunicaci\u00f3n Efectiva\u00bb. Aprender\u00e1s desde los fundamentos hasta la din\u00e1mica interpersonal, perfeccionando tus habilidades para transmitir mensajes claros y construir conexiones s\u00f3lidas. Explora la comunicaci\u00f3n no verbal, la escucha activa, y aprende a superar barreras y manejar conflictos. Adquiere herramientas para transformar situaciones dif\u00edciles en oportunidades de crecimiento. \u00a1Inscr\u00edbete y destaca en cualquier entorno!<\/p>","protected":false},"featured_media":6706,"comment_status":"open","ping_status":"closed","template":"","meta":{"_jf_limit_responses":"","codigo-producto":"1000-C","costo-gestion":""},"product_brand":[],"product_cat":[15],"product_tag":[],"class_list":{"0":"post-6877","1":"product","2":"type-product","3":"status-publish","4":"has-post-thumbnail","6":"product_cat-uncategorized","8":"first","9":"instock","10":"shipping-taxable","11":"purchasable","12":"product-type-simple"},"_links":{"self":[{"href":"https:\/\/institutodependencia.edu.es\/pt\/wp-json\/wp\/v2\/product\/6877","targetHints":{"allow":["GET"]}}],"collection":[{"href":"https:\/\/institutodependencia.edu.es\/pt\/wp-json\/wp\/v2\/product"}],"about":[{"href":"https:\/\/institutodependencia.edu.es\/pt\/wp-json\/wp\/v2\/types\/product"}],"replies":[{"embeddable":true,"href":"https:\/\/institutodependencia.edu.es\/pt\/wp-json\/wp\/v2\/comments?post=6877"}],"version-history":[{"count":1,"href":"https:\/\/institutodependencia.edu.es\/pt\/wp-json\/wp\/v2\/product\/6877\/revisions"}],"predecessor-version":[{"id":6878,"href":"https:\/\/institutodependencia.edu.es\/pt\/wp-json\/wp\/v2\/product\/6877\/revisions\/6878"}],"wp:featuredmedia":[{"embeddable":true,"href":"https:\/\/institutodependencia.edu.es\/pt\/wp-json\/wp\/v2\/media\/6706"}],"wp:attachment":[{"href":"https:\/\/institutodependencia.edu.es\/pt\/wp-json\/wp\/v2\/media?parent=6877"}],"wp:term":[{"taxonomy":"product_brand","embeddable":true,"href":"https:\/\/institutodependencia.edu.es\/pt\/wp-json\/wp\/v2\/product_brand?post=6877"},{"taxonomy":"product_cat","embeddable":true,"href":"https:\/\/institutodependencia.edu.es\/pt\/wp-json\/wp\/v2\/product_cat?post=6877"},{"taxonomy":"product_tag","embeddable":true,"href":"https:\/\/institutodependencia.edu.es\/pt\/wp-json\/wp\/v2\/product_tag?post=6877"}],"curies":[{"name":"wp","href":"https:\/\/api.w.org\/{rel}","templated":true}]}}