{"id":6806,"date":"2024-09-16T13:32:21","date_gmt":"2024-09-16T13:32:21","guid":{"rendered":"https:\/\/institutodependencia.edu.es\/?post_type=product&#038;p=6806"},"modified":"2024-09-19T13:48:29","modified_gmt":"2024-09-19T13:48:29","slug":"ia-generativa-para-profesionales-de-la-salud","status":"publish","type":"product","link":"https:\/\/institutodependencia.edu.es\/pt\/product\/ia-generativa-para-profesionales-de-la-salud\/","title":{"rendered":"Inteligencia Artificial generativa para profesionales de la salud"},"content":{"rendered":"<p>Este curso te brindar\u00e1 una comprensi\u00f3n integral de c\u00f3mo la Inteligencia Artificial (IA) est\u00e1 revolucionando el sector de la salud. A trav\u00e9s de un enfoque pr\u00e1ctico, aprender\u00e1s desde los conceptos b\u00e1sicos de la IA hasta su evoluci\u00f3n hacia modelos avanzados como ChatGPT, con un \u00e9nfasis especial en sus aplicaciones en el diagn\u00f3stico, tratamiento de pacientes y optimizaci\u00f3n de flujos de trabajo cl\u00ednicos. Adem\u00e1s de explorar las diversas oportunidades que estas tecnolog\u00edas ofrecen, se har\u00e1 hincapi\u00e9 en c\u00f3mo utilizar eficazmente herramientas de IA en el d\u00eda a d\u00eda, mejorando tanto la precisi\u00f3n en la toma de decisiones como la eficiencia operativa.<\/p>\n<p>El curso tambi\u00e9n profundiza en los desaf\u00edos \u00e9ticos y las limitaciones que implica el uso de la IA en la salud, asegurando que los profesionales adquieran una visi\u00f3n equilibrada y responsable sobre su implementaci\u00f3n. Con ejemplos reales y casos de estudio, los participantes podr\u00e1n familiarizarse con los beneficios que estas herramientas aportan, sin perder de vista la importancia de la privacidad y la seguridad de los datos. Est\u00e1 especialmente diseado para profesionales que desean mantenerse a la vanguardia de la tecnolog\u00eda en el \u00e1mbito sanitario, mejorando sus habilidades y conocimientos en este campo en r\u00e1pida expansi\u00f3n.<\/p>","protected":false},"excerpt":{"rendered":"<p>\u00bfQuieres estar a la vanguardia de la tecnolog\u00eda en el \u00e1mbito asistencial? Con nuestro curso aprender\u00e1s los <strong>fundamentos de la Inteligencia Artificial Generativa<\/strong> y c\u00f3mo aplicarla en tu pr\u00e1ctica diaria para mejorar la <strong>eficiencia<\/strong> e <strong>calidad de los cuidados y apoyos a las personas usuarias que atiendes. <\/strong>Este curso te aportar\u00e1 una <strong>comprensi\u00f3n te\u00f3rico-pr\u00e1ctica<\/strong> sobre c\u00f3mo esta tecnolog\u00eda puede transformar la calidad asistencial de los centros.<\/p>\n<p>No te quedes atr\u00e1s y \u00fanete al futuro de la Innovaci\u00f3n Asistencial<\/p>","protected":false},"featured_media":6818,"comment_status":"open","ping_status":"closed","template":"","meta":{"_jf_limit_responses":"","codigo-producto":"2315-A","costo-gestion":"13.61"},"product_brand":[],"product_cat":[15],"product_tag":[],"class_list":{"0":"post-6806","1":"product","2":"type-product","3":"status-publish","4":"has-post-thumbnail","6":"product_cat-uncategorized","8":"first","9":"instock","10":"shipping-taxable","11":"purchasable","12":"product-type-simple"},"_links":{"self":[{"href":"https:\/\/institutodependencia.edu.es\/pt\/wp-json\/wp\/v2\/product\/6806","targetHints":{"allow":["GET"]}}],"collection":[{"href":"https:\/\/institutodependencia.edu.es\/pt\/wp-json\/wp\/v2\/product"}],"about":[{"href":"https:\/\/institutodependencia.edu.es\/pt\/wp-json\/wp\/v2\/types\/product"}],"replies":[{"embeddable":true,"href":"https:\/\/institutodependencia.edu.es\/pt\/wp-json\/wp\/v2\/comments?post=6806"}],"version-history":[{"count":4,"href":"https:\/\/institutodependencia.edu.es\/pt\/wp-json\/wp\/v2\/product\/6806\/revisions"}],"predecessor-version":[{"id":6827,"href":"https:\/\/institutodependencia.edu.es\/pt\/wp-json\/wp\/v2\/product\/6806\/revisions\/6827"}],"wp:featuredmedia":[{"embeddable":true,"href":"https:\/\/institutodependencia.edu.es\/pt\/wp-json\/wp\/v2\/media\/6818"}],"wp:attachment":[{"href":"https:\/\/institutodependencia.edu.es\/pt\/wp-json\/wp\/v2\/media?parent=6806"}],"wp:term":[{"taxonomy":"product_brand","embeddable":true,"href":"https:\/\/institutodependencia.edu.es\/pt\/wp-json\/wp\/v2\/product_brand?post=6806"},{"taxonomy":"product_cat","embeddable":true,"href":"https:\/\/institutodependencia.edu.es\/pt\/wp-json\/wp\/v2\/product_cat?post=6806"},{"taxonomy":"product_tag","embeddable":true,"href":"https:\/\/institutodependencia.edu.es\/pt\/wp-json\/wp\/v2\/product_tag?post=6806"}],"curies":[{"name":"wp","href":"https:\/\/api.w.org\/{rel}","templated":true}]}}