{"id":6698,"date":"2024-07-30T12:11:44","date_gmt":"2024-07-30T12:11:44","guid":{"rendered":"https:\/\/institutodependencia.edu.es\/?post_type=product&#038;p=6698"},"modified":"2025-06-04T10:04:20","modified_gmt":"2025-06-04T10:04:20","slug":"buen-trato","status":"publish","type":"product","link":"https:\/\/institutodependencia.edu.es\/pt\/product\/buen-trato\/","title":{"rendered":"Bom trato"},"content":{"rendered":"<p>\u00a1Descubre el camino hacia un entorno de cuidado enriquecedor con nuestro curso \u00abBuen Trato\u00bb! Gracias a este curso te sumergir\u00e1s en la conceptualizaci\u00f3n del buen trato hacia las personas mayores en instituciones. Desde el cambio en el modelo de cuidado de larga duraci\u00f3n hasta los principios fundamentales de la atenci\u00f3n centrada en la persona, explorar\u00e1s en detalle c\u00f3mo aplicar el buen trato en todas las dimensiones. Con tipolog\u00edas espec\u00edficas, como la no victimizaci\u00f3n, personalizaci\u00f3n, humanizaci\u00f3n y evitar la infantilizaci\u00f3n, aprender\u00e1s a brindar cuidado con sensibilidad y respeto.<br \/>\nDesentra\u00f1ar\u00e1s a su vez los factores que favorecen u obstaculizan el buen trato. Analizando aspectos relacionados con los residentes, profesionales y el contexto, obtendr\u00e1s una comprensi\u00f3n integral de las din\u00e1micas que influyen en la calidad del trato dispensado.<br \/>\nEste curso te proporcionar\u00e1 valiosas estrategias para fomentar el buen trato. Desde medidas preventivas hasta acciones espec\u00edficas para garantizar el bienestar de las personas mayores, podr\u00e1s dotarte de herramientas pr\u00e1cticas y conocimientos s\u00f3lidos.<br \/>\n\u00danete a nosotros y contribuye a construir entornos de cuidado donde el respeto y la empat\u00eda son fundamentales. \u00a1Inscr\u00edbete ahora y haz la diferencia en la vida de quienes m\u00e1s lo necesitan!<\/p>","protected":false},"excerpt":{"rendered":"<p>Descubre c\u00f3mo crear un entorno de cuidado enriquecedor con nuestro curso \u00abBuen Trato\u00bb. Aprender\u00e1s a aplicar el buen trato hacia las personas mayores en instituciones, explorando el cambio en el modelo de cuidado y los principios de atenci\u00f3n centrada en la persona. Conocer\u00e1s tipolog\u00edas como la no victimizaci\u00f3n, personalizaci\u00f3n y humanizaci\u00f3n, y evitar\u00e1s la infantilizaci\u00f3n. Analizar\u00e1s factores que influyen en la calidad del trato y obtendr\u00e1s estrategias para fomentar el bienestar de los mayores. \u00danete y contribuye a construir entornos de cuidado respetuosos y emp\u00e1ticos. \u00a1Inscr\u00edbete ahora y marca la diferencia!<\/p>","protected":false},"featured_media":6699,"comment_status":"open","ping_status":"closed","template":"","meta":{"_jf_limit_responses":"","codigo-producto":"2089-A","costo-gestion":"3.63"},"product_brand":[],"product_cat":[15],"product_tag":[],"class_list":{"0":"post-6698","1":"product","2":"type-product","3":"status-publish","4":"has-post-thumbnail","6":"product_cat-uncategorized","8":"first","9":"instock","10":"shipping-taxable","11":"purchasable","12":"product-type-simple"},"_links":{"self":[{"href":"https:\/\/institutodependencia.edu.es\/pt\/wp-json\/wp\/v2\/product\/6698","targetHints":{"allow":["GET"]}}],"collection":[{"href":"https:\/\/institutodependencia.edu.es\/pt\/wp-json\/wp\/v2\/product"}],"about":[{"href":"https:\/\/institutodependencia.edu.es\/pt\/wp-json\/wp\/v2\/types\/product"}],"replies":[{"embeddable":true,"href":"https:\/\/institutodependencia.edu.es\/pt\/wp-json\/wp\/v2\/comments?post=6698"}],"version-history":[{"count":1,"href":"https:\/\/institutodependencia.edu.es\/pt\/wp-json\/wp\/v2\/product\/6698\/revisions"}],"predecessor-version":[{"id":6700,"href":"https:\/\/institutodependencia.edu.es\/pt\/wp-json\/wp\/v2\/product\/6698\/revisions\/6700"}],"wp:featuredmedia":[{"embeddable":true,"href":"https:\/\/institutodependencia.edu.es\/pt\/wp-json\/wp\/v2\/media\/6699"}],"wp:attachment":[{"href":"https:\/\/institutodependencia.edu.es\/pt\/wp-json\/wp\/v2\/media?parent=6698"}],"wp:term":[{"taxonomy":"product_brand","embeddable":true,"href":"https:\/\/institutodependencia.edu.es\/pt\/wp-json\/wp\/v2\/product_brand?post=6698"},{"taxonomy":"product_cat","embeddable":true,"href":"https:\/\/institutodependencia.edu.es\/pt\/wp-json\/wp\/v2\/product_cat?post=6698"},{"taxonomy":"product_tag","embeddable":true,"href":"https:\/\/institutodependencia.edu.es\/pt\/wp-json\/wp\/v2\/product_tag?post=6698"}],"curies":[{"name":"wp","href":"https:\/\/api.w.org\/{rel}","templated":true}]}}