{"id":6610,"date":"2024-07-01T07:51:28","date_gmt":"2024-07-01T07:51:28","guid":{"rendered":"https:\/\/institutodependencia.edu.es\/?post_type=product&#038;p=6610"},"modified":"2024-11-26T15:17:32","modified_gmt":"2024-11-26T15:17:32","slug":"curso-de-especializacion-en-alteraciones-psiquicas-en-personas-mayores","status":"publish","type":"product","link":"https:\/\/institutodependencia.edu.es\/pt\/product\/curso-de-especializacion-en-alteraciones-psiquicas-en-personas-mayores\/","title":{"rendered":"Curso de especializa\u00e7\u00e3o em transtornos psicol\u00f3gicos em idosos"},"content":{"rendered":"<p>Neste curso de especializa\u00e7\u00e3o em dist\u00farbios psicol\u00f3gicos em idosos, voc\u00ea conhecer\u00e1 as principais patologias que afetam as capacidades psicol\u00f3gicas dos idosos, bem como os tratamentos mais indicados. Voc\u00ea aprender\u00e1 sobre os sintomas, causas e consequ\u00eancias dessas patologias e desenvolver\u00e1 habilidades para implementar estrat\u00e9gias de interven\u00e7\u00e3o eficazes. Este curso foi desenvolvido para fornecer uma compreens\u00e3o profunda dos dist\u00farbios psicol\u00f3gicos em idosos e melhorar a qualidade de vida dos idosos por meio de uma abordagem abrangente e personalizada.<\/p>","protected":false},"excerpt":{"rendered":"<p>Com este curso voc\u00ea conhecer\u00e1 as principais patologias que afetam as capacidades ps\u00edquicas dos idosos, bem como os tratamentos mais indicados.<\/p>","protected":false},"featured_media":6613,"comment_status":"open","ping_status":"closed","template":"","meta":{"_jf_limit_responses":"","codigo-producto":"","costo-gestion":"36.30"},"product_brand":[],"product_cat":[15],"product_tag":[],"class_list":{"0":"post-6610","1":"product","2":"type-product","3":"status-publish","4":"has-post-thumbnail","6":"product_cat-uncategorized","8":"first","9":"instock","10":"shipping-taxable","11":"purchasable","12":"product-type-simple"},"_links":{"self":[{"href":"https:\/\/institutodependencia.edu.es\/pt\/wp-json\/wp\/v2\/product\/6610","targetHints":{"allow":["GET"]}}],"collection":[{"href":"https:\/\/institutodependencia.edu.es\/pt\/wp-json\/wp\/v2\/product"}],"about":[{"href":"https:\/\/institutodependencia.edu.es\/pt\/wp-json\/wp\/v2\/types\/product"}],"replies":[{"embeddable":true,"href":"https:\/\/institutodependencia.edu.es\/pt\/wp-json\/wp\/v2\/comments?post=6610"}],"version-history":[{"count":2,"href":"https:\/\/institutodependencia.edu.es\/pt\/wp-json\/wp\/v2\/product\/6610\/revisions"}],"predecessor-version":[{"id":6625,"href":"https:\/\/institutodependencia.edu.es\/pt\/wp-json\/wp\/v2\/product\/6610\/revisions\/6625"}],"wp:featuredmedia":[{"embeddable":true,"href":"https:\/\/institutodependencia.edu.es\/pt\/wp-json\/wp\/v2\/media\/6613"}],"wp:attachment":[{"href":"https:\/\/institutodependencia.edu.es\/pt\/wp-json\/wp\/v2\/media?parent=6610"}],"wp:term":[{"taxonomy":"product_brand","embeddable":true,"href":"https:\/\/institutodependencia.edu.es\/pt\/wp-json\/wp\/v2\/product_brand?post=6610"},{"taxonomy":"product_cat","embeddable":true,"href":"https:\/\/institutodependencia.edu.es\/pt\/wp-json\/wp\/v2\/product_cat?post=6610"},{"taxonomy":"product_tag","embeddable":true,"href":"https:\/\/institutodependencia.edu.es\/pt\/wp-json\/wp\/v2\/product_tag?post=6610"}],"curies":[{"name":"wp","href":"https:\/\/api.w.org\/{rel}","templated":true}]}}